{"id":4573,"date":"2020-10-03T15:28:37","date_gmt":"2020-10-03T13:28:37","guid":{"rendered":"https:\/\/jrberlioz.com\/fr\/?post_type=product&#038;p=4573"},"modified":"2022-07-21T19:28:03","modified_gmt":"2022-07-21T17:28:03","slug":"serie-matieres-vibrantes-sans-titre-9-2016","status":"publish","type":"product","link":"https:\/\/jrberlioz.com\/fr\/?product=serie-matieres-vibrantes-sans-titre-9-2016","title":{"rendered":"S\u00e9rie : \u00ab MATIERES VIBRANTES \u00bb &#8211; Sans titre 9, 2016."},"content":{"rendered":"<ul>\n<li>24X35 cm (40X50 cm sous passepartout) &#8211; Tirage argentique noir et blanc. Papier baryt\u00e9 brillant, 2021. 1\/10.<\/li>\n<li>32X46 cm (50X60 cm sous passepartout) &#8211; Tirage argentique noir et blanc. Papier baryt\u00e9 brillant, 2020. 1\/8.<\/li>\n<li>50X70 cm (70X90 cm, encadr\u00e9) &#8211; Impression pigmentaire contrecoll\u00e9e sur dibond alu.Tirage noir et blanc r\u00e9alis\u00e9 \u00e0 partir d\u2019un n\u00e9gatif argentique. Papier Canson baryt\u00e9 Prestige, 2021. 1\/6.<\/li>\n<\/ul>\n","protected":false},"excerpt":{"rendered":"<ul>\n<li>24X35 cm (40X50 cm sous passepartout) &#8211; Tirage argentique noir et blanc. Papier baryt\u00e9 brillant, 2021. 1\/10.<\/li>\n<li>32X46 cm (50X60 cm sous passepartout) &#8211; Tirage argentique noir et blanc. Papier baryt\u00e9 brillant, 2020. 1\/8.<\/li>\n<li>50X70 cm (70X90 cm, encadr\u00e9) &#8211; Impression pigmentaire contrecoll\u00e9e sur dibond alu.Tirage noir et blanc r\u00e9alis\u00e9 \u00e0 partir d\u2019un n\u00e9gatif argentique. Papier Canson baryt\u00e9 Prestige, 2021. 1\/6.<\/li>\n<\/ul>\n","protected":false},"featured_media":4529,"comment_status":"closed","ping_status":"closed","template":"","meta":[],"product_brand":[],"product_cat":[36],"product_tag":[],"class_list":{"0":"post-4573","1":"product","2":"type-product","3":"status-publish","4":"has-post-thumbnail","6":"product_cat-matieres-vibrantes-j-r-berlioz","8":"first","9":"instock","10":"shipping-taxable","11":"purchasable","12":"product-type-variable"},"_links":{"self":[{"href":"https:\/\/jrberlioz.com\/fr\/index.php?rest_route=\/wp\/v2\/product\/4573","targetHints":{"allow":["GET"]}}],"collection":[{"href":"https:\/\/jrberlioz.com\/fr\/index.php?rest_route=\/wp\/v2\/product"}],"about":[{"href":"https:\/\/jrberlioz.com\/fr\/index.php?rest_route=\/wp\/v2\/types\/product"}],"replies":[{"embeddable":true,"href":"https:\/\/jrberlioz.com\/fr\/index.php?rest_route=%2Fwp%2Fv2%2Fcomments&post=4573"}],"wp:featuredmedia":[{"embeddable":true,"href":"https:\/\/jrberlioz.com\/fr\/index.php?rest_route=\/wp\/v2\/media\/4529"}],"wp:attachment":[{"href":"https:\/\/jrberlioz.com\/fr\/index.php?rest_route=%2Fwp%2Fv2%2Fmedia&parent=4573"}],"wp:term":[{"taxonomy":"product_brand","embeddable":true,"href":"https:\/\/jrberlioz.com\/fr\/index.php?rest_route=%2Fwp%2Fv2%2Fproduct_brand&post=4573"},{"taxonomy":"product_cat","embeddable":true,"href":"https:\/\/jrberlioz.com\/fr\/index.php?rest_route=%2Fwp%2Fv2%2Fproduct_cat&post=4573"},{"taxonomy":"product_tag","embeddable":true,"href":"https:\/\/jrberlioz.com\/fr\/index.php?rest_route=%2Fwp%2Fv2%2Fproduct_tag&post=4573"}],"curies":[{"name":"wp","href":"https:\/\/api.w.org\/{rel}","templated":true}]}}