{"id":2121,"date":"2020-01-29T16:59:26","date_gmt":"2020-01-29T15:59:26","guid":{"rendered":"http:\/\/jrberlioz.com\/fr\/?post_type=product&#038;p=2121"},"modified":"2022-07-21T19:36:42","modified_gmt":"2022-07-21T17:36:42","slug":"serie-matieres-vibrantes-sans-titre-7-2015","status":"publish","type":"product","link":"https:\/\/jrberlioz.com\/fr\/?product=serie-matieres-vibrantes-sans-titre-7-2015","title":{"rendered":"S\u00e9rie : \u00ab LA MESURE DES \u00c2GES DE LA VIE \u00bb &#8211; Sans titre 1, 2011."},"content":{"rendered":"<ul>\n<li>24X35 cm (40X50 cm sous passepartout) &#8211; Tirage argentique noir et blanc. Papier baryt\u00e9 brillant, 2012. 1\/10.<\/li>\n<li>32X46 cm (50X60 cm sous passepartout) &#8211; Tirage argentique noir et blanc. Papier baryt\u00e9 brillant, 2020. 1\/8.<\/li>\n<li>50X70 cm (70X90 cm, encadr\u00e9) &#8211; Impression pigmentaire contrecoll\u00e9e sur dibond alu.Tirage noir et blanc r\u00e9alis\u00e9 \u00e0 partir d\u2019un n\u00e9gatif argentique. Papier Canson baryt\u00e9 Prestige, 2020. 1\/6.<\/li>\n<\/ul>\n","protected":false},"excerpt":{"rendered":"<ul>\n<li>24X35 cm (40X50 cm sous passepartout) &#8211; Tirage argentique noir et blanc. Papier baryt\u00e9 brillant, 2012. 1\/10.<\/li>\n<li>32X46 cm (50X60 cm sous passepartout) &#8211; Tirage argentique noir et blanc. Papier baryt\u00e9 brillant, 2020. 1\/8.<\/li>\n<li>50X70 cm (70X90 cm, encadr\u00e9) &#8211; Impression pigmentaire contrecoll\u00e9e sur dibond alu.Tirage noir et blanc r\u00e9alis\u00e9 \u00e0 partir d\u2019un n\u00e9gatif argentique. Papier Canson baryt\u00e9 Prestige, 2020. 1\/6.<\/li>\n<\/ul>\n","protected":false},"featured_media":960,"comment_status":"closed","ping_status":"closed","template":"","meta":[],"product_brand":[],"product_cat":[50],"product_tag":[],"class_list":{"0":"post-2121","1":"product","2":"type-product","3":"status-publish","4":"has-post-thumbnail","6":"product_cat-la-mesure-des-ages-de-la-vie-j-r-berlioz","8":"first","9":"instock","10":"shipping-taxable","11":"purchasable","12":"product-type-variable"},"_links":{"self":[{"href":"https:\/\/jrberlioz.com\/fr\/index.php?rest_route=\/wp\/v2\/product\/2121","targetHints":{"allow":["GET"]}}],"collection":[{"href":"https:\/\/jrberlioz.com\/fr\/index.php?rest_route=\/wp\/v2\/product"}],"about":[{"href":"https:\/\/jrberlioz.com\/fr\/index.php?rest_route=\/wp\/v2\/types\/product"}],"replies":[{"embeddable":true,"href":"https:\/\/jrberlioz.com\/fr\/index.php?rest_route=%2Fwp%2Fv2%2Fcomments&post=2121"}],"wp:featuredmedia":[{"embeddable":true,"href":"https:\/\/jrberlioz.com\/fr\/index.php?rest_route=\/wp\/v2\/media\/960"}],"wp:attachment":[{"href":"https:\/\/jrberlioz.com\/fr\/index.php?rest_route=%2Fwp%2Fv2%2Fmedia&parent=2121"}],"wp:term":[{"taxonomy":"product_brand","embeddable":true,"href":"https:\/\/jrberlioz.com\/fr\/index.php?rest_route=%2Fwp%2Fv2%2Fproduct_brand&post=2121"},{"taxonomy":"product_cat","embeddable":true,"href":"https:\/\/jrberlioz.com\/fr\/index.php?rest_route=%2Fwp%2Fv2%2Fproduct_cat&post=2121"},{"taxonomy":"product_tag","embeddable":true,"href":"https:\/\/jrberlioz.com\/fr\/index.php?rest_route=%2Fwp%2Fv2%2Fproduct_tag&post=2121"}],"curies":[{"name":"wp","href":"https:\/\/api.w.org\/{rel}","templated":true}]}}