{"id":735,"date":"2017-11-15T21:41:19","date_gmt":"2017-11-15T20:41:19","guid":{"rendered":"http:\/\/jrberlioz.com\/fr\/?page_id=735"},"modified":"2021-06-20T16:47:17","modified_gmt":"2021-06-20T14:47:17","slug":"etat-de-fusion","status":"publish","type":"page","link":"https:\/\/jrberlioz.com\/fr\/?page_id=735","title":{"rendered":"LA MESURE DES AGES DE LA VIE"},"content":{"rendered":"\t\t<div data-elementor-type=\"wp-page\" data-elementor-id=\"735\" class=\"elementor elementor-735\">\n\t\t\t\t\t\t<section class=\"elementor-section elementor-top-section elementor-element elementor-element-2484ec0b elementor-section-boxed elementor-section-height-default elementor-section-height-default\" data-id=\"2484ec0b\" data-element_type=\"section\" data-e-type=\"section\">\n\t\t\t\t\t\t<div class=\"elementor-container elementor-column-gap-default\">\n\t\t\t\t\t<div class=\"elementor-column elementor-col-100 elementor-top-column elementor-element elementor-element-2db0b882\" data-id=\"2db0b882\" data-element_type=\"column\" data-e-type=\"column\">\n\t\t\t<div class=\"elementor-widget-wrap\">\n\t\t\t\t\t\t\t<\/div>\n\t\t<\/div>\n\t\t\t\t\t<\/div>\n\t\t<\/section>\n\t\t\t\t<section class=\"elementor-section elementor-top-section elementor-element elementor-element-a36a56a elementor-section-boxed elementor-section-height-default elementor-section-height-default\" data-id=\"a36a56a\" data-element_type=\"section\" data-e-type=\"section\">\n\t\t\t\t\t\t<div class=\"elementor-container elementor-column-gap-default\">\n\t\t\t\t\t<div class=\"elementor-column elementor-col-100 elementor-top-column elementor-element elementor-element-c399497\" data-id=\"c399497\" data-element_type=\"column\" data-e-type=\"column\">\n\t\t\t<div class=\"elementor-widget-wrap elementor-element-populated\">\n\t\t\t\t\t\t<div class=\"elementor-element elementor-element-50de878 elementor-widget elementor-widget-image-gallery\" data-id=\"50de878\" data-element_type=\"widget\" data-e-type=\"widget\" data-widget_type=\"image-gallery.default\">\n\t\t\t\t<div class=\"elementor-widget-container\">\n\t\t\t\t\t\t\t<div class=\"elementor-image-gallery\">\n\t\t\t<div id='gallery-1' class='gallery galleryid-735 gallery-columns-3 gallery-size-medium'><figure class='gallery-item'>\n\t\t\t<div class='gallery-icon landscape'>\n\t\t\t\t<a data-elementor-open-lightbox=\"yes\" data-elementor-lightbox-slideshow=\"50de878\" data-elementor-lightbox-title=\"img004\" data-e-action-hash=\"#elementor-action%3Aaction%3Dlightbox%26settings%3DeyJpZCI6OTYwLCJ1cmwiOiJodHRwczpcL1wvanJiZXJsaW96LmNvbVwvZnJcL3dwLWNvbnRlbnRcL3VwbG9hZHNcLzIwMThcLzExXC9pbWcwMDQtZTE1NDE1MzE2NzY2NDUuanBnIiwic2xpZGVzaG93IjoiNTBkZTg3OCJ9\" href='https:\/\/jrberlioz.com\/fr\/wp-content\/uploads\/2018\/11\/img004-e1541531676645.jpg'><img fetchpriority=\"high\" decoding=\"async\" width=\"300\" height=\"211\" src=\"https:\/\/jrberlioz.com\/fr\/wp-content\/uploads\/2018\/11\/img004-300x211.jpg\" class=\"attachment-medium size-medium\" alt=\"\" aria-describedby=\"gallery-1-960\" srcset=\"https:\/\/jrberlioz.com\/fr\/wp-content\/uploads\/2018\/11\/img004-300x211.jpg 300w, https:\/\/jrberlioz.com\/fr\/wp-content\/uploads\/2018\/11\/img004-e1541531676645-600x423.jpg 600w, https:\/\/jrberlioz.com\/fr\/wp-content\/uploads\/2018\/11\/img004-768x541.jpg 768w, https:\/\/jrberlioz.com\/fr\/wp-content\/uploads\/2018\/11\/img004-1024x722.jpg 1024w, https:\/\/jrberlioz.com\/fr\/wp-content\/uploads\/2018\/11\/img004-e1541531676645.jpg 2000w\" sizes=\"(max-width: 300px) 100vw, 300px\" \/><\/a>\n\t\t\t<\/div>\n\t\t\t\t<figcaption class='wp-caption-text gallery-caption' id='gallery-1-960'>\n\t\t\t\tSans titre 1\n\t\t\t\t<\/figcaption><\/figure><figure class='gallery-item'>\n\t\t\t<div class='gallery-icon landscape'>\n\t\t\t\t<a data-elementor-open-lightbox=\"yes\" data-elementor-lightbox-slideshow=\"50de878\" data-elementor-lightbox-title=\"img003\" data-e-action-hash=\"#elementor-action%3Aaction%3Dlightbox%26settings%3DeyJpZCI6OTY0LCJ1cmwiOiJodHRwczpcL1wvanJiZXJsaW96LmNvbVwvZnJcL3dwLWNvbnRlbnRcL3VwbG9hZHNcLzIwMThcLzExXC9pbWcwMDMtMS1lMTU0MTk2MTcwODEyNC5qcGciLCJzbGlkZXNob3ciOiI1MGRlODc4In0%3D\" href='https:\/\/jrberlioz.com\/fr\/wp-content\/uploads\/2018\/11\/img003-1-e1541961708124.jpg'><img decoding=\"async\" width=\"300\" height=\"211\" src=\"https:\/\/jrberlioz.com\/fr\/wp-content\/uploads\/2018\/11\/img003-1-300x211.jpg\" class=\"attachment-medium size-medium\" alt=\"\" aria-describedby=\"gallery-1-964\" srcset=\"https:\/\/jrberlioz.com\/fr\/wp-content\/uploads\/2018\/11\/img003-1-300x211.jpg 300w, https:\/\/jrberlioz.com\/fr\/wp-content\/uploads\/2018\/11\/img003-1-e1541961708124-600x421.jpg 600w, https:\/\/jrberlioz.com\/fr\/wp-content\/uploads\/2018\/11\/img003-1-768x539.jpg 768w, https:\/\/jrberlioz.com\/fr\/wp-content\/uploads\/2018\/11\/img003-1-1024x719.jpg 1024w, https:\/\/jrberlioz.com\/fr\/wp-content\/uploads\/2018\/11\/img003-1-e1541961708124.jpg 1900w\" sizes=\"(max-width: 300px) 100vw, 300px\" \/><\/a>\n\t\t\t<\/div>\n\t\t\t\t<figcaption class='wp-caption-text gallery-caption' id='gallery-1-964'>\n\t\t\t\tSans titre 2\n\t\t\t\t<\/figcaption><\/figure><figure class='gallery-item'>\n\t\t\t<div class='gallery-icon landscape'>\n\t\t\t\t<a data-elementor-open-lightbox=\"yes\" data-elementor-lightbox-slideshow=\"50de878\" data-elementor-lightbox-title=\"img007\" data-e-action-hash=\"#elementor-action%3Aaction%3Dlightbox%26settings%3DeyJpZCI6OTAxLCJ1cmwiOiJodHRwczpcL1wvanJiZXJsaW96LmNvbVwvZnJcL3dwLWNvbnRlbnRcL3VwbG9hZHNcLzIwMThcLzA3XC9pbWcwMDctZTE1MzE4NDkyNTE4MjMuanBnIiwic2xpZGVzaG93IjoiNTBkZTg3OCJ9\" href='https:\/\/jrberlioz.com\/fr\/wp-content\/uploads\/2018\/07\/img007-e1531849251823.jpg'><img decoding=\"async\" width=\"300\" height=\"211\" src=\"https:\/\/jrberlioz.com\/fr\/wp-content\/uploads\/2018\/07\/img007-300x211.jpg\" class=\"attachment-medium size-medium\" alt=\"\" aria-describedby=\"gallery-1-901\" srcset=\"https:\/\/jrberlioz.com\/fr\/wp-content\/uploads\/2018\/07\/img007-300x211.jpg 300w, https:\/\/jrberlioz.com\/fr\/wp-content\/uploads\/2018\/07\/img007-e1531849251823-600x423.jpg 600w, https:\/\/jrberlioz.com\/fr\/wp-content\/uploads\/2018\/07\/img007-768x541.jpg 768w, https:\/\/jrberlioz.com\/fr\/wp-content\/uploads\/2018\/07\/img007-1024x722.jpg 1024w, https:\/\/jrberlioz.com\/fr\/wp-content\/uploads\/2018\/07\/img007-e1531849251823.jpg 1200w\" sizes=\"(max-width: 300px) 100vw, 300px\" \/><\/a>\n\t\t\t<\/div>\n\t\t\t\t<figcaption class='wp-caption-text gallery-caption' id='gallery-1-901'>\n\t\t\t\tSans titre 3\n\t\t\t\t<\/figcaption><\/figure><figure class='gallery-item'>\n\t\t\t<div class='gallery-icon landscape'>\n\t\t\t\t<a data-elementor-open-lightbox=\"yes\" data-elementor-lightbox-slideshow=\"50de878\" data-elementor-lightbox-title=\"img006\" data-e-action-hash=\"#elementor-action%3Aaction%3Dlightbox%26settings%3DeyJpZCI6OTAwLCJ1cmwiOiJodHRwczpcL1wvanJiZXJsaW96LmNvbVwvZnJcL3dwLWNvbnRlbnRcL3VwbG9hZHNcLzIwMThcLzA3XC9pbWcwMDYtMS1lMTUzMTg0OTI3MjQ5OC5qcGciLCJzbGlkZXNob3ciOiI1MGRlODc4In0%3D\" href='https:\/\/jrberlioz.com\/fr\/wp-content\/uploads\/2018\/07\/img006-1-e1531849272498.jpg'><img loading=\"lazy\" decoding=\"async\" width=\"300\" height=\"209\" src=\"https:\/\/jrberlioz.com\/fr\/wp-content\/uploads\/2018\/07\/img006-1-300x209.jpg\" class=\"attachment-medium size-medium\" alt=\"\" aria-describedby=\"gallery-1-900\" srcset=\"https:\/\/jrberlioz.com\/fr\/wp-content\/uploads\/2018\/07\/img006-1-300x209.jpg 300w, https:\/\/jrberlioz.com\/fr\/wp-content\/uploads\/2018\/07\/img006-1-e1531849272498-600x418.jpg 600w, https:\/\/jrberlioz.com\/fr\/wp-content\/uploads\/2018\/07\/img006-1-768x535.jpg 768w, https:\/\/jrberlioz.com\/fr\/wp-content\/uploads\/2018\/07\/img006-1-1024x714.jpg 1024w, https:\/\/jrberlioz.com\/fr\/wp-content\/uploads\/2018\/07\/img006-1-e1531849272498.jpg 1500w\" sizes=\"(max-width: 300px) 100vw, 300px\" \/><\/a>\n\t\t\t<\/div>\n\t\t\t\t<figcaption class='wp-caption-text gallery-caption' id='gallery-1-900'>\n\t\t\t\tSans titre 4\n\t\t\t\t<\/figcaption><\/figure><figure class='gallery-item'>\n\t\t\t<div class='gallery-icon landscape'>\n\t\t\t\t<a data-elementor-open-lightbox=\"yes\" data-elementor-lightbox-slideshow=\"50de878\" data-elementor-lightbox-title=\"img005\" data-e-action-hash=\"#elementor-action%3Aaction%3Dlightbox%26settings%3DeyJpZCI6OTYxLCJ1cmwiOiJodHRwczpcL1wvanJiZXJsaW96LmNvbVwvZnJcL3dwLWNvbnRlbnRcL3VwbG9hZHNcLzIwMThcLzExXC9pbWcwMDUtZTE1NDE1MzE2MDkzNDguanBnIiwic2xpZGVzaG93IjoiNTBkZTg3OCJ9\" href='https:\/\/jrberlioz.com\/fr\/wp-content\/uploads\/2018\/11\/img005-e1541531609348.jpg'><img loading=\"lazy\" decoding=\"async\" width=\"300\" height=\"212\" src=\"https:\/\/jrberlioz.com\/fr\/wp-content\/uploads\/2018\/11\/img005-300x212.jpg\" class=\"attachment-medium size-medium\" alt=\"\" aria-describedby=\"gallery-1-961\" srcset=\"https:\/\/jrberlioz.com\/fr\/wp-content\/uploads\/2018\/11\/img005-300x212.jpg 300w, https:\/\/jrberlioz.com\/fr\/wp-content\/uploads\/2018\/11\/img005-e1541531609348-600x424.jpg 600w, https:\/\/jrberlioz.com\/fr\/wp-content\/uploads\/2018\/11\/img005-768x543.jpg 768w, https:\/\/jrberlioz.com\/fr\/wp-content\/uploads\/2018\/11\/img005-1024x724.jpg 1024w, https:\/\/jrberlioz.com\/fr\/wp-content\/uploads\/2018\/11\/img005-e1541531609348.jpg 1979w\" sizes=\"(max-width: 300px) 100vw, 300px\" \/><\/a>\n\t\t\t<\/div>\n\t\t\t\t<figcaption class='wp-caption-text gallery-caption' id='gallery-1-961'>\n\t\t\t\tSans titre 5\n\t\t\t\t<\/figcaption><\/figure>\n\t\t<\/div>\n\t\t<\/div>\n\t\t\t\t\t\t<\/div>\n\t\t\t\t<\/div>\n\t\t\t\t\t<\/div>\n\t\t<\/div>\n\t\t\t\t\t<\/div>\n\t\t<\/section>\n\t\t\t\t<section class=\"elementor-section elementor-top-section elementor-element elementor-element-eded56d elementor-section-boxed elementor-section-height-default elementor-section-height-default\" data-id=\"eded56d\" data-element_type=\"section\" data-e-type=\"section\">\n\t\t\t\t\t\t<div class=\"elementor-container elementor-column-gap-default\">\n\t\t\t\t\t<div class=\"elementor-column elementor-col-100 elementor-top-column elementor-element elementor-element-e2734b3\" data-id=\"e2734b3\" data-element_type=\"column\" data-e-type=\"column\">\n\t\t\t<div class=\"elementor-widget-wrap elementor-element-populated\">\n\t\t\t\t\t\t<div class=\"elementor-element elementor-element-c58031d elementor-widget elementor-widget-text-editor\" data-id=\"c58031d\" data-element_type=\"widget\" data-e-type=\"widget\" data-widget_type=\"text-editor.default\">\n\t\t\t\t<div class=\"elementor-widget-container\">\n\t\t\t\t\t\t\t\t\t<p>Constitutives de sa condition, l&rsquo;homme se condense en une succession de phases que l&rsquo;on pourrait traduire ainsi:<br \/>L&rsquo;enfant, \u00e0 l&rsquo;aune de ses d\u00e9sirs, pr\u00eat \u00e0 d\u00e9foncer les barri\u00e8res du vide.<br \/>L&rsquo;adolescent, r\u00e9silient en devenir et impr\u00e9gn\u00e9 d&rsquo;urgence.<br \/>L&rsquo;adulte, altier, planificateur dans la dur\u00e9e.<br \/>Le vieillard, courbe, d\u00e9liquescent, forg\u00e9 d&rsquo;une sagesse nourrit de la dissolution progressive de ses illusions.<br \/>Au final, le corps est emport\u00e9, malgr\u00e9 lui.<br \/>L&rsquo;homme ne peut se soustraire \u00e0 cette fatalit\u00e9.<br \/>Mais il se peut aussi que la jeunesse heurte la vieillesse par un t\u00e9lescopage pr\u00e9matur\u00e9.<br \/>La mesure des \u00e2ges de la vie perp\u00e9tue la fuite du temps.<\/p>\t\t\t\t\t\t\t\t<\/div>\n\t\t\t\t<\/div>\n\t\t\t\t\t<\/div>\n\t\t<\/div>\n\t\t\t\t\t<\/div>\n\t\t<\/section>\n\t\t\t\t<\/div>\n\t\t","protected":false},"excerpt":{"rendered":"<p>Sans titre 1 Sans titre 2 Sans titre 3 Sans titre 4 Sans titre 5 Constitutives de sa condition, l&rsquo;homme se condense en une succession de phases que l&rsquo;on pourrait traduire ainsi:L&rsquo;enfant, \u00e0 l&rsquo;aune de ses d\u00e9sirs, pr\u00eat \u00e0 d\u00e9foncer les barri\u00e8res du vide.L&rsquo;adolescent, r\u00e9silient en devenir et impr\u00e9gn\u00e9 d&rsquo;urgence.L&rsquo;adulte, altier, planificateur dans la dur\u00e9e.Le vieillard, courbe, d\u00e9liquescent, forg\u00e9 d&rsquo;une sagesse nourrit de la dissolution progressive de ses illusions.Au final, le corps est emport\u00e9, malgr\u00e9 lui.L&rsquo;homme ne peut se soustraire&#8230;<\/p>\n<p class=\"read-more\"><a class=\"btn btn-default\" href=\"https:\/\/jrberlioz.com\/fr\/?page_id=735\">Lire la suite<span class=\"screen-reader-text\"> Lire la suite<\/span><\/a><\/p>\n","protected":false},"author":1,"featured_media":0,"parent":0,"menu_order":0,"comment_status":"closed","ping_status":"closed","template":"","meta":{"footnotes":""},"class_list":["post-735","page","type-page","status-publish","hentry"],"_links":{"self":[{"href":"https:\/\/jrberlioz.com\/fr\/index.php?rest_route=\/wp\/v2\/pages\/735","targetHints":{"allow":["GET"]}}],"collection":[{"href":"https:\/\/jrberlioz.com\/fr\/index.php?rest_route=\/wp\/v2\/pages"}],"about":[{"href":"https:\/\/jrberlioz.com\/fr\/index.php?rest_route=\/wp\/v2\/types\/page"}],"author":[{"embeddable":true,"href":"https:\/\/jrberlioz.com\/fr\/index.php?rest_route=\/wp\/v2\/users\/1"}],"replies":[{"embeddable":true,"href":"https:\/\/jrberlioz.com\/fr\/index.php?rest_route=%2Fwp%2Fv2%2Fcomments&post=735"}],"version-history":[{"count":19,"href":"https:\/\/jrberlioz.com\/fr\/index.php?rest_route=\/wp\/v2\/pages\/735\/revisions"}],"predecessor-version":[{"id":4925,"href":"https:\/\/jrberlioz.com\/fr\/index.php?rest_route=\/wp\/v2\/pages\/735\/revisions\/4925"}],"wp:attachment":[{"href":"https:\/\/jrberlioz.com\/fr\/index.php?rest_route=%2Fwp%2Fv2%2Fmedia&parent=735"}],"curies":[{"name":"wp","href":"https:\/\/api.w.org\/{rel}","templated":true}]}}