{"id":5074,"date":"2024-01-13T17:01:35","date_gmt":"2024-01-13T16:01:35","guid":{"rendered":"https:\/\/jrberlioz.com\/fr\/?page_id=5074"},"modified":"2024-01-13T17:16:52","modified_gmt":"2024-01-13T16:16:52","slug":"zone-de-transit","status":"publish","type":"page","link":"https:\/\/jrberlioz.com\/fr\/?page_id=5074","title":{"rendered":"ZONE DE TRANSIT"},"content":{"rendered":"\t\t<div data-elementor-type=\"wp-page\" data-elementor-id=\"5074\" class=\"elementor elementor-5074\">\n\t\t\t\t\t\t<section class=\"elementor-section elementor-top-section elementor-element elementor-element-47a0e52 elementor-section-boxed elementor-section-height-default elementor-section-height-default\" data-id=\"47a0e52\" data-element_type=\"section\" data-e-type=\"section\">\n\t\t\t\t\t\t<div class=\"elementor-container elementor-column-gap-default\">\n\t\t\t\t\t<div class=\"elementor-column elementor-col-100 elementor-top-column elementor-element elementor-element-e457560\" data-id=\"e457560\" data-element_type=\"column\" data-e-type=\"column\">\n\t\t\t<div class=\"elementor-widget-wrap elementor-element-populated\">\n\t\t\t\t\t\t<div class=\"elementor-element elementor-element-de147de elementor-widget elementor-widget-image-gallery\" data-id=\"de147de\" data-element_type=\"widget\" data-e-type=\"widget\" data-widget_type=\"image-gallery.default\">\n\t\t\t\t<div class=\"elementor-widget-container\">\n\t\t\t\t\t\t\t<div class=\"elementor-image-gallery\">\n\t\t\t<div id='gallery-1' class='gallery galleryid-5074 gallery-columns-3 gallery-size-medium'><figure class='gallery-item'>\n\t\t\t<div class='gallery-icon landscape'>\n\t\t\t\t<a data-elementor-open-lightbox=\"yes\" data-elementor-lightbox-slideshow=\"de147de\" data-elementor-lightbox-title=\"img001\" data-e-action-hash=\"#elementor-action%3Aaction%3Dlightbox%26settings%3DeyJpZCI6NTA2MywidXJsIjoiaHR0cHM6XC9cL2pyYmVybGlvei5jb21cL2ZyXC93cC1jb250ZW50XC91cGxvYWRzXC8yMDI0XC8wMVwvaW1nMDAxLmpwZyIsInNsaWRlc2hvdyI6ImRlMTQ3ZGUifQ%3D%3D\" href='https:\/\/jrberlioz.com\/fr\/wp-content\/uploads\/2024\/01\/img001.jpg'><img fetchpriority=\"high\" decoding=\"async\" width=\"300\" height=\"223\" src=\"https:\/\/jrberlioz.com\/fr\/wp-content\/uploads\/2024\/01\/img001-300x223.jpg\" class=\"attachment-medium size-medium\" alt=\"\" aria-describedby=\"gallery-1-5063\" srcset=\"https:\/\/jrberlioz.com\/fr\/wp-content\/uploads\/2024\/01\/img001-300x223.jpg 300w, https:\/\/jrberlioz.com\/fr\/wp-content\/uploads\/2024\/01\/img001-1024x762.jpg 1024w, https:\/\/jrberlioz.com\/fr\/wp-content\/uploads\/2024\/01\/img001-768x571.jpg 768w, https:\/\/jrberlioz.com\/fr\/wp-content\/uploads\/2024\/01\/img001-363x270.jpg 363w, https:\/\/jrberlioz.com\/fr\/wp-content\/uploads\/2024\/01\/img001-600x446.jpg 600w, https:\/\/jrberlioz.com\/fr\/wp-content\/uploads\/2024\/01\/img001.jpg 1354w\" sizes=\"(max-width: 300px) 100vw, 300px\" \/><\/a>\n\t\t\t<\/div>\n\t\t\t\t<figcaption class='wp-caption-text gallery-caption' id='gallery-1-5063'>\n\t\t\t\tSans titre 1\n\t\t\t\t<\/figcaption><\/figure><figure class='gallery-item'>\n\t\t\t<div class='gallery-icon landscape'>\n\t\t\t\t<a data-elementor-open-lightbox=\"yes\" data-elementor-lightbox-slideshow=\"de147de\" data-elementor-lightbox-title=\"img002\" data-e-action-hash=\"#elementor-action%3Aaction%3Dlightbox%26settings%3DeyJpZCI6NTA2NCwidXJsIjoiaHR0cHM6XC9cL2pyYmVybGlvei5jb21cL2ZyXC93cC1jb250ZW50XC91cGxvYWRzXC8yMDI0XC8wMVwvaW1nMDAyLmpwZyIsInNsaWRlc2hvdyI6ImRlMTQ3ZGUifQ%3D%3D\" href='https:\/\/jrberlioz.com\/fr\/wp-content\/uploads\/2024\/01\/img002.jpg'><img decoding=\"async\" width=\"300\" height=\"222\" src=\"https:\/\/jrberlioz.com\/fr\/wp-content\/uploads\/2024\/01\/img002-300x222.jpg\" class=\"attachment-medium size-medium\" alt=\"\" aria-describedby=\"gallery-1-5064\" srcset=\"https:\/\/jrberlioz.com\/fr\/wp-content\/uploads\/2024\/01\/img002-300x222.jpg 300w, https:\/\/jrberlioz.com\/fr\/wp-content\/uploads\/2024\/01\/img002-1024x757.jpg 1024w, https:\/\/jrberlioz.com\/fr\/wp-content\/uploads\/2024\/01\/img002-768x567.jpg 768w, https:\/\/jrberlioz.com\/fr\/wp-content\/uploads\/2024\/01\/img002-365x270.jpg 365w, https:\/\/jrberlioz.com\/fr\/wp-content\/uploads\/2024\/01\/img002-600x443.jpg 600w, https:\/\/jrberlioz.com\/fr\/wp-content\/uploads\/2024\/01\/img002.jpg 1367w\" sizes=\"(max-width: 300px) 100vw, 300px\" \/><\/a>\n\t\t\t<\/div>\n\t\t\t\t<figcaption class='wp-caption-text gallery-caption' id='gallery-1-5064'>\n\t\t\t\tSans titre 2\n\t\t\t\t<\/figcaption><\/figure><figure class='gallery-item'>\n\t\t\t<div class='gallery-icon landscape'>\n\t\t\t\t<a data-elementor-open-lightbox=\"yes\" data-elementor-lightbox-slideshow=\"de147de\" data-elementor-lightbox-title=\"img003\" data-e-action-hash=\"#elementor-action%3Aaction%3Dlightbox%26settings%3DeyJpZCI6NTA2NSwidXJsIjoiaHR0cHM6XC9cL2pyYmVybGlvei5jb21cL2ZyXC93cC1jb250ZW50XC91cGxvYWRzXC8yMDI0XC8wMVwvaW1nMDAzLmpwZyIsInNsaWRlc2hvdyI6ImRlMTQ3ZGUifQ%3D%3D\" href='https:\/\/jrberlioz.com\/fr\/wp-content\/uploads\/2024\/01\/img003.jpg'><img decoding=\"async\" width=\"300\" height=\"223\" src=\"https:\/\/jrberlioz.com\/fr\/wp-content\/uploads\/2024\/01\/img003-300x223.jpg\" class=\"attachment-medium size-medium\" alt=\"\" aria-describedby=\"gallery-1-5065\" srcset=\"https:\/\/jrberlioz.com\/fr\/wp-content\/uploads\/2024\/01\/img003-300x223.jpg 300w, https:\/\/jrberlioz.com\/fr\/wp-content\/uploads\/2024\/01\/img003-1024x761.jpg 1024w, https:\/\/jrberlioz.com\/fr\/wp-content\/uploads\/2024\/01\/img003-768x571.jpg 768w, https:\/\/jrberlioz.com\/fr\/wp-content\/uploads\/2024\/01\/img003-363x270.jpg 363w, https:\/\/jrberlioz.com\/fr\/wp-content\/uploads\/2024\/01\/img003-600x446.jpg 600w, https:\/\/jrberlioz.com\/fr\/wp-content\/uploads\/2024\/01\/img003.jpg 1392w\" sizes=\"(max-width: 300px) 100vw, 300px\" \/><\/a>\n\t\t\t<\/div>\n\t\t\t\t<figcaption class='wp-caption-text gallery-caption' id='gallery-1-5065'>\n\t\t\t\tSans titre 3\n\t\t\t\t<\/figcaption><\/figure><figure class='gallery-item'>\n\t\t\t<div class='gallery-icon landscape'>\n\t\t\t\t<a data-elementor-open-lightbox=\"yes\" data-elementor-lightbox-slideshow=\"de147de\" data-elementor-lightbox-title=\"img004\" data-e-action-hash=\"#elementor-action%3Aaction%3Dlightbox%26settings%3DeyJpZCI6NTA2NiwidXJsIjoiaHR0cHM6XC9cL2pyYmVybGlvei5jb21cL2ZyXC93cC1jb250ZW50XC91cGxvYWRzXC8yMDI0XC8wMVwvaW1nMDA0LmpwZyIsInNsaWRlc2hvdyI6ImRlMTQ3ZGUifQ%3D%3D\" href='https:\/\/jrberlioz.com\/fr\/wp-content\/uploads\/2024\/01\/img004.jpg'><img loading=\"lazy\" decoding=\"async\" width=\"300\" height=\"231\" src=\"https:\/\/jrberlioz.com\/fr\/wp-content\/uploads\/2024\/01\/img004-300x231.jpg\" class=\"attachment-medium size-medium\" alt=\"\" aria-describedby=\"gallery-1-5066\" srcset=\"https:\/\/jrberlioz.com\/fr\/wp-content\/uploads\/2024\/01\/img004-300x231.jpg 300w, https:\/\/jrberlioz.com\/fr\/wp-content\/uploads\/2024\/01\/img004-1024x789.jpg 1024w, https:\/\/jrberlioz.com\/fr\/wp-content\/uploads\/2024\/01\/img004-768x592.jpg 768w, https:\/\/jrberlioz.com\/fr\/wp-content\/uploads\/2024\/01\/img004-351x270.jpg 351w, https:\/\/jrberlioz.com\/fr\/wp-content\/uploads\/2024\/01\/img004-600x462.jpg 600w, https:\/\/jrberlioz.com\/fr\/wp-content\/uploads\/2024\/01\/img004.jpg 1284w\" sizes=\"(max-width: 300px) 100vw, 300px\" \/><\/a>\n\t\t\t<\/div>\n\t\t\t\t<figcaption class='wp-caption-text gallery-caption' id='gallery-1-5066'>\n\t\t\t\tSans titre 4\n\t\t\t\t<\/figcaption><\/figure><figure class='gallery-item'>\n\t\t\t<div class='gallery-icon landscape'>\n\t\t\t\t<a data-elementor-open-lightbox=\"yes\" data-elementor-lightbox-slideshow=\"de147de\" data-elementor-lightbox-title=\"img005\" data-e-action-hash=\"#elementor-action%3Aaction%3Dlightbox%26settings%3DeyJpZCI6NTA2NywidXJsIjoiaHR0cHM6XC9cL2pyYmVybGlvei5jb21cL2ZyXC93cC1jb250ZW50XC91cGxvYWRzXC8yMDI0XC8wMVwvaW1nMDA1LmpwZyIsInNsaWRlc2hvdyI6ImRlMTQ3ZGUifQ%3D%3D\" href='https:\/\/jrberlioz.com\/fr\/wp-content\/uploads\/2024\/01\/img005.jpg'><img loading=\"lazy\" decoding=\"async\" width=\"300\" height=\"223\" src=\"https:\/\/jrberlioz.com\/fr\/wp-content\/uploads\/2024\/01\/img005-300x223.jpg\" class=\"attachment-medium size-medium\" alt=\"\" aria-describedby=\"gallery-1-5067\" srcset=\"https:\/\/jrberlioz.com\/fr\/wp-content\/uploads\/2024\/01\/img005-300x223.jpg 300w, https:\/\/jrberlioz.com\/fr\/wp-content\/uploads\/2024\/01\/img005-1024x760.jpg 1024w, https:\/\/jrberlioz.com\/fr\/wp-content\/uploads\/2024\/01\/img005-768x570.jpg 768w, https:\/\/jrberlioz.com\/fr\/wp-content\/uploads\/2024\/01\/img005-364x270.jpg 364w, https:\/\/jrberlioz.com\/fr\/wp-content\/uploads\/2024\/01\/img005-600x445.jpg 600w, https:\/\/jrberlioz.com\/fr\/wp-content\/uploads\/2024\/01\/img005.jpg 1449w\" sizes=\"(max-width: 300px) 100vw, 300px\" \/><\/a>\n\t\t\t<\/div>\n\t\t\t\t<figcaption class='wp-caption-text gallery-caption' id='gallery-1-5067'>\n\t\t\t\tSans titre 5\n\t\t\t\t<\/figcaption><\/figure><figure class='gallery-item'>\n\t\t\t<div class='gallery-icon landscape'>\n\t\t\t\t<a data-elementor-open-lightbox=\"yes\" data-elementor-lightbox-slideshow=\"de147de\" data-elementor-lightbox-title=\"img006\" data-e-action-hash=\"#elementor-action%3Aaction%3Dlightbox%26settings%3DeyJpZCI6NTA2OCwidXJsIjoiaHR0cHM6XC9cL2pyYmVybGlvei5jb21cL2ZyXC93cC1jb250ZW50XC91cGxvYWRzXC8yMDI0XC8wMVwvaW1nMDA2LmpwZyIsInNsaWRlc2hvdyI6ImRlMTQ3ZGUifQ%3D%3D\" href='https:\/\/jrberlioz.com\/fr\/wp-content\/uploads\/2024\/01\/img006.jpg'><img loading=\"lazy\" decoding=\"async\" width=\"300\" height=\"222\" src=\"https:\/\/jrberlioz.com\/fr\/wp-content\/uploads\/2024\/01\/img006-300x222.jpg\" class=\"attachment-medium size-medium\" alt=\"\" aria-describedby=\"gallery-1-5068\" srcset=\"https:\/\/jrberlioz.com\/fr\/wp-content\/uploads\/2024\/01\/img006-300x222.jpg 300w, https:\/\/jrberlioz.com\/fr\/wp-content\/uploads\/2024\/01\/img006-1024x756.jpg 1024w, https:\/\/jrberlioz.com\/fr\/wp-content\/uploads\/2024\/01\/img006-768x567.jpg 768w, https:\/\/jrberlioz.com\/fr\/wp-content\/uploads\/2024\/01\/img006-366x270.jpg 366w, https:\/\/jrberlioz.com\/fr\/wp-content\/uploads\/2024\/01\/img006-600x443.jpg 600w, https:\/\/jrberlioz.com\/fr\/wp-content\/uploads\/2024\/01\/img006.jpg 1389w\" sizes=\"(max-width: 300px) 100vw, 300px\" \/><\/a>\n\t\t\t<\/div>\n\t\t\t\t<figcaption class='wp-caption-text gallery-caption' id='gallery-1-5068'>\n\t\t\t\tSans titre 6\n\t\t\t\t<\/figcaption><\/figure><figure class='gallery-item'>\n\t\t\t<div class='gallery-icon landscape'>\n\t\t\t\t<a data-elementor-open-lightbox=\"yes\" data-elementor-lightbox-slideshow=\"de147de\" data-elementor-lightbox-title=\"img007\" data-e-action-hash=\"#elementor-action%3Aaction%3Dlightbox%26settings%3DeyJpZCI6NTA2OSwidXJsIjoiaHR0cHM6XC9cL2pyYmVybGlvei5jb21cL2ZyXC93cC1jb250ZW50XC91cGxvYWRzXC8yMDI0XC8wMVwvaW1nMDA3LmpwZyIsInNsaWRlc2hvdyI6ImRlMTQ3ZGUifQ%3D%3D\" href='https:\/\/jrberlioz.com\/fr\/wp-content\/uploads\/2024\/01\/img007.jpg'><img loading=\"lazy\" decoding=\"async\" width=\"300\" height=\"232\" src=\"https:\/\/jrberlioz.com\/fr\/wp-content\/uploads\/2024\/01\/img007-300x232.jpg\" class=\"attachment-medium size-medium\" alt=\"\" aria-describedby=\"gallery-1-5069\" srcset=\"https:\/\/jrberlioz.com\/fr\/wp-content\/uploads\/2024\/01\/img007-300x232.jpg 300w, https:\/\/jrberlioz.com\/fr\/wp-content\/uploads\/2024\/01\/img007-1024x792.jpg 1024w, https:\/\/jrberlioz.com\/fr\/wp-content\/uploads\/2024\/01\/img007-768x594.jpg 768w, https:\/\/jrberlioz.com\/fr\/wp-content\/uploads\/2024\/01\/img007-349x270.jpg 349w, https:\/\/jrberlioz.com\/fr\/wp-content\/uploads\/2024\/01\/img007-600x464.jpg 600w, https:\/\/jrberlioz.com\/fr\/wp-content\/uploads\/2024\/01\/img007.jpg 1410w\" sizes=\"(max-width: 300px) 100vw, 300px\" \/><\/a>\n\t\t\t<\/div>\n\t\t\t\t<figcaption class='wp-caption-text gallery-caption' id='gallery-1-5069'>\n\t\t\t\tSans titre 7\n\t\t\t\t<\/figcaption><\/figure>\n\t\t<\/div>\n\t\t<\/div>\n\t\t\t\t\t\t<\/div>\n\t\t\t\t<\/div>\n\t\t\t\t\t<\/div>\n\t\t<\/div>\n\t\t\t\t\t<\/div>\n\t\t<\/section>\n\t\t\t\t<section class=\"elementor-section elementor-top-section elementor-element elementor-element-37b4755 elementor-section-boxed elementor-section-height-default elementor-section-height-default\" data-id=\"37b4755\" data-element_type=\"section\" data-e-type=\"section\">\n\t\t\t\t\t\t<div class=\"elementor-container elementor-column-gap-default\">\n\t\t\t\t\t<div class=\"elementor-column elementor-col-100 elementor-top-column elementor-element elementor-element-3426e4e\" data-id=\"3426e4e\" data-element_type=\"column\" data-e-type=\"column\">\n\t\t\t<div class=\"elementor-widget-wrap elementor-element-populated\">\n\t\t\t\t\t\t<div class=\"elementor-element elementor-element-40464d1 elementor-widget elementor-widget-text-editor\" data-id=\"40464d1\" data-element_type=\"widget\" data-e-type=\"widget\" data-widget_type=\"text-editor.default\">\n\t\t\t\t<div class=\"elementor-widget-container\">\n\t\t\t\t\t\t\t\t\t<p>Quotidiennement, l&rsquo;homme \u00e9volue au gr\u00e9 d&rsquo;enchev\u00eatrements architecturaux urbains \u00e0 g\u00e9om\u00e9tries variables.<\/p><p>Il d\u00e9ambule, cr\u00e9ant jour apr\u00e8s jour un rapport intime \u00e0 l&rsquo;espace arpent\u00e9. Il le domestique, s&rsquo;y confond jusqu&rsquo;\u00e0 \u00e9prouver un sentiment d&rsquo;appropriation, source de son bien-\u00eatre.<\/p><p>Pourtant, ce d\u00e9dale de b\u00e9ton que repr\u00e9sente les grandes villes reste \u00ab\u00a0zone de transit\u00a0\u00bb. Certains \u00eatres ne font que passer, simples curieux, juxtaposant la fuite \u00e0 l&rsquo;assimilation.<\/p>\t\t\t\t\t\t\t\t<\/div>\n\t\t\t\t<\/div>\n\t\t\t\t\t<\/div>\n\t\t<\/div>\n\t\t\t\t\t<\/div>\n\t\t<\/section>\n\t\t\t\t<\/div>\n\t\t","protected":false},"excerpt":{"rendered":"<p>Sans titre 1 Sans titre 2 Sans titre 3 Sans titre 4 Sans titre 5 Sans titre 6 Sans titre 7 Quotidiennement, l&rsquo;homme \u00e9volue au gr\u00e9 d&rsquo;enchev\u00eatrements architecturaux urbains \u00e0 g\u00e9om\u00e9tries variables. Il d\u00e9ambule, cr\u00e9ant jour apr\u00e8s jour un rapport intime \u00e0 l&rsquo;espace arpent\u00e9. Il le domestique, s&rsquo;y confond jusqu&rsquo;\u00e0 \u00e9prouver un sentiment d&rsquo;appropriation, source de son bien-\u00eatre. Pourtant, ce d\u00e9dale de b\u00e9ton que repr\u00e9sente les grandes villes reste \u00ab\u00a0zone de transit\u00a0\u00bb. Certains \u00eatres ne font que passer, simples curieux,&#8230;<\/p>\n<p class=\"read-more\"><a class=\"btn btn-default\" href=\"https:\/\/jrberlioz.com\/fr\/?page_id=5074\">Lire la suite<span class=\"screen-reader-text\"> Lire la suite<\/span><\/a><\/p>\n","protected":false},"author":1,"featured_media":0,"parent":0,"menu_order":0,"comment_status":"closed","ping_status":"closed","template":"","meta":{"footnotes":""},"class_list":["post-5074","page","type-page","status-publish","hentry"],"_links":{"self":[{"href":"https:\/\/jrberlioz.com\/fr\/index.php?rest_route=\/wp\/v2\/pages\/5074","targetHints":{"allow":["GET"]}}],"collection":[{"href":"https:\/\/jrberlioz.com\/fr\/index.php?rest_route=\/wp\/v2\/pages"}],"about":[{"href":"https:\/\/jrberlioz.com\/fr\/index.php?rest_route=\/wp\/v2\/types\/page"}],"author":[{"embeddable":true,"href":"https:\/\/jrberlioz.com\/fr\/index.php?rest_route=\/wp\/v2\/users\/1"}],"replies":[{"embeddable":true,"href":"https:\/\/jrberlioz.com\/fr\/index.php?rest_route=%2Fwp%2Fv2%2Fcomments&post=5074"}],"version-history":[{"count":6,"href":"https:\/\/jrberlioz.com\/fr\/index.php?rest_route=\/wp\/v2\/pages\/5074\/revisions"}],"predecessor-version":[{"id":5081,"href":"https:\/\/jrberlioz.com\/fr\/index.php?rest_route=\/wp\/v2\/pages\/5074\/revisions\/5081"}],"wp:attachment":[{"href":"https:\/\/jrberlioz.com\/fr\/index.php?rest_route=%2Fwp%2Fv2%2Fmedia&parent=5074"}],"curies":[{"name":"wp","href":"https:\/\/api.w.org\/{rel}","templated":true}]}}