{"id":501,"date":"2017-01-20T18:18:33","date_gmt":"2017-01-20T17:18:33","guid":{"rendered":"http:\/\/jrberlioz.com\/fr\/?page_id=501"},"modified":"2020-11-28T20:24:05","modified_gmt":"2020-11-28T19:24:05","slug":"lesprit-du-musee","status":"publish","type":"page","link":"https:\/\/jrberlioz.com\/fr\/?page_id=501","title":{"rendered":"L&rsquo;ESPRIT DU MUSEE"},"content":{"rendered":"\t\t<div data-elementor-type=\"wp-page\" data-elementor-id=\"501\" class=\"elementor elementor-501\">\n\t\t\t\t\t\t<section class=\"elementor-section elementor-top-section elementor-element elementor-element-415601c8 elementor-section-boxed elementor-section-height-default elementor-section-height-default\" data-id=\"415601c8\" data-element_type=\"section\" data-e-type=\"section\">\n\t\t\t\t\t\t<div class=\"elementor-container elementor-column-gap-default\">\n\t\t\t\t\t<div class=\"elementor-column elementor-col-100 elementor-top-column elementor-element elementor-element-70132cce\" data-id=\"70132cce\" data-element_type=\"column\" data-e-type=\"column\">\n\t\t\t<div class=\"elementor-widget-wrap\">\n\t\t\t\t\t\t\t<\/div>\n\t\t<\/div>\n\t\t\t\t\t<\/div>\n\t\t<\/section>\n\t\t\t\t<section class=\"elementor-section elementor-top-section elementor-element elementor-element-f0aa434 elementor-section-boxed elementor-section-height-default elementor-section-height-default\" data-id=\"f0aa434\" data-element_type=\"section\" data-e-type=\"section\">\n\t\t\t\t\t\t<div class=\"elementor-container elementor-column-gap-default\">\n\t\t\t\t\t<div class=\"elementor-column elementor-col-100 elementor-top-column elementor-element elementor-element-2c95a4a\" data-id=\"2c95a4a\" data-element_type=\"column\" data-e-type=\"column\">\n\t\t\t<div class=\"elementor-widget-wrap elementor-element-populated\">\n\t\t\t\t\t\t<div class=\"elementor-element elementor-element-51ea33d elementor-widget elementor-widget-image-gallery\" data-id=\"51ea33d\" data-element_type=\"widget\" data-e-type=\"widget\" data-widget_type=\"image-gallery.default\">\n\t\t\t\t<div class=\"elementor-widget-container\">\n\t\t\t\t\t\t\t<div class=\"elementor-image-gallery\">\n\t\t\t<div id='gallery-1' class='gallery galleryid-501 gallery-columns-3 gallery-size-medium'><figure class='gallery-item'>\n\t\t\t<div class='gallery-icon landscape'>\n\t\t\t\t<a data-elementor-open-lightbox=\"yes\" data-elementor-lightbox-slideshow=\"51ea33d\" data-elementor-lightbox-title=\"img001\" data-e-action-hash=\"#elementor-action%3Aaction%3Dlightbox%26settings%3DeyJpZCI6MjQ0LCJ1cmwiOiJodHRwczpcL1wvanJiZXJsaW96LmNvbVwvZnJcL3dwLWNvbnRlbnRcL3VwbG9hZHNcLzIwMTZcLzEwXC9pbWcwMDEtZTE0NzY4MTc1MDYyNjEuanBnIiwic2xpZGVzaG93IjoiNTFlYTMzZCJ9\" href='https:\/\/jrberlioz.com\/fr\/wp-content\/uploads\/2016\/10\/img001-e1476817506261.jpg'><img fetchpriority=\"high\" decoding=\"async\" width=\"300\" height=\"211\" src=\"https:\/\/jrberlioz.com\/fr\/wp-content\/uploads\/2016\/10\/img001-300x211.jpg\" class=\"attachment-medium size-medium\" alt=\"\" aria-describedby=\"gallery-1-244\" srcset=\"https:\/\/jrberlioz.com\/fr\/wp-content\/uploads\/2016\/10\/img001-300x211.jpg 300w, https:\/\/jrberlioz.com\/fr\/wp-content\/uploads\/2016\/10\/img001-e1476817506261-600x423.jpg 600w, https:\/\/jrberlioz.com\/fr\/wp-content\/uploads\/2016\/10\/img001-768x541.jpg 768w, https:\/\/jrberlioz.com\/fr\/wp-content\/uploads\/2016\/10\/img001-1024x722.jpg 1024w, https:\/\/jrberlioz.com\/fr\/wp-content\/uploads\/2016\/10\/img001-440x310.jpg 440w, https:\/\/jrberlioz.com\/fr\/wp-content\/uploads\/2016\/10\/img001-680x479.jpg 680w, https:\/\/jrberlioz.com\/fr\/wp-content\/uploads\/2016\/10\/img001-e1476817506261.jpg 2000w\" sizes=\"(max-width: 300px) 100vw, 300px\" \/><\/a>\n\t\t\t<\/div>\n\t\t\t\t<figcaption class='wp-caption-text gallery-caption' id='gallery-1-244'>\n\t\t\t\tSans titre 1\n\t\t\t\t<\/figcaption><\/figure><figure class='gallery-item'>\n\t\t\t<div class='gallery-icon landscape'>\n\t\t\t\t<a data-elementor-open-lightbox=\"yes\" data-elementor-lightbox-slideshow=\"51ea33d\" data-elementor-lightbox-title=\"img002\" data-e-action-hash=\"#elementor-action%3Aaction%3Dlightbox%26settings%3DeyJpZCI6MjQ1LCJ1cmwiOiJodHRwczpcL1wvanJiZXJsaW96LmNvbVwvZnJcL3dwLWNvbnRlbnRcL3VwbG9hZHNcLzIwMTZcLzEwXC9pbWcwMDItZTE0NzY4MTc0MzM5MjguanBnIiwic2xpZGVzaG93IjoiNTFlYTMzZCJ9\" href='https:\/\/jrberlioz.com\/fr\/wp-content\/uploads\/2016\/10\/img002-e1476817433928.jpg'><img decoding=\"async\" width=\"300\" height=\"212\" src=\"https:\/\/jrberlioz.com\/fr\/wp-content\/uploads\/2016\/10\/img002-300x212.jpg\" class=\"attachment-medium size-medium\" alt=\"\" aria-describedby=\"gallery-1-245\" srcset=\"https:\/\/jrberlioz.com\/fr\/wp-content\/uploads\/2016\/10\/img002-300x212.jpg 300w, https:\/\/jrberlioz.com\/fr\/wp-content\/uploads\/2016\/10\/img002-e1476817433928-600x424.jpg 600w, https:\/\/jrberlioz.com\/fr\/wp-content\/uploads\/2016\/10\/img002-768x543.jpg 768w, https:\/\/jrberlioz.com\/fr\/wp-content\/uploads\/2016\/10\/img002-1024x724.jpg 1024w, https:\/\/jrberlioz.com\/fr\/wp-content\/uploads\/2016\/10\/img002-440x311.jpg 440w, https:\/\/jrberlioz.com\/fr\/wp-content\/uploads\/2016\/10\/img002-680x481.jpg 680w, https:\/\/jrberlioz.com\/fr\/wp-content\/uploads\/2016\/10\/img002-e1476817433928.jpg 2000w\" sizes=\"(max-width: 300px) 100vw, 300px\" \/><\/a>\n\t\t\t<\/div>\n\t\t\t\t<figcaption class='wp-caption-text gallery-caption' id='gallery-1-245'>\n\t\t\t\tSans titre 2\n\t\t\t\t<\/figcaption><\/figure><figure class='gallery-item'>\n\t\t\t<div class='gallery-icon landscape'>\n\t\t\t\t<a data-elementor-open-lightbox=\"yes\" data-elementor-lightbox-slideshow=\"51ea33d\" data-elementor-lightbox-title=\"img003modifie\u0301e\" data-e-action-hash=\"#elementor-action%3Aaction%3Dlightbox%26settings%3DeyJpZCI6ODUxLCJ1cmwiOiJodHRwczpcL1wvanJiZXJsaW96LmNvbVwvZnJcL3dwLWNvbnRlbnRcL3VwbG9hZHNcLzIwMThcLzA2XC9pbWcwMDNtb2RpZmllXHUwMzAxZS1lMTUyODc0NTg2NDI0MS5qcGciLCJzbGlkZXNob3ciOiI1MWVhMzNkIn0%3D\" href='https:\/\/jrberlioz.com\/fr\/wp-content\/uploads\/2018\/06\/img003modifie\u0301e-e1528745864241.jpg'><img decoding=\"async\" width=\"300\" height=\"210\" src=\"https:\/\/jrberlioz.com\/fr\/wp-content\/uploads\/2018\/06\/img003modifie\u0301e-300x210.jpg\" class=\"attachment-medium size-medium\" alt=\"\" aria-describedby=\"gallery-1-851\" srcset=\"https:\/\/jrberlioz.com\/fr\/wp-content\/uploads\/2018\/06\/img003modifie\u0301e-300x210.jpg 300w, https:\/\/jrberlioz.com\/fr\/wp-content\/uploads\/2018\/06\/img003modifie\u0301e-e1528745864241-600x421.jpg 600w, https:\/\/jrberlioz.com\/fr\/wp-content\/uploads\/2018\/06\/img003modifie\u0301e-768x539.jpg 768w, https:\/\/jrberlioz.com\/fr\/wp-content\/uploads\/2018\/06\/img003modifie\u0301e-1024x718.jpg 1024w\" sizes=\"(max-width: 300px) 100vw, 300px\" \/><\/a>\n\t\t\t<\/div>\n\t\t\t\t<figcaption class='wp-caption-text gallery-caption' id='gallery-1-851'>\n\t\t\t\tSans titre 3\n\t\t\t\t<\/figcaption><\/figure><figure class='gallery-item'>\n\t\t\t<div class='gallery-icon landscape'>\n\t\t\t\t<a data-elementor-open-lightbox=\"yes\" data-elementor-lightbox-slideshow=\"51ea33d\" data-elementor-lightbox-title=\"img004\" data-e-action-hash=\"#elementor-action%3Aaction%3Dlightbox%26settings%3DeyJpZCI6MjQ3LCJ1cmwiOiJodHRwczpcL1wvanJiZXJsaW96LmNvbVwvZnJcL3dwLWNvbnRlbnRcL3VwbG9hZHNcLzIwMTZcLzEwXC9pbWcwMDQtZTE0NzY4MTcxMzI2MjIuanBnIiwic2xpZGVzaG93IjoiNTFlYTMzZCJ9\" href='https:\/\/jrberlioz.com\/fr\/wp-content\/uploads\/2016\/10\/img004-e1476817132622.jpg'><img loading=\"lazy\" decoding=\"async\" width=\"300\" height=\"211\" src=\"https:\/\/jrberlioz.com\/fr\/wp-content\/uploads\/2016\/10\/img004-300x211.jpg\" class=\"attachment-medium size-medium\" alt=\"\" aria-describedby=\"gallery-1-247\" srcset=\"https:\/\/jrberlioz.com\/fr\/wp-content\/uploads\/2016\/10\/img004-300x211.jpg 300w, https:\/\/jrberlioz.com\/fr\/wp-content\/uploads\/2016\/10\/img004-e1476817132622-600x422.jpg 600w, https:\/\/jrberlioz.com\/fr\/wp-content\/uploads\/2016\/10\/img004-768x540.jpg 768w, https:\/\/jrberlioz.com\/fr\/wp-content\/uploads\/2016\/10\/img004-1024x720.jpg 1024w, https:\/\/jrberlioz.com\/fr\/wp-content\/uploads\/2016\/10\/img004-440x309.jpg 440w, https:\/\/jrberlioz.com\/fr\/wp-content\/uploads\/2016\/10\/img004-680x478.jpg 680w, https:\/\/jrberlioz.com\/fr\/wp-content\/uploads\/2016\/10\/img004-e1476817132622.jpg 2000w\" sizes=\"(max-width: 300px) 100vw, 300px\" \/><\/a>\n\t\t\t<\/div>\n\t\t\t\t<figcaption class='wp-caption-text gallery-caption' id='gallery-1-247'>\n\t\t\t\tSans titre 4\n\t\t\t\t<\/figcaption><\/figure><figure class='gallery-item'>\n\t\t\t<div class='gallery-icon landscape'>\n\t\t\t\t<a data-elementor-open-lightbox=\"yes\" data-elementor-lightbox-slideshow=\"51ea33d\" data-elementor-lightbox-title=\"img005\" data-e-action-hash=\"#elementor-action%3Aaction%3Dlightbox%26settings%3DeyJpZCI6MjQ4LCJ1cmwiOiJodHRwczpcL1wvanJiZXJsaW96LmNvbVwvZnJcL3dwLWNvbnRlbnRcL3VwbG9hZHNcLzIwMTZcLzEwXC9pbWcwMDUtZTE0NzY4MTcwODg3NDYuanBnIiwic2xpZGVzaG93IjoiNTFlYTMzZCJ9\" href='https:\/\/jrberlioz.com\/fr\/wp-content\/uploads\/2016\/10\/img005-e1476817088746.jpg'><img loading=\"lazy\" decoding=\"async\" width=\"300\" height=\"211\" src=\"https:\/\/jrberlioz.com\/fr\/wp-content\/uploads\/2016\/10\/img005-300x211.jpg\" class=\"attachment-medium size-medium\" alt=\"\" aria-describedby=\"gallery-1-248\" srcset=\"https:\/\/jrberlioz.com\/fr\/wp-content\/uploads\/2016\/10\/img005-300x211.jpg 300w, https:\/\/jrberlioz.com\/fr\/wp-content\/uploads\/2016\/10\/img005-e1476817088746-600x422.jpg 600w, https:\/\/jrberlioz.com\/fr\/wp-content\/uploads\/2016\/10\/img005-768x540.jpg 768w, https:\/\/jrberlioz.com\/fr\/wp-content\/uploads\/2016\/10\/img005-1024x720.jpg 1024w, https:\/\/jrberlioz.com\/fr\/wp-content\/uploads\/2016\/10\/img005-440x309.jpg 440w, https:\/\/jrberlioz.com\/fr\/wp-content\/uploads\/2016\/10\/img005-680x478.jpg 680w, https:\/\/jrberlioz.com\/fr\/wp-content\/uploads\/2016\/10\/img005-e1476817088746.jpg 2000w\" sizes=\"(max-width: 300px) 100vw, 300px\" \/><\/a>\n\t\t\t<\/div>\n\t\t\t\t<figcaption class='wp-caption-text gallery-caption' id='gallery-1-248'>\n\t\t\t\tSans titre 5\n\t\t\t\t<\/figcaption><\/figure><figure class='gallery-item'>\n\t\t\t<div class='gallery-icon landscape'>\n\t\t\t\t<a data-elementor-open-lightbox=\"yes\" data-elementor-lightbox-slideshow=\"51ea33d\" data-elementor-lightbox-title=\"img006\" data-e-action-hash=\"#elementor-action%3Aaction%3Dlightbox%26settings%3DeyJpZCI6NDc3LCJ1cmwiOiJodHRwczpcL1wvanJiZXJsaW96LmNvbVwvZnJcL3dwLWNvbnRlbnRcL3VwbG9hZHNcLzIwMTdcLzAxXC9pbWcwMDYtMS1lMTQ4NDc2NjI5OTg2MC5qcGciLCJzbGlkZXNob3ciOiI1MWVhMzNkIn0%3D\" href='https:\/\/jrberlioz.com\/fr\/wp-content\/uploads\/2017\/01\/img006-1-e1484766299860.jpg'><img loading=\"lazy\" decoding=\"async\" width=\"300\" height=\"210\" src=\"https:\/\/jrberlioz.com\/fr\/wp-content\/uploads\/2017\/01\/img006-1-300x210.jpg\" class=\"attachment-medium size-medium\" alt=\"\" aria-describedby=\"gallery-1-477\" srcset=\"https:\/\/jrberlioz.com\/fr\/wp-content\/uploads\/2017\/01\/img006-1-300x210.jpg 300w, https:\/\/jrberlioz.com\/fr\/wp-content\/uploads\/2017\/01\/img006-1-e1484766299860-600x421.jpg 600w, https:\/\/jrberlioz.com\/fr\/wp-content\/uploads\/2017\/01\/img006-1-768x538.jpg 768w, https:\/\/jrberlioz.com\/fr\/wp-content\/uploads\/2017\/01\/img006-1-1024x718.jpg 1024w, https:\/\/jrberlioz.com\/fr\/wp-content\/uploads\/2017\/01\/img006-1-e1484766299860.jpg 2000w\" sizes=\"(max-width: 300px) 100vw, 300px\" \/><\/a>\n\t\t\t<\/div>\n\t\t\t\t<figcaption class='wp-caption-text gallery-caption' id='gallery-1-477'>\n\t\t\t\tSans titre 6\n\t\t\t\t<\/figcaption><\/figure><figure class='gallery-item'>\n\t\t\t<div class='gallery-icon landscape'>\n\t\t\t\t<a data-elementor-open-lightbox=\"yes\" data-elementor-lightbox-slideshow=\"51ea33d\" data-elementor-lightbox-title=\"img007\" data-e-action-hash=\"#elementor-action%3Aaction%3Dlightbox%26settings%3DeyJpZCI6MjUwLCJ1cmwiOiJodHRwczpcL1wvanJiZXJsaW96LmNvbVwvZnJcL3dwLWNvbnRlbnRcL3VwbG9hZHNcLzIwMTZcLzEwXC9pbWcwMDctZTE0NzY4MTcwMDY2MjIuanBnIiwic2xpZGVzaG93IjoiNTFlYTMzZCJ9\" href='https:\/\/jrberlioz.com\/fr\/wp-content\/uploads\/2016\/10\/img007-e1476817006622.jpg'><img loading=\"lazy\" decoding=\"async\" width=\"300\" height=\"211\" src=\"https:\/\/jrberlioz.com\/fr\/wp-content\/uploads\/2016\/10\/img007-300x211.jpg\" class=\"attachment-medium size-medium\" alt=\"\" aria-describedby=\"gallery-1-250\" srcset=\"https:\/\/jrberlioz.com\/fr\/wp-content\/uploads\/2016\/10\/img007-300x211.jpg 300w, https:\/\/jrberlioz.com\/fr\/wp-content\/uploads\/2016\/10\/img007-e1476817006622-600x423.jpg 600w, https:\/\/jrberlioz.com\/fr\/wp-content\/uploads\/2016\/10\/img007-768x541.jpg 768w, https:\/\/jrberlioz.com\/fr\/wp-content\/uploads\/2016\/10\/img007-1024x722.jpg 1024w, https:\/\/jrberlioz.com\/fr\/wp-content\/uploads\/2016\/10\/img007-440x310.jpg 440w, https:\/\/jrberlioz.com\/fr\/wp-content\/uploads\/2016\/10\/img007-680x479.jpg 680w, https:\/\/jrberlioz.com\/fr\/wp-content\/uploads\/2016\/10\/img007-e1476817006622.jpg 2000w\" sizes=\"(max-width: 300px) 100vw, 300px\" \/><\/a>\n\t\t\t<\/div>\n\t\t\t\t<figcaption class='wp-caption-text gallery-caption' id='gallery-1-250'>\n\t\t\t\tSans titre 7\n\t\t\t\t<\/figcaption><\/figure><figure class='gallery-item'>\n\t\t\t<div class='gallery-icon landscape'>\n\t\t\t\t<a data-elementor-open-lightbox=\"yes\" data-elementor-lightbox-slideshow=\"51ea33d\" data-elementor-lightbox-title=\"img008\" data-e-action-hash=\"#elementor-action%3Aaction%3Dlightbox%26settings%3DeyJpZCI6MjUxLCJ1cmwiOiJodHRwczpcL1wvanJiZXJsaW96LmNvbVwvZnJcL3dwLWNvbnRlbnRcL3VwbG9hZHNcLzIwMTZcLzEwXC9pbWcwMDgtZTE0NzY4MTY5Njg2ODguanBnIiwic2xpZGVzaG93IjoiNTFlYTMzZCJ9\" href='https:\/\/jrberlioz.com\/fr\/wp-content\/uploads\/2016\/10\/img008-e1476816968688.jpg'><img loading=\"lazy\" decoding=\"async\" width=\"300\" height=\"211\" src=\"https:\/\/jrberlioz.com\/fr\/wp-content\/uploads\/2016\/10\/img008-300x211.jpg\" class=\"attachment-medium size-medium\" alt=\"\" aria-describedby=\"gallery-1-251\" srcset=\"https:\/\/jrberlioz.com\/fr\/wp-content\/uploads\/2016\/10\/img008-300x211.jpg 300w, https:\/\/jrberlioz.com\/fr\/wp-content\/uploads\/2016\/10\/img008-e1476816968688-600x423.jpg 600w, https:\/\/jrberlioz.com\/fr\/wp-content\/uploads\/2016\/10\/img008-768x541.jpg 768w, https:\/\/jrberlioz.com\/fr\/wp-content\/uploads\/2016\/10\/img008-1024x722.jpg 1024w, https:\/\/jrberlioz.com\/fr\/wp-content\/uploads\/2016\/10\/img008-440x310.jpg 440w, https:\/\/jrberlioz.com\/fr\/wp-content\/uploads\/2016\/10\/img008-680x479.jpg 680w, https:\/\/jrberlioz.com\/fr\/wp-content\/uploads\/2016\/10\/img008-e1476816968688.jpg 2000w\" sizes=\"(max-width: 300px) 100vw, 300px\" \/><\/a>\n\t\t\t<\/div>\n\t\t\t\t<figcaption class='wp-caption-text gallery-caption' id='gallery-1-251'>\n\t\t\t\tSans titre 8\n\t\t\t\t<\/figcaption><\/figure><figure class='gallery-item'>\n\t\t\t<div class='gallery-icon landscape'>\n\t\t\t\t<a data-elementor-open-lightbox=\"yes\" data-elementor-lightbox-slideshow=\"51ea33d\" data-elementor-lightbox-title=\"img009\" data-e-action-hash=\"#elementor-action%3Aaction%3Dlightbox%26settings%3DeyJpZCI6MjUyLCJ1cmwiOiJodHRwczpcL1wvanJiZXJsaW96LmNvbVwvZnJcL3dwLWNvbnRlbnRcL3VwbG9hZHNcLzIwMTZcLzEwXC9pbWcwMDktZTE0NzY4MTY5MzI4ODAuanBnIiwic2xpZGVzaG93IjoiNTFlYTMzZCJ9\" href='https:\/\/jrberlioz.com\/fr\/wp-content\/uploads\/2016\/10\/img009-e1476816932880.jpg'><img loading=\"lazy\" decoding=\"async\" width=\"300\" height=\"212\" src=\"https:\/\/jrberlioz.com\/fr\/wp-content\/uploads\/2016\/10\/img009-300x212.jpg\" class=\"attachment-medium size-medium\" alt=\"\" aria-describedby=\"gallery-1-252\" srcset=\"https:\/\/jrberlioz.com\/fr\/wp-content\/uploads\/2016\/10\/img009-300x212.jpg 300w, https:\/\/jrberlioz.com\/fr\/wp-content\/uploads\/2016\/10\/img009-e1476816932880-600x424.jpg 600w, https:\/\/jrberlioz.com\/fr\/wp-content\/uploads\/2016\/10\/img009-768x543.jpg 768w, https:\/\/jrberlioz.com\/fr\/wp-content\/uploads\/2016\/10\/img009-1024x724.jpg 1024w, https:\/\/jrberlioz.com\/fr\/wp-content\/uploads\/2016\/10\/img009-440x311.jpg 440w, https:\/\/jrberlioz.com\/fr\/wp-content\/uploads\/2016\/10\/img009-680x481.jpg 680w, https:\/\/jrberlioz.com\/fr\/wp-content\/uploads\/2016\/10\/img009-e1476816932880.jpg 2000w\" sizes=\"(max-width: 300px) 100vw, 300px\" \/><\/a>\n\t\t\t<\/div>\n\t\t\t\t<figcaption class='wp-caption-text gallery-caption' id='gallery-1-252'>\n\t\t\t\tSans titre 9\n\t\t\t\t<\/figcaption><\/figure><figure class='gallery-item'>\n\t\t\t<div class='gallery-icon landscape'>\n\t\t\t\t<a data-elementor-open-lightbox=\"yes\" data-elementor-lightbox-slideshow=\"51ea33d\" data-elementor-lightbox-title=\"img010\" data-e-action-hash=\"#elementor-action%3Aaction%3Dlightbox%26settings%3DeyJpZCI6MjUzLCJ1cmwiOiJodHRwczpcL1wvanJiZXJsaW96LmNvbVwvZnJcL3dwLWNvbnRlbnRcL3VwbG9hZHNcLzIwMTZcLzEwXC9pbWcwMTAtZTE0NzY4MTY4OTUyOTEuanBnIiwic2xpZGVzaG93IjoiNTFlYTMzZCJ9\" href='https:\/\/jrberlioz.com\/fr\/wp-content\/uploads\/2016\/10\/img010-e1476816895291.jpg'><img loading=\"lazy\" decoding=\"async\" width=\"300\" height=\"211\" src=\"https:\/\/jrberlioz.com\/fr\/wp-content\/uploads\/2016\/10\/img010-300x211.jpg\" class=\"attachment-medium size-medium\" alt=\"\" aria-describedby=\"gallery-1-253\" srcset=\"https:\/\/jrberlioz.com\/fr\/wp-content\/uploads\/2016\/10\/img010-300x211.jpg 300w, https:\/\/jrberlioz.com\/fr\/wp-content\/uploads\/2016\/10\/img010-e1476816895291-600x422.jpg 600w, https:\/\/jrberlioz.com\/fr\/wp-content\/uploads\/2016\/10\/img010-768x539.jpg 768w, https:\/\/jrberlioz.com\/fr\/wp-content\/uploads\/2016\/10\/img010-1024x719.jpg 1024w, https:\/\/jrberlioz.com\/fr\/wp-content\/uploads\/2016\/10\/img010-440x309.jpg 440w, https:\/\/jrberlioz.com\/fr\/wp-content\/uploads\/2016\/10\/img010-680x478.jpg 680w, https:\/\/jrberlioz.com\/fr\/wp-content\/uploads\/2016\/10\/img010-e1476816895291.jpg 2000w\" sizes=\"(max-width: 300px) 100vw, 300px\" \/><\/a>\n\t\t\t<\/div>\n\t\t\t\t<figcaption class='wp-caption-text gallery-caption' id='gallery-1-253'>\n\t\t\t\tSans titre 10\n\t\t\t\t<\/figcaption><\/figure><figure class='gallery-item'>\n\t\t\t<div class='gallery-icon landscape'>\n\t\t\t\t<a data-elementor-open-lightbox=\"yes\" data-elementor-lightbox-slideshow=\"51ea33d\" data-elementor-lightbox-title=\"img011\" data-e-action-hash=\"#elementor-action%3Aaction%3Dlightbox%26settings%3DeyJpZCI6ODUzLCJ1cmwiOiJodHRwczpcL1wvanJiZXJsaW96LmNvbVwvZnJcL3dwLWNvbnRlbnRcL3VwbG9hZHNcLzIwMThcLzA2XC9pbWcwMTEtZTE1Mjg3NDYxNzQxOTIuanBnIiwic2xpZGVzaG93IjoiNTFlYTMzZCJ9\" href='https:\/\/jrberlioz.com\/fr\/wp-content\/uploads\/2018\/06\/img011-e1528746174192.jpg'><img loading=\"lazy\" decoding=\"async\" width=\"300\" height=\"211\" src=\"https:\/\/jrberlioz.com\/fr\/wp-content\/uploads\/2018\/06\/img011-300x211.jpg\" class=\"attachment-medium size-medium\" alt=\"\" aria-describedby=\"gallery-1-853\" srcset=\"https:\/\/jrberlioz.com\/fr\/wp-content\/uploads\/2018\/06\/img011-300x211.jpg 300w, https:\/\/jrberlioz.com\/fr\/wp-content\/uploads\/2018\/06\/img011-e1528746174192-600x422.jpg 600w, https:\/\/jrberlioz.com\/fr\/wp-content\/uploads\/2018\/06\/img011-768x539.jpg 768w, https:\/\/jrberlioz.com\/fr\/wp-content\/uploads\/2018\/06\/img011-1024x719.jpg 1024w\" sizes=\"(max-width: 300px) 100vw, 300px\" \/><\/a>\n\t\t\t<\/div>\n\t\t\t\t<figcaption class='wp-caption-text gallery-caption' id='gallery-1-853'>\n\t\t\t\tSans titre 11\n\t\t\t\t<\/figcaption><\/figure>\n\t\t<\/div>\n\t\t<\/div>\n\t\t\t\t\t\t<\/div>\n\t\t\t\t<\/div>\n\t\t\t\t\t<\/div>\n\t\t<\/div>\n\t\t\t\t\t<\/div>\n\t\t<\/section>\n\t\t\t\t<section class=\"elementor-section elementor-top-section elementor-element elementor-element-718fd6a elementor-section-boxed elementor-section-height-default elementor-section-height-default\" data-id=\"718fd6a\" data-element_type=\"section\" data-e-type=\"section\">\n\t\t\t\t\t\t<div class=\"elementor-container elementor-column-gap-default\">\n\t\t\t\t\t<div class=\"elementor-column elementor-col-100 elementor-top-column elementor-element elementor-element-92444fd\" data-id=\"92444fd\" data-element_type=\"column\" data-e-type=\"column\">\n\t\t\t<div class=\"elementor-widget-wrap elementor-element-populated\">\n\t\t\t\t\t\t<div class=\"elementor-element elementor-element-c7b9647 elementor-widget elementor-widget-text-editor\" data-id=\"c7b9647\" data-element_type=\"widget\" data-e-type=\"widget\" data-widget_type=\"text-editor.default\">\n\t\t\t\t<div class=\"elementor-widget-container\">\n\t\t\t\t\t\t\t\t\t<p>Cette s\u00e9rie, cr\u00e9\u00e9e \u00e0 l\u2019origine en r\u00e9sonance avec les journ\u00e9es lyonnaises du patrimoine 2011 et r\u00e9alis\u00e9e sous forme de conte apocalyptique dans l\u2019enceinte du Centre d\u2019Histoire de la R\u00e9sistance et de la D\u00e9portation, a pour objectif de mettre en images le poids du pass\u00e9 concentr\u00e9 dans ce vaste lieu qui servit de si\u00e8ge \u00e0 la Gestapo, administr\u00e9e sous le commandement de Klaus Barbie, entre mars 1943 et mai 1944.<\/p><p>Chaque photographie repr\u00e9sente une mise en sc\u00e8ne de l\u2019auteur dont le cheminement est conditionn\u00e9 par les diff\u00e9rents espaces constitutifs du mus\u00e9e, de l\u2019entr\u00e9e jusqu\u2019\u00e0 la sortie.<\/p><p><em>Il avance, il erre, il virevolte. Sorti de nulle part, il traverse le temps, ombre \u00e9ph\u00e9m\u00e8re mais r\u00e9sistante.<\/em><\/p><p><em>Une fois par an, il arpente de ses pas silencieux les vastes salles obscures qui furent le sanctuaire de la Gestapo.<\/em><\/p><p><em>Sa premi\u00e8re apparition constat\u00e9e remonte \u00e0 l\u2019ann\u00e9e 1992, date d\u2019ouverture du mus\u00e9e.<\/em><\/p><p><em>Inlassablement le m\u00eame sc\u00e9nario se reproduit\u00a0:<\/em><\/p><p><em>Il \u00e9volue lentement dans les lieux arborant un air de d\u00e9solation, de nostalgie parfois.<\/em><\/p><p><em>Il gravit les marches du b\u00e2timent puis, vaporeux, s\u2019engouffre dans le d\u00e9dale compartiment\u00e9.<\/em><\/p><p><em>Impr\u00e9gn\u00e9e d\u2019une luminosit\u00e9 tranch\u00e9e de noir, il tremble, se dilue, peut-\u00eatre par crainte de revivre ce qu\u2019il voit.<\/em><\/p><p><em>Les vibrations sont trop fortes. Son \u00e2me est confuse. Il a besoin de s\u2019asseoir sur un banc, de s\u2019entrem\u00ealer \u00e0 l\u2019obscurit\u00e9, de s\u2019oublier un instant.<\/em><\/p><p><em>Puis, il reprend son chemin, p\u00e9n\u00e9trant dans une pi\u00e8ce \u00e0 l\u2019\u00e9clairage intense mais blafard, un endroit dans lequel il a sans doute v\u00e9cu. Le contact de la table est agr\u00e9able. Il se souvient, il sourit.<\/em><\/p><p><em>Mais il doit continuer, se confrontant \u00e0 la clandestinit\u00e9 d\u2019une machine ayant servi \u00e0 imprimer tracts et faux papiers, engin qu\u2019il a bien connu, ainsi que son ami Doisneau.<\/em><\/p><p><em>Il est triste, fatigu\u00e9, envahi par une \u00e9ni\u00e8me vague de m\u00e9lancolie, \u00e9touffant dans l\u2019\u00e9troitesse de ces murs aveugles le long desquels suinte encore la souffrance.<\/em><\/p><p><em>Il doit s\u2019en aller au plus vite.<\/em><\/p><p><em>Cheminant entre caisses en bois et autres armoires, il d\u00e9ambule vers la sortie et disparait\u2026<\/em><\/p><p><em>Apr\u00e8s toutes ces ann\u00e9es d\u2019errance, on en a conclu qu\u2019il concentrait en lui la m\u00e9moire du mus\u00e9e, mettant peut-\u00eatre en garde le visiteur que \u00ab\u00a0ceux qui ne se souviennent pas du pass\u00e9 sont condamn\u00e9s \u00e0 le revivre\u00a0\u00bb.<\/em><\/p><p>\u00a0<\/p>\t\t\t\t\t\t\t\t<\/div>\n\t\t\t\t<\/div>\n\t\t\t\t\t<\/div>\n\t\t<\/div>\n\t\t\t\t\t<\/div>\n\t\t<\/section>\n\t\t\t\t<\/div>\n\t\t","protected":false},"excerpt":{"rendered":"<p>Sans titre 1 Sans titre 2 Sans titre 3 Sans titre 4 Sans titre 5 Sans titre 6 Sans titre 7 Sans titre 8 Sans titre 9 Sans titre 10 Sans titre 11 Cette s\u00e9rie, cr\u00e9\u00e9e \u00e0 l\u2019origine en r\u00e9sonance avec les journ\u00e9es lyonnaises du patrimoine 2011 et r\u00e9alis\u00e9e sous forme de conte apocalyptique dans l\u2019enceinte du Centre d\u2019Histoire de la R\u00e9sistance et de la D\u00e9portation, a pour objectif de mettre en images le poids du pass\u00e9 concentr\u00e9 dans ce&#8230;<\/p>\n<p class=\"read-more\"><a class=\"btn btn-default\" href=\"https:\/\/jrberlioz.com\/fr\/?page_id=501\">Lire la suite<span class=\"screen-reader-text\"> Lire la suite<\/span><\/a><\/p>\n","protected":false},"author":1,"featured_media":0,"parent":0,"menu_order":0,"comment_status":"closed","ping_status":"closed","template":"","meta":{"footnotes":""},"class_list":["post-501","page","type-page","status-publish","hentry"],"_links":{"self":[{"href":"https:\/\/jrberlioz.com\/fr\/index.php?rest_route=\/wp\/v2\/pages\/501","targetHints":{"allow":["GET"]}}],"collection":[{"href":"https:\/\/jrberlioz.com\/fr\/index.php?rest_route=\/wp\/v2\/pages"}],"about":[{"href":"https:\/\/jrberlioz.com\/fr\/index.php?rest_route=\/wp\/v2\/types\/page"}],"author":[{"embeddable":true,"href":"https:\/\/jrberlioz.com\/fr\/index.php?rest_route=\/wp\/v2\/users\/1"}],"replies":[{"embeddable":true,"href":"https:\/\/jrberlioz.com\/fr\/index.php?rest_route=%2Fwp%2Fv2%2Fcomments&post=501"}],"version-history":[{"count":12,"href":"https:\/\/jrberlioz.com\/fr\/index.php?rest_route=\/wp\/v2\/pages\/501\/revisions"}],"predecessor-version":[{"id":4673,"href":"https:\/\/jrberlioz.com\/fr\/index.php?rest_route=\/wp\/v2\/pages\/501\/revisions\/4673"}],"wp:attachment":[{"href":"https:\/\/jrberlioz.com\/fr\/index.php?rest_route=%2Fwp%2Fv2%2Fmedia&parent=501"}],"curies":[{"name":"wp","href":"https:\/\/api.w.org\/{rel}","templated":true}]}}