{"id":499,"date":"2017-01-20T18:17:33","date_gmt":"2017-01-20T17:17:33","guid":{"rendered":"http:\/\/jrberlioz.com\/fr\/?page_id=499"},"modified":"2020-11-28T19:38:19","modified_gmt":"2020-11-28T18:38:19","slug":"au-fil-de-leau","status":"publish","type":"page","link":"https:\/\/jrberlioz.com\/fr\/?page_id=499","title":{"rendered":"AU FIL DE L&rsquo;EAU"},"content":{"rendered":"\t\t<div data-elementor-type=\"wp-page\" data-elementor-id=\"499\" class=\"elementor elementor-499\">\n\t\t\t\t\t\t<section class=\"elementor-section elementor-top-section elementor-element elementor-element-29007f85 elementor-section-boxed elementor-section-height-default elementor-section-height-default\" data-id=\"29007f85\" data-element_type=\"section\" data-e-type=\"section\">\n\t\t\t\t\t\t<div class=\"elementor-container elementor-column-gap-default\">\n\t\t\t\t\t<div class=\"elementor-column elementor-col-100 elementor-top-column elementor-element elementor-element-26a7095d\" data-id=\"26a7095d\" data-element_type=\"column\" data-e-type=\"column\">\n\t\t\t<div class=\"elementor-widget-wrap elementor-element-populated\">\n\t\t\t\t\t\t<div class=\"elementor-element elementor-element-318bb62 elementor-widget elementor-widget-image-gallery\" data-id=\"318bb62\" data-element_type=\"widget\" data-e-type=\"widget\" data-widget_type=\"image-gallery.default\">\n\t\t\t\t<div class=\"elementor-widget-container\">\n\t\t\t\t\t\t\t<div class=\"elementor-image-gallery\">\n\t\t\t<div id='gallery-1' class='gallery galleryid-499 gallery-columns-3 gallery-size-medium'><figure class='gallery-item'>\n\t\t\t<div class='gallery-icon landscape'>\n\t\t\t\t<a data-elementor-open-lightbox=\"yes\" data-elementor-lightbox-slideshow=\"318bb62\" data-elementor-lightbox-title=\"csc_0884\" data-e-action-hash=\"#elementor-action%3Aaction%3Dlightbox%26settings%3DeyJpZCI6MjM2LCJ1cmwiOiJodHRwczpcL1wvanJiZXJsaW96LmNvbVwvZnJcL3dwLWNvbnRlbnRcL3VwbG9hZHNcLzIwMTZcLzA5XC9DU0NfMDg4NC0tZTE0NzQyMTU4Mzg0MDYuanBnIiwic2xpZGVzaG93IjoiMzE4YmI2MiJ9\" href='https:\/\/jrberlioz.com\/fr\/wp-content\/uploads\/2016\/09\/CSC_0884--e1474215838406.jpg'><img fetchpriority=\"high\" decoding=\"async\" width=\"300\" height=\"199\" src=\"https:\/\/jrberlioz.com\/fr\/wp-content\/uploads\/2016\/09\/CSC_0884--300x199.jpg\" class=\"attachment-medium size-medium\" alt=\"\" aria-describedby=\"gallery-1-236\" srcset=\"https:\/\/jrberlioz.com\/fr\/wp-content\/uploads\/2016\/09\/CSC_0884--300x199.jpg 300w, https:\/\/jrberlioz.com\/fr\/wp-content\/uploads\/2016\/09\/CSC_0884--e1474215838406-600x399.jpg 600w, https:\/\/jrberlioz.com\/fr\/wp-content\/uploads\/2016\/09\/CSC_0884--768x510.jpg 768w, https:\/\/jrberlioz.com\/fr\/wp-content\/uploads\/2016\/09\/CSC_0884--1024x680.jpg 1024w, https:\/\/jrberlioz.com\/fr\/wp-content\/uploads\/2016\/09\/CSC_0884--440x292.jpg 440w, https:\/\/jrberlioz.com\/fr\/wp-content\/uploads\/2016\/09\/CSC_0884--680x452.jpg 680w, https:\/\/jrberlioz.com\/fr\/wp-content\/uploads\/2016\/09\/CSC_0884--e1474215838406.jpg 1400w\" sizes=\"(max-width: 300px) 100vw, 300px\" \/><\/a>\n\t\t\t<\/div>\n\t\t\t\t<figcaption class='wp-caption-text gallery-caption' id='gallery-1-236'>\n\t\t\t\tSans titre 1\n\t\t\t\t<\/figcaption><\/figure><figure class='gallery-item'>\n\t\t\t<div class='gallery-icon landscape'>\n\t\t\t\t<a data-elementor-open-lightbox=\"yes\" data-elementor-lightbox-slideshow=\"318bb62\" data-elementor-lightbox-title=\"DSC_0898 modifie\u0301e\" data-e-action-hash=\"#elementor-action%3Aaction%3Dlightbox%26settings%3DeyJpZCI6ODU5LCJ1cmwiOiJodHRwczpcL1wvanJiZXJsaW96LmNvbVwvZnJcL3dwLWNvbnRlbnRcL3VwbG9hZHNcLzIwMThcLzA2XC9EU0NfMDg5OC1tb2RpZmllXHUwMzAxZS1lMTUyOTM0OTYxMzQ3My5qcGciLCJzbGlkZXNob3ciOiIzMThiYjYyIn0%3D\" href='https:\/\/jrberlioz.com\/fr\/wp-content\/uploads\/2018\/06\/DSC_0898-modifie\u0301e-e1529349613473.jpg'><img decoding=\"async\" width=\"300\" height=\"199\" src=\"https:\/\/jrberlioz.com\/fr\/wp-content\/uploads\/2018\/06\/DSC_0898-modifie\u0301e-300x199.jpg\" class=\"attachment-medium size-medium\" alt=\"\" aria-describedby=\"gallery-1-859\" srcset=\"https:\/\/jrberlioz.com\/fr\/wp-content\/uploads\/2018\/06\/DSC_0898-modifie\u0301e-300x199.jpg 300w, https:\/\/jrberlioz.com\/fr\/wp-content\/uploads\/2018\/06\/DSC_0898-modifie\u0301e-e1529349613473-600x399.jpg 600w, https:\/\/jrberlioz.com\/fr\/wp-content\/uploads\/2018\/06\/DSC_0898-modifie\u0301e-768x510.jpg 768w, https:\/\/jrberlioz.com\/fr\/wp-content\/uploads\/2018\/06\/DSC_0898-modifie\u0301e-1024x680.jpg 1024w, https:\/\/jrberlioz.com\/fr\/wp-content\/uploads\/2018\/06\/DSC_0898-modifie\u0301e-e1529349613473.jpg 1505w\" sizes=\"(max-width: 300px) 100vw, 300px\" \/><\/a>\n\t\t\t<\/div>\n\t\t\t\t<figcaption class='wp-caption-text gallery-caption' id='gallery-1-859'>\n\t\t\t\tSans titre 2\n\t\t\t\t<\/figcaption><\/figure><figure class='gallery-item'>\n\t\t\t<div class='gallery-icon landscape'>\n\t\t\t\t<a data-elementor-open-lightbox=\"yes\" data-elementor-lightbox-slideshow=\"318bb62\" data-elementor-lightbox-title=\"DSC_0896 modifie\u0301e 3\" data-e-action-hash=\"#elementor-action%3Aaction%3Dlightbox%26settings%3DeyJpZCI6ODU4LCJ1cmwiOiJodHRwczpcL1wvanJiZXJsaW96LmNvbVwvZnJcL3dwLWNvbnRlbnRcL3VwbG9hZHNcLzIwMThcLzA2XC9EU0NfMDg5Ni1tb2RpZmllXHUwMzAxZS0zLWUxNTI5MzQ4ODQ5NjMxLmpwZyIsInNsaWRlc2hvdyI6IjMxOGJiNjIifQ%3D%3D\" href='https:\/\/jrberlioz.com\/fr\/wp-content\/uploads\/2018\/06\/DSC_0896-modifie\u0301e-3-e1529348849631.jpg'><img decoding=\"async\" width=\"300\" height=\"199\" src=\"https:\/\/jrberlioz.com\/fr\/wp-content\/uploads\/2018\/06\/DSC_0896-modifie\u0301e-3-300x199.jpg\" class=\"attachment-medium size-medium\" alt=\"\" aria-describedby=\"gallery-1-858\" srcset=\"https:\/\/jrberlioz.com\/fr\/wp-content\/uploads\/2018\/06\/DSC_0896-modifie\u0301e-3-300x199.jpg 300w, https:\/\/jrberlioz.com\/fr\/wp-content\/uploads\/2018\/06\/DSC_0896-modifie\u0301e-3-e1529348849631-600x398.jpg 600w, https:\/\/jrberlioz.com\/fr\/wp-content\/uploads\/2018\/06\/DSC_0896-modifie\u0301e-3-768x510.jpg 768w, https:\/\/jrberlioz.com\/fr\/wp-content\/uploads\/2018\/06\/DSC_0896-modifie\u0301e-3-1024x680.jpg 1024w\" sizes=\"(max-width: 300px) 100vw, 300px\" \/><\/a>\n\t\t\t<\/div>\n\t\t\t\t<figcaption class='wp-caption-text gallery-caption' id='gallery-1-858'>\n\t\t\t\tSans titre 3\n\t\t\t\t<\/figcaption><\/figure><figure class='gallery-item'>\n\t\t\t<div class='gallery-icon landscape'>\n\t\t\t\t<a data-elementor-open-lightbox=\"yes\" data-elementor-lightbox-slideshow=\"318bb62\" data-elementor-lightbox-title=\"CSC_0885 modifie\u0301e 2\" data-e-action-hash=\"#elementor-action%3Aaction%3Dlightbox%26settings%3DeyJpZCI6ODU1LCJ1cmwiOiJodHRwczpcL1wvanJiZXJsaW96LmNvbVwvZnJcL3dwLWNvbnRlbnRcL3VwbG9hZHNcLzIwMThcLzA2XC9DU0NfMDg4NS1tb2RpZmllXHUwMzAxZS0yLWUxNTI5MzQ4NjI1NDc4LmpwZyIsInNsaWRlc2hvdyI6IjMxOGJiNjIifQ%3D%3D\" href='https:\/\/jrberlioz.com\/fr\/wp-content\/uploads\/2018\/06\/CSC_0885-modifie\u0301e-2-e1529348625478.jpg'><img loading=\"lazy\" decoding=\"async\" width=\"300\" height=\"199\" src=\"https:\/\/jrberlioz.com\/fr\/wp-content\/uploads\/2018\/06\/CSC_0885-modifie\u0301e-2-300x199.jpg\" class=\"attachment-medium size-medium\" alt=\"\" aria-describedby=\"gallery-1-855\" srcset=\"https:\/\/jrberlioz.com\/fr\/wp-content\/uploads\/2018\/06\/CSC_0885-modifie\u0301e-2-300x199.jpg 300w, https:\/\/jrberlioz.com\/fr\/wp-content\/uploads\/2018\/06\/CSC_0885-modifie\u0301e-2-e1529348625478-600x398.jpg 600w, https:\/\/jrberlioz.com\/fr\/wp-content\/uploads\/2018\/06\/CSC_0885-modifie\u0301e-2-768x510.jpg 768w, https:\/\/jrberlioz.com\/fr\/wp-content\/uploads\/2018\/06\/CSC_0885-modifie\u0301e-2-1024x680.jpg 1024w\" sizes=\"(max-width: 300px) 100vw, 300px\" \/><\/a>\n\t\t\t<\/div>\n\t\t\t\t<figcaption class='wp-caption-text gallery-caption' id='gallery-1-855'>\n\t\t\t\tSans titre 4\n\t\t\t\t<\/figcaption><\/figure><figure class='gallery-item'>\n\t\t\t<div class='gallery-icon landscape'>\n\t\t\t\t<a data-elementor-open-lightbox=\"yes\" data-elementor-lightbox-slideshow=\"318bb62\" data-elementor-lightbox-title=\"CSC_0888 modifie\u0301e\" data-e-action-hash=\"#elementor-action%3Aaction%3Dlightbox%26settings%3DeyJpZCI6ODU2LCJ1cmwiOiJodHRwczpcL1wvanJiZXJsaW96LmNvbVwvZnJcL3dwLWNvbnRlbnRcL3VwbG9hZHNcLzIwMThcLzA2XC9DU0NfMDg4OC1tb2RpZmllXHUwMzAxZS1lMTUyOTM0OTY1OTg0Mi1zY2FsZWQuanBnIiwic2xpZGVzaG93IjoiMzE4YmI2MiJ9\" href='https:\/\/jrberlioz.com\/fr\/wp-content\/uploads\/2018\/06\/CSC_0888-modifie\u0301e-e1529349659842-scaled.jpg'><img loading=\"lazy\" decoding=\"async\" width=\"300\" height=\"199\" src=\"https:\/\/jrberlioz.com\/fr\/wp-content\/uploads\/2018\/06\/CSC_0888-modifie\u0301e-300x199.jpg\" class=\"attachment-medium size-medium\" alt=\"\" aria-describedby=\"gallery-1-856\" srcset=\"https:\/\/jrberlioz.com\/fr\/wp-content\/uploads\/2018\/06\/CSC_0888-modifie\u0301e-300x199.jpg 300w, https:\/\/jrberlioz.com\/fr\/wp-content\/uploads\/2018\/06\/CSC_0888-modifie\u0301e-e1529349659842-scaled-600x398.jpg 600w, https:\/\/jrberlioz.com\/fr\/wp-content\/uploads\/2018\/06\/CSC_0888-modifie\u0301e-768x510.jpg 768w, https:\/\/jrberlioz.com\/fr\/wp-content\/uploads\/2018\/06\/CSC_0888-modifie\u0301e-1024x680.jpg 1024w\" sizes=\"(max-width: 300px) 100vw, 300px\" \/><\/a>\n\t\t\t<\/div>\n\t\t\t\t<figcaption class='wp-caption-text gallery-caption' id='gallery-1-856'>\n\t\t\t\tSans titre 5\n\t\t\t\t<\/figcaption><\/figure><figure class='gallery-item'>\n\t\t\t<div class='gallery-icon landscape'>\n\t\t\t\t<a data-elementor-open-lightbox=\"yes\" data-elementor-lightbox-slideshow=\"318bb62\" data-elementor-lightbox-title=\"CSC_0895 modifie\u0301e\" data-e-action-hash=\"#elementor-action%3Aaction%3Dlightbox%26settings%3DeyJpZCI6ODU3LCJ1cmwiOiJodHRwczpcL1wvanJiZXJsaW96LmNvbVwvZnJcL3dwLWNvbnRlbnRcL3VwbG9hZHNcLzIwMThcLzA2XC9DU0NfMDg5NS1tb2RpZmllXHUwMzAxZS1lMTUyOTM0OTY0MzUwNC1zY2FsZWQuanBnIiwic2xpZGVzaG93IjoiMzE4YmI2MiJ9\" href='https:\/\/jrberlioz.com\/fr\/wp-content\/uploads\/2018\/06\/CSC_0895-modifie\u0301e-e1529349643504-scaled.jpg'><img loading=\"lazy\" decoding=\"async\" width=\"300\" height=\"199\" src=\"https:\/\/jrberlioz.com\/fr\/wp-content\/uploads\/2018\/06\/CSC_0895-modifie\u0301e-300x199.jpg\" class=\"attachment-medium size-medium\" alt=\"\" aria-describedby=\"gallery-1-857\" srcset=\"https:\/\/jrberlioz.com\/fr\/wp-content\/uploads\/2018\/06\/CSC_0895-modifie\u0301e-300x199.jpg 300w, https:\/\/jrberlioz.com\/fr\/wp-content\/uploads\/2018\/06\/CSC_0895-modifie\u0301e-e1529349643504-scaled-600x398.jpg 600w, https:\/\/jrberlioz.com\/fr\/wp-content\/uploads\/2018\/06\/CSC_0895-modifie\u0301e-768x510.jpg 768w, https:\/\/jrberlioz.com\/fr\/wp-content\/uploads\/2018\/06\/CSC_0895-modifie\u0301e-1024x680.jpg 1024w\" sizes=\"(max-width: 300px) 100vw, 300px\" \/><\/a>\n\t\t\t<\/div>\n\t\t\t\t<figcaption class='wp-caption-text gallery-caption' id='gallery-1-857'>\n\t\t\t\tSans titre 6\n\t\t\t\t<\/figcaption><\/figure>\n\t\t<\/div>\n\t\t<\/div>\n\t\t\t\t\t\t<\/div>\n\t\t\t\t<\/div>\n\t\t\t\t<div class=\"elementor-element elementor-element-400bc7a8 elementor-widget elementor-widget-text-editor\" data-id=\"400bc7a8\" data-element_type=\"widget\" data-e-type=\"widget\" data-widget_type=\"text-editor.default\">\n\t\t\t\t<div class=\"elementor-widget-container\">\n\t\t\t\t\t\t\t\t\t<p align=\"justify\">La pluie, \u00e9l\u00e9ment liquide par excellence, source de vie et d\u2019\u00e9volution, rythme nos jours et nos nuits par son ruissellement sur les asp\u00e9rit\u00e9s urbaines, son cr\u00e9pitement, marquant la mati\u00e8re de son empreinte translucide.<\/p><p>En une \u00e9nergie multiforme, un millier de gouttes d\u2019eau s\u2019abattent sur la terre comme un millier de constellations, capturant la lumi\u00e8re dans leur sillage.<\/p><p>Dans un jeu de miroitements, de scintillements et d\u2019obscure clart\u00e9, les particules d\u2019eau, repoussent ici les limites de l\u2019imaginaire et de l\u2019insondable, jusqu\u2019\u00e0 franchir les \u00e9toiles et les galaxies.<\/p>\t\t\t\t\t\t\t\t<\/div>\n\t\t\t\t<\/div>\n\t\t\t\t\t<\/div>\n\t\t<\/div>\n\t\t\t\t\t<\/div>\n\t\t<\/section>\n\t\t\t\t<section class=\"elementor-section elementor-top-section elementor-element elementor-element-6f643b9 elementor-section-boxed elementor-section-height-default elementor-section-height-default\" data-id=\"6f643b9\" data-element_type=\"section\" data-e-type=\"section\">\n\t\t\t\t\t\t<div class=\"elementor-container elementor-column-gap-default\">\n\t\t\t\t\t<div class=\"elementor-column elementor-col-100 elementor-top-column elementor-element elementor-element-877c58e\" data-id=\"877c58e\" data-element_type=\"column\" data-e-type=\"column\">\n\t\t\t<div class=\"elementor-widget-wrap\">\n\t\t\t\t\t\t\t<\/div>\n\t\t<\/div>\n\t\t\t\t\t<\/div>\n\t\t<\/section>\n\t\t\t\t<section class=\"elementor-section elementor-top-section elementor-element elementor-element-6585135 elementor-section-boxed elementor-section-height-default elementor-section-height-default\" data-id=\"6585135\" data-element_type=\"section\" data-e-type=\"section\">\n\t\t\t\t\t\t<div class=\"elementor-container elementor-column-gap-default\">\n\t\t\t\t\t<div class=\"elementor-column elementor-col-100 elementor-top-column elementor-element elementor-element-69bc3d0\" data-id=\"69bc3d0\" data-element_type=\"column\" data-e-type=\"column\">\n\t\t\t<div class=\"elementor-widget-wrap elementor-element-populated\">\n\t\t\t\t\t\t\t<\/div>\n\t\t<\/div>\n\t\t\t\t\t<\/div>\n\t\t<\/section>\n\t\t\t\t<\/div>\n\t\t","protected":false},"excerpt":{"rendered":"<p>Sans titre 1 Sans titre 2 Sans titre 3 Sans titre 4 Sans titre 5 Sans titre 6 La pluie, \u00e9l\u00e9ment liquide par excellence, source de vie et d\u2019\u00e9volution, rythme nos jours et nos nuits par son ruissellement sur les asp\u00e9rit\u00e9s urbaines, son cr\u00e9pitement, marquant la mati\u00e8re de son empreinte translucide. En une \u00e9nergie multiforme, un millier de gouttes d\u2019eau s\u2019abattent sur la terre comme un millier de constellations, capturant la lumi\u00e8re dans leur sillage. Dans un jeu de miroitements,&#8230;<\/p>\n<p class=\"read-more\"><a class=\"btn btn-default\" href=\"https:\/\/jrberlioz.com\/fr\/?page_id=499\">Lire la suite<span class=\"screen-reader-text\"> Lire la suite<\/span><\/a><\/p>\n","protected":false},"author":1,"featured_media":0,"parent":0,"menu_order":0,"comment_status":"closed","ping_status":"closed","template":"","meta":{"footnotes":""},"class_list":["post-499","page","type-page","status-publish","hentry"],"_links":{"self":[{"href":"https:\/\/jrberlioz.com\/fr\/index.php?rest_route=\/wp\/v2\/pages\/499","targetHints":{"allow":["GET"]}}],"collection":[{"href":"https:\/\/jrberlioz.com\/fr\/index.php?rest_route=\/wp\/v2\/pages"}],"about":[{"href":"https:\/\/jrberlioz.com\/fr\/index.php?rest_route=\/wp\/v2\/types\/page"}],"author":[{"embeddable":true,"href":"https:\/\/jrberlioz.com\/fr\/index.php?rest_route=\/wp\/v2\/users\/1"}],"replies":[{"embeddable":true,"href":"https:\/\/jrberlioz.com\/fr\/index.php?rest_route=%2Fwp%2Fv2%2Fcomments&post=499"}],"version-history":[{"count":9,"href":"https:\/\/jrberlioz.com\/fr\/index.php?rest_route=\/wp\/v2\/pages\/499\/revisions"}],"predecessor-version":[{"id":4669,"href":"https:\/\/jrberlioz.com\/fr\/index.php?rest_route=\/wp\/v2\/pages\/499\/revisions\/4669"}],"wp:attachment":[{"href":"https:\/\/jrberlioz.com\/fr\/index.php?rest_route=%2Fwp%2Fv2%2Fmedia&parent=499"}],"curies":[{"name":"wp","href":"https:\/\/api.w.org\/{rel}","templated":true}]}}