{"id":4973,"date":"2022-01-08T16:32:10","date_gmt":"2022-01-08T15:32:10","guid":{"rendered":"https:\/\/jrberlioz.com\/fr\/?page_id=4973"},"modified":"2022-01-08T17:44:13","modified_gmt":"2022-01-08T16:44:13","slug":"autoportrait-2","status":"publish","type":"page","link":"https:\/\/jrberlioz.com\/fr\/?page_id=4973","title":{"rendered":"AUTOPORTRAIT"},"content":{"rendered":"\t\t<div data-elementor-type=\"wp-page\" data-elementor-id=\"4973\" class=\"elementor elementor-4973\">\n\t\t\t\t\t\t<section class=\"elementor-section elementor-top-section elementor-element elementor-element-7de004f elementor-section-boxed elementor-section-height-default elementor-section-height-default\" data-id=\"7de004f\" data-element_type=\"section\" data-e-type=\"section\">\n\t\t\t\t\t\t<div class=\"elementor-container elementor-column-gap-default\">\n\t\t\t\t\t<div class=\"elementor-column elementor-col-100 elementor-top-column elementor-element elementor-element-7a84846\" data-id=\"7a84846\" data-element_type=\"column\" data-e-type=\"column\">\n\t\t\t<div class=\"elementor-widget-wrap\">\n\t\t\t\t\t\t\t<\/div>\n\t\t<\/div>\n\t\t\t\t\t<\/div>\n\t\t<\/section>\n\t\t\t\t<section class=\"elementor-section elementor-top-section elementor-element elementor-element-263c1b9 elementor-section-boxed elementor-section-height-default elementor-section-height-default\" data-id=\"263c1b9\" data-element_type=\"section\" data-e-type=\"section\">\n\t\t\t\t\t\t<div class=\"elementor-container elementor-column-gap-default\">\n\t\t\t\t\t<div class=\"elementor-column elementor-col-100 elementor-top-column elementor-element elementor-element-d004702\" data-id=\"d004702\" data-element_type=\"column\" data-e-type=\"column\">\n\t\t\t<div class=\"elementor-widget-wrap elementor-element-populated\">\n\t\t\t\t\t\t<div class=\"elementor-element elementor-element-76d6375 elementor-widget elementor-widget-image-gallery\" data-id=\"76d6375\" data-element_type=\"widget\" data-e-type=\"widget\" data-widget_type=\"image-gallery.default\">\n\t\t\t\t<div class=\"elementor-widget-container\">\n\t\t\t\t\t\t\t<div class=\"elementor-image-gallery\">\n\t\t\t<div id='gallery-1' class='gallery galleryid-4973 gallery-columns-2 gallery-size-medium'><figure class='gallery-item'>\n\t\t\t<div class='gallery-icon landscape'>\n\t\t\t\t<a data-elementor-open-lightbox=\"yes\" data-elementor-lightbox-slideshow=\"76d6375\" data-elementor-lightbox-title=\"img001\" data-e-action-hash=\"#elementor-action%3Aaction%3Dlightbox%26settings%3DeyJpZCI6NDk3NywidXJsIjoiaHR0cHM6XC9cL2pyYmVybGlvei5jb21cL2ZyXC93cC1jb250ZW50XC91cGxvYWRzXC8yMDIyXC8wMVwvaW1nMDAyLWMuanBnIiwic2xpZGVzaG93IjoiNzZkNjM3NSJ9\" href='https:\/\/jrberlioz.com\/fr\/wp-content\/uploads\/2022\/01\/img002-c.jpg'><img fetchpriority=\"high\" decoding=\"async\" width=\"300\" height=\"211\" src=\"https:\/\/jrberlioz.com\/fr\/wp-content\/uploads\/2022\/01\/img002-c-300x211.jpg\" class=\"attachment-medium size-medium\" alt=\"\" aria-describedby=\"gallery-1-4977\" srcset=\"https:\/\/jrberlioz.com\/fr\/wp-content\/uploads\/2022\/01\/img002-c-300x211.jpg 300w, https:\/\/jrberlioz.com\/fr\/wp-content\/uploads\/2022\/01\/img002-c-600x423.jpg 600w, https:\/\/jrberlioz.com\/fr\/wp-content\/uploads\/2022\/01\/img002-c-1024x721.jpg 1024w, https:\/\/jrberlioz.com\/fr\/wp-content\/uploads\/2022\/01\/img002-c-768x541.jpg 768w, https:\/\/jrberlioz.com\/fr\/wp-content\/uploads\/2022\/01\/img002-c-1536x1082.jpg 1536w, https:\/\/jrberlioz.com\/fr\/wp-content\/uploads\/2022\/01\/img002-c-383x270.jpg 383w, https:\/\/jrberlioz.com\/fr\/wp-content\/uploads\/2022\/01\/img002-c.jpg 1677w\" sizes=\"(max-width: 300px) 100vw, 300px\" \/><\/a>\n\t\t\t<\/div>\n\t\t\t\t<figcaption class='wp-caption-text gallery-caption' id='gallery-1-4977'>\n\t\t\t\tSans titre 1\n\t\t\t\t<\/figcaption><\/figure><figure class='gallery-item'>\n\t\t\t<div class='gallery-icon landscape'>\n\t\t\t\t<a data-elementor-open-lightbox=\"yes\" data-elementor-lightbox-slideshow=\"76d6375\" data-elementor-lightbox-title=\"img002\" data-e-action-hash=\"#elementor-action%3Aaction%3Dlightbox%26settings%3DeyJpZCI6NDk3NiwidXJsIjoiaHR0cHM6XC9cL2pyYmVybGlvei5jb21cL2ZyXC93cC1jb250ZW50XC91cGxvYWRzXC8yMDIyXC8wMVwvaW1nMDAxLWMuanBnIiwic2xpZGVzaG93IjoiNzZkNjM3NSJ9\" href='https:\/\/jrberlioz.com\/fr\/wp-content\/uploads\/2022\/01\/img001-c.jpg'><img decoding=\"async\" width=\"300\" height=\"208\" src=\"https:\/\/jrberlioz.com\/fr\/wp-content\/uploads\/2022\/01\/img001-c-300x208.jpg\" class=\"attachment-medium size-medium\" alt=\"\" aria-describedby=\"gallery-1-4976\" srcset=\"https:\/\/jrberlioz.com\/fr\/wp-content\/uploads\/2022\/01\/img001-c-300x208.jpg 300w, https:\/\/jrberlioz.com\/fr\/wp-content\/uploads\/2022\/01\/img001-c-600x415.jpg 600w, https:\/\/jrberlioz.com\/fr\/wp-content\/uploads\/2022\/01\/img001-c-1024x708.jpg 1024w, https:\/\/jrberlioz.com\/fr\/wp-content\/uploads\/2022\/01\/img001-c-768x531.jpg 768w, https:\/\/jrberlioz.com\/fr\/wp-content\/uploads\/2022\/01\/img001-c-1536x1063.jpg 1536w, https:\/\/jrberlioz.com\/fr\/wp-content\/uploads\/2022\/01\/img001-c-390x270.jpg 390w, https:\/\/jrberlioz.com\/fr\/wp-content\/uploads\/2022\/01\/img001-c.jpg 1707w\" sizes=\"(max-width: 300px) 100vw, 300px\" \/><\/a>\n\t\t\t<\/div>\n\t\t\t\t<figcaption class='wp-caption-text gallery-caption' id='gallery-1-4976'>\n\t\t\t\tSans titre 2\n\t\t\t\t<\/figcaption><\/figure>\n\t\t<\/div>\n\t\t<\/div>\n\t\t\t\t\t\t<\/div>\n\t\t\t\t<\/div>\n\t\t\t\t\t<\/div>\n\t\t<\/div>\n\t\t\t\t\t<\/div>\n\t\t<\/section>\n\t\t\t\t<section class=\"elementor-section elementor-top-section elementor-element elementor-element-4359152 elementor-section-boxed elementor-section-height-default elementor-section-height-default\" data-id=\"4359152\" data-element_type=\"section\" data-e-type=\"section\">\n\t\t\t\t\t\t<div class=\"elementor-container elementor-column-gap-default\">\n\t\t\t\t\t<div class=\"elementor-column elementor-col-100 elementor-top-column elementor-element elementor-element-a3ac3bb\" data-id=\"a3ac3bb\" data-element_type=\"column\" data-e-type=\"column\">\n\t\t\t<div class=\"elementor-widget-wrap elementor-element-populated\">\n\t\t\t\t\t\t<div class=\"elementor-element elementor-element-d11f7a9 elementor-widget elementor-widget-text-editor\" data-id=\"d11f7a9\" data-element_type=\"widget\" data-e-type=\"widget\" data-widget_type=\"text-editor.default\">\n\t\t\t\t<div class=\"elementor-widget-container\">\n\t\t\t\t\t\t\t\t\t<p>Selon le chef de file du surr\u00e9alisme Andr\u00e9 Breton, l&rsquo;autoportrait immortalise les recoins de l&rsquo;\u00e2me.<\/p><p>Autoportrait op\u00e8re une plong\u00e9e introspective par la repr\u00e9sentation multiforme de son auteur.<\/p><p>Il est la recherche d&rsquo;une authenticit\u00e9 v\u00e9ritable affranchit de toute valeur sociale.<\/p><p>L&rsquo;abstraction du r\u00e9el qui en d\u00e9coule est le fruit d&rsquo;un \u00e9clatement. Se d\u00e9construire pour mieux se d\u00e9finir.<\/p><p>L&rsquo;autoportraitiste laisse ainsi courir son index par le jeu de l&rsquo;\u00e9criture automatique, vecteur de ses d\u00e9sirs profonds.<\/p>\t\t\t\t\t\t\t\t<\/div>\n\t\t\t\t<\/div>\n\t\t\t\t\t<\/div>\n\t\t<\/div>\n\t\t\t\t\t<\/div>\n\t\t<\/section>\n\t\t\t\t<\/div>\n\t\t","protected":false},"excerpt":{"rendered":"<p>Sans titre 1 Sans titre 2 Selon le chef de file du surr\u00e9alisme Andr\u00e9 Breton, l&rsquo;autoportrait immortalise les recoins de l&rsquo;\u00e2me. Autoportrait op\u00e8re une plong\u00e9e introspective par la repr\u00e9sentation multiforme de son auteur. Il est la recherche d&rsquo;une authenticit\u00e9 v\u00e9ritable affranchit de toute valeur sociale. L&rsquo;abstraction du r\u00e9el qui en d\u00e9coule est le fruit d&rsquo;un \u00e9clatement. Se d\u00e9construire pour mieux se d\u00e9finir. L&rsquo;autoportraitiste laisse ainsi courir son index par le jeu de l&rsquo;\u00e9criture automatique, vecteur de ses d\u00e9sirs profonds.<\/p>\n","protected":false},"author":1,"featured_media":0,"parent":0,"menu_order":0,"comment_status":"closed","ping_status":"closed","template":"","meta":{"footnotes":""},"class_list":["post-4973","page","type-page","status-publish","hentry"],"_links":{"self":[{"href":"https:\/\/jrberlioz.com\/fr\/index.php?rest_route=\/wp\/v2\/pages\/4973","targetHints":{"allow":["GET"]}}],"collection":[{"href":"https:\/\/jrberlioz.com\/fr\/index.php?rest_route=\/wp\/v2\/pages"}],"about":[{"href":"https:\/\/jrberlioz.com\/fr\/index.php?rest_route=\/wp\/v2\/types\/page"}],"author":[{"embeddable":true,"href":"https:\/\/jrberlioz.com\/fr\/index.php?rest_route=\/wp\/v2\/users\/1"}],"replies":[{"embeddable":true,"href":"https:\/\/jrberlioz.com\/fr\/index.php?rest_route=%2Fwp%2Fv2%2Fcomments&post=4973"}],"version-history":[{"count":10,"href":"https:\/\/jrberlioz.com\/fr\/index.php?rest_route=\/wp\/v2\/pages\/4973\/revisions"}],"predecessor-version":[{"id":4988,"href":"https:\/\/jrberlioz.com\/fr\/index.php?rest_route=\/wp\/v2\/pages\/4973\/revisions\/4988"}],"wp:attachment":[{"href":"https:\/\/jrberlioz.com\/fr\/index.php?rest_route=%2Fwp%2Fv2%2Fmedia&parent=4973"}],"curies":[{"name":"wp","href":"https:\/\/api.w.org\/{rel}","templated":true}]}}