{"id":497,"date":"2017-01-20T18:16:51","date_gmt":"2017-01-20T17:16:51","guid":{"rendered":"http:\/\/jrberlioz.com\/fr\/?page_id=497"},"modified":"2022-01-08T17:57:45","modified_gmt":"2022-01-08T16:57:45","slug":"matieres-vibrantes","status":"publish","type":"page","link":"https:\/\/jrberlioz.com\/fr\/?page_id=497","title":{"rendered":"MATIERES VIBRANTES"},"content":{"rendered":"\t\t<div data-elementor-type=\"wp-page\" data-elementor-id=\"497\" class=\"elementor elementor-497\">\n\t\t\t\t\t\t<section class=\"elementor-section elementor-top-section elementor-element elementor-element-6e32c534 elementor-section-boxed elementor-section-height-default elementor-section-height-default\" data-id=\"6e32c534\" data-element_type=\"section\" data-e-type=\"section\">\n\t\t\t\t\t\t<div class=\"elementor-container elementor-column-gap-default\">\n\t\t\t\t\t<div class=\"elementor-column elementor-col-100 elementor-top-column elementor-element elementor-element-34c341e6\" data-id=\"34c341e6\" data-element_type=\"column\" data-e-type=\"column\">\n\t\t\t<div class=\"elementor-widget-wrap\">\n\t\t\t\t\t\t\t<\/div>\n\t\t<\/div>\n\t\t\t\t\t<\/div>\n\t\t<\/section>\n\t\t\t\t<section class=\"elementor-section elementor-top-section elementor-element elementor-element-ca6a58e elementor-section-boxed elementor-section-height-default elementor-section-height-default\" data-id=\"ca6a58e\" data-element_type=\"section\" data-e-type=\"section\">\n\t\t\t\t\t\t<div class=\"elementor-container elementor-column-gap-default\">\n\t\t\t\t\t<div class=\"elementor-column elementor-col-100 elementor-top-column elementor-element elementor-element-acb7f41\" data-id=\"acb7f41\" data-element_type=\"column\" data-e-type=\"column\">\n\t\t\t<div class=\"elementor-widget-wrap elementor-element-populated\">\n\t\t\t\t\t\t<div class=\"elementor-element elementor-element-30e2d03 elementor-widget elementor-widget-image-gallery\" data-id=\"30e2d03\" data-element_type=\"widget\" data-e-type=\"widget\" data-widget_type=\"image-gallery.default\">\n\t\t\t\t<div class=\"elementor-widget-container\">\n\t\t\t\t\t\t\t<div class=\"elementor-image-gallery\">\n\t\t\t<div id='gallery-1' class='gallery galleryid-497 gallery-columns-3 gallery-size-medium'><figure class='gallery-item'>\n\t\t\t<div class='gallery-icon landscape'>\n\t\t\t\t<a data-elementor-open-lightbox=\"yes\" data-elementor-lightbox-slideshow=\"30e2d03\" data-elementor-lightbox-title=\"Sans titre 1\" data-e-action-hash=\"#elementor-action%3Aaction%3Dlightbox%26settings%3DeyJpZCI6NDk4OSwidXJsIjoiaHR0cHM6XC9cL2pyYmVybGlvei5jb21cL2ZyXC93cC1jb250ZW50XC91cGxvYWRzXC8yMDIyXC8wMVwvU2Fucy10aXRyZS0xLWMuanBnIiwic2xpZGVzaG93IjoiMzBlMmQwMyJ9\" href='https:\/\/jrberlioz.com\/fr\/wp-content\/uploads\/2022\/01\/Sans-titre-1-c.jpg'><img fetchpriority=\"high\" decoding=\"async\" width=\"300\" height=\"211\" src=\"https:\/\/jrberlioz.com\/fr\/wp-content\/uploads\/2022\/01\/Sans-titre-1-c-300x211.jpg\" class=\"attachment-medium size-medium\" alt=\"\" aria-describedby=\"gallery-1-4989\" srcset=\"https:\/\/jrberlioz.com\/fr\/wp-content\/uploads\/2022\/01\/Sans-titre-1-c-300x211.jpg 300w, https:\/\/jrberlioz.com\/fr\/wp-content\/uploads\/2022\/01\/Sans-titre-1-c-600x422.jpg 600w, https:\/\/jrberlioz.com\/fr\/wp-content\/uploads\/2022\/01\/Sans-titre-1-c-1024x719.jpg 1024w, https:\/\/jrberlioz.com\/fr\/wp-content\/uploads\/2022\/01\/Sans-titre-1-c-768x540.jpg 768w, https:\/\/jrberlioz.com\/fr\/wp-content\/uploads\/2022\/01\/Sans-titre-1-c-1536x1079.jpg 1536w, https:\/\/jrberlioz.com\/fr\/wp-content\/uploads\/2022\/01\/Sans-titre-1-c-384x270.jpg 384w, https:\/\/jrberlioz.com\/fr\/wp-content\/uploads\/2022\/01\/Sans-titre-1-c.jpg 1681w\" sizes=\"(max-width: 300px) 100vw, 300px\" \/><\/a>\n\t\t\t<\/div>\n\t\t\t\t<figcaption class='wp-caption-text gallery-caption' id='gallery-1-4989'>\n\t\t\t\tSans titre 1\n\t\t\t\t<\/figcaption><\/figure><figure class='gallery-item'>\n\t\t\t<div class='gallery-icon landscape'>\n\t\t\t\t<a data-elementor-open-lightbox=\"yes\" data-elementor-lightbox-slideshow=\"30e2d03\" data-elementor-lightbox-title=\"Sans titre 2\" data-e-action-hash=\"#elementor-action%3Aaction%3Dlightbox%26settings%3DeyJpZCI6MjgyLCJ1cmwiOiJodHRwczpcL1wvanJiZXJsaW96LmNvbVwvZnJcL3dwLWNvbnRlbnRcL3VwbG9hZHNcLzIwMTZcLzEyXC9pbWcwMDEtZTE0ODI1MDQ2NTE5ODcuanBnIiwic2xpZGVzaG93IjoiMzBlMmQwMyJ9\" href='https:\/\/jrberlioz.com\/fr\/wp-content\/uploads\/2016\/12\/img001-e1482504651987.jpg'><img decoding=\"async\" width=\"300\" height=\"213\" src=\"https:\/\/jrberlioz.com\/fr\/wp-content\/uploads\/2016\/12\/img001-300x213.jpg\" class=\"attachment-medium size-medium\" alt=\"\" aria-describedby=\"gallery-1-282\" srcset=\"https:\/\/jrberlioz.com\/fr\/wp-content\/uploads\/2016\/12\/img001-300x213.jpg 300w, https:\/\/jrberlioz.com\/fr\/wp-content\/uploads\/2016\/12\/img001-e1482504651987-600x427.jpg 600w, https:\/\/jrberlioz.com\/fr\/wp-content\/uploads\/2016\/12\/img001-768x547.jpg 768w, https:\/\/jrberlioz.com\/fr\/wp-content\/uploads\/2016\/12\/img001-1024x729.jpg 1024w, https:\/\/jrberlioz.com\/fr\/wp-content\/uploads\/2016\/12\/img001-e1482504651987.jpg 1800w\" sizes=\"(max-width: 300px) 100vw, 300px\" \/><\/a>\n\t\t\t<\/div>\n\t\t\t\t<figcaption class='wp-caption-text gallery-caption' id='gallery-1-282'>\n\t\t\t\tSans titre 2\n\t\t\t\t<\/figcaption><\/figure><figure class='gallery-item'>\n\t\t\t<div class='gallery-icon landscape'>\n\t\t\t\t<a data-elementor-open-lightbox=\"yes\" data-elementor-lightbox-slideshow=\"30e2d03\" data-elementor-lightbox-title=\"Sans titre 3\" data-e-action-hash=\"#elementor-action%3Aaction%3Dlightbox%26settings%3DeyJpZCI6Mjg2LCJ1cmwiOiJodHRwczpcL1wvanJiZXJsaW96LmNvbVwvZnJcL3dwLWNvbnRlbnRcL3VwbG9hZHNcLzIwMTZcLzEyXC9pbWcwMDYtZTE0ODI1MDQ1Mjk2MTAuanBnIiwic2xpZGVzaG93IjoiMzBlMmQwMyJ9\" href='https:\/\/jrberlioz.com\/fr\/wp-content\/uploads\/2016\/12\/img006-e1482504529610.jpg'><img decoding=\"async\" width=\"300\" height=\"211\" src=\"https:\/\/jrberlioz.com\/fr\/wp-content\/uploads\/2016\/12\/img006-300x211.jpg\" class=\"attachment-medium size-medium\" alt=\"\" aria-describedby=\"gallery-1-286\" srcset=\"https:\/\/jrberlioz.com\/fr\/wp-content\/uploads\/2016\/12\/img006-300x211.jpg 300w, https:\/\/jrberlioz.com\/fr\/wp-content\/uploads\/2016\/12\/img006-e1482504529610-600x423.jpg 600w, https:\/\/jrberlioz.com\/fr\/wp-content\/uploads\/2016\/12\/img006-768x541.jpg 768w, https:\/\/jrberlioz.com\/fr\/wp-content\/uploads\/2016\/12\/img006-1024x722.jpg 1024w, https:\/\/jrberlioz.com\/fr\/wp-content\/uploads\/2016\/12\/img006-e1482504529610.jpg 1800w\" sizes=\"(max-width: 300px) 100vw, 300px\" \/><\/a>\n\t\t\t<\/div>\n\t\t\t\t<figcaption class='wp-caption-text gallery-caption' id='gallery-1-286'>\n\t\t\t\tSans titre 3\n\t\t\t\t<\/figcaption><\/figure><figure class='gallery-item'>\n\t\t\t<div class='gallery-icon landscape'>\n\t\t\t\t<a data-elementor-open-lightbox=\"yes\" data-elementor-lightbox-slideshow=\"30e2d03\" data-elementor-lightbox-title=\"Sans titre 4\" data-e-action-hash=\"#elementor-action%3Aaction%3Dlightbox%26settings%3DeyJpZCI6Mjg3LCJ1cmwiOiJodHRwczpcL1wvanJiZXJsaW96LmNvbVwvZnJcL3dwLWNvbnRlbnRcL3VwbG9hZHNcLzIwMTZcLzEyXC9pbWcwMDctZTE0ODI1MDQ0ODU4MDIuanBnIiwic2xpZGVzaG93IjoiMzBlMmQwMyJ9\" href='https:\/\/jrberlioz.com\/fr\/wp-content\/uploads\/2016\/12\/img007-e1482504485802.jpg'><img loading=\"lazy\" decoding=\"async\" width=\"300\" height=\"211\" src=\"https:\/\/jrberlioz.com\/fr\/wp-content\/uploads\/2016\/12\/img007-300x211.jpg\" class=\"attachment-medium size-medium\" alt=\"\" aria-describedby=\"gallery-1-287\" srcset=\"https:\/\/jrberlioz.com\/fr\/wp-content\/uploads\/2016\/12\/img007-300x211.jpg 300w, https:\/\/jrberlioz.com\/fr\/wp-content\/uploads\/2016\/12\/img007-e1482504485802-600x422.jpg 600w, https:\/\/jrberlioz.com\/fr\/wp-content\/uploads\/2016\/12\/img007-768x541.jpg 768w, https:\/\/jrberlioz.com\/fr\/wp-content\/uploads\/2016\/12\/img007-1024x721.jpg 1024w, https:\/\/jrberlioz.com\/fr\/wp-content\/uploads\/2016\/12\/img007-e1482504485802.jpg 1800w\" sizes=\"(max-width: 300px) 100vw, 300px\" \/><\/a>\n\t\t\t<\/div>\n\t\t\t\t<figcaption class='wp-caption-text gallery-caption' id='gallery-1-287'>\n\t\t\t\tSans titre 4\n\t\t\t\t<\/figcaption><\/figure><figure class='gallery-item'>\n\t\t\t<div class='gallery-icon landscape'>\n\t\t\t\t<a data-elementor-open-lightbox=\"yes\" data-elementor-lightbox-slideshow=\"30e2d03\" data-elementor-lightbox-title=\"Sans titre 5\" data-e-action-hash=\"#elementor-action%3Aaction%3Dlightbox%26settings%3DeyJpZCI6NDk5MCwidXJsIjoiaHR0cHM6XC9cL2pyYmVybGlvei5jb21cL2ZyXC93cC1jb250ZW50XC91cGxvYWRzXC8yMDIyXC8wMVwvU2Fucy10aXRyZS01LWMuanBnIiwic2xpZGVzaG93IjoiMzBlMmQwMyJ9\" href='https:\/\/jrberlioz.com\/fr\/wp-content\/uploads\/2022\/01\/Sans-titre-5-c.jpg'><img loading=\"lazy\" decoding=\"async\" width=\"300\" height=\"211\" src=\"https:\/\/jrberlioz.com\/fr\/wp-content\/uploads\/2022\/01\/Sans-titre-5-c-300x211.jpg\" class=\"attachment-medium size-medium\" alt=\"\" aria-describedby=\"gallery-1-4990\" srcset=\"https:\/\/jrberlioz.com\/fr\/wp-content\/uploads\/2022\/01\/Sans-titre-5-c-300x211.jpg 300w, https:\/\/jrberlioz.com\/fr\/wp-content\/uploads\/2022\/01\/Sans-titre-5-c-600x423.jpg 600w, https:\/\/jrberlioz.com\/fr\/wp-content\/uploads\/2022\/01\/Sans-titre-5-c-1024x722.jpg 1024w, https:\/\/jrberlioz.com\/fr\/wp-content\/uploads\/2022\/01\/Sans-titre-5-c-768x541.jpg 768w, https:\/\/jrberlioz.com\/fr\/wp-content\/uploads\/2022\/01\/Sans-titre-5-c-1536x1082.jpg 1536w, https:\/\/jrberlioz.com\/fr\/wp-content\/uploads\/2022\/01\/Sans-titre-5-c-383x270.jpg 383w, https:\/\/jrberlioz.com\/fr\/wp-content\/uploads\/2022\/01\/Sans-titre-5-c.jpg 1676w\" sizes=\"(max-width: 300px) 100vw, 300px\" \/><\/a>\n\t\t\t<\/div>\n\t\t\t\t<figcaption class='wp-caption-text gallery-caption' id='gallery-1-4990'>\n\t\t\t\tSans titre 5\n\t\t\t\t<\/figcaption><\/figure><figure class='gallery-item'>\n\t\t\t<div class='gallery-icon landscape'>\n\t\t\t\t<a data-elementor-open-lightbox=\"yes\" data-elementor-lightbox-slideshow=\"30e2d03\" data-elementor-lightbox-title=\"Sans titre 6\" data-e-action-hash=\"#elementor-action%3Aaction%3Dlightbox%26settings%3DeyJpZCI6NDk5MSwidXJsIjoiaHR0cHM6XC9cL2pyYmVybGlvei5jb21cL2ZyXC93cC1jb250ZW50XC91cGxvYWRzXC8yMDIyXC8wMVwvU2Fucy10aXRyZS02LWMuanBnIiwic2xpZGVzaG93IjoiMzBlMmQwMyJ9\" href='https:\/\/jrberlioz.com\/fr\/wp-content\/uploads\/2022\/01\/Sans-titre-6-c.jpg'><img loading=\"lazy\" decoding=\"async\" width=\"300\" height=\"211\" src=\"https:\/\/jrberlioz.com\/fr\/wp-content\/uploads\/2022\/01\/Sans-titre-6-c-300x211.jpg\" class=\"attachment-medium size-medium\" alt=\"\" aria-describedby=\"gallery-1-4991\" srcset=\"https:\/\/jrberlioz.com\/fr\/wp-content\/uploads\/2022\/01\/Sans-titre-6-c-300x211.jpg 300w, https:\/\/jrberlioz.com\/fr\/wp-content\/uploads\/2022\/01\/Sans-titre-6-c-600x423.jpg 600w, https:\/\/jrberlioz.com\/fr\/wp-content\/uploads\/2022\/01\/Sans-titre-6-c-1024x722.jpg 1024w, https:\/\/jrberlioz.com\/fr\/wp-content\/uploads\/2022\/01\/Sans-titre-6-c-768x541.jpg 768w, https:\/\/jrberlioz.com\/fr\/wp-content\/uploads\/2022\/01\/Sans-titre-6-c-1536x1082.jpg 1536w, https:\/\/jrberlioz.com\/fr\/wp-content\/uploads\/2022\/01\/Sans-titre-6-c-383x270.jpg 383w, https:\/\/jrberlioz.com\/fr\/wp-content\/uploads\/2022\/01\/Sans-titre-6-c.jpg 1676w\" sizes=\"(max-width: 300px) 100vw, 300px\" \/><\/a>\n\t\t\t<\/div>\n\t\t\t\t<figcaption class='wp-caption-text gallery-caption' id='gallery-1-4991'>\n\t\t\t\tSans titre 6\n\t\t\t\t<\/figcaption><\/figure><figure class='gallery-item'>\n\t\t\t<div class='gallery-icon landscape'>\n\t\t\t\t<a data-elementor-open-lightbox=\"yes\" data-elementor-lightbox-slideshow=\"30e2d03\" data-elementor-lightbox-title=\"Sans titre 7\" data-e-action-hash=\"#elementor-action%3Aaction%3Dlightbox%26settings%3DeyJpZCI6MjkwLCJ1cmwiOiJodHRwczpcL1wvanJiZXJsaW96LmNvbVwvZnJcL3dwLWNvbnRlbnRcL3VwbG9hZHNcLzIwMTZcLzEyXC9pbWcwMTAtZTE0ODI1MDQzNjI1MjUuanBnIiwic2xpZGVzaG93IjoiMzBlMmQwMyJ9\" href='https:\/\/jrberlioz.com\/fr\/wp-content\/uploads\/2016\/12\/img010-e1482504362525.jpg'><img loading=\"lazy\" decoding=\"async\" width=\"300\" height=\"212\" src=\"https:\/\/jrberlioz.com\/fr\/wp-content\/uploads\/2016\/12\/img010-300x212.jpg\" class=\"attachment-medium size-medium\" alt=\"\" aria-describedby=\"gallery-1-290\" srcset=\"https:\/\/jrberlioz.com\/fr\/wp-content\/uploads\/2016\/12\/img010-300x212.jpg 300w, https:\/\/jrberlioz.com\/fr\/wp-content\/uploads\/2016\/12\/img010-e1482504362525-600x424.jpg 600w, https:\/\/jrberlioz.com\/fr\/wp-content\/uploads\/2016\/12\/img010-768x543.jpg 768w, https:\/\/jrberlioz.com\/fr\/wp-content\/uploads\/2016\/12\/img010-1024x724.jpg 1024w, https:\/\/jrberlioz.com\/fr\/wp-content\/uploads\/2016\/12\/img010-e1482504362525.jpg 1800w\" sizes=\"(max-width: 300px) 100vw, 300px\" \/><\/a>\n\t\t\t<\/div>\n\t\t\t\t<figcaption class='wp-caption-text gallery-caption' id='gallery-1-290'>\n\t\t\t\tSans titre 7\n\t\t\t\t<\/figcaption><\/figure><figure class='gallery-item'>\n\t\t\t<div class='gallery-icon landscape'>\n\t\t\t\t<a data-elementor-open-lightbox=\"yes\" data-elementor-lightbox-slideshow=\"30e2d03\" data-elementor-lightbox-title=\"Sans titre 8\" data-e-action-hash=\"#elementor-action%3Aaction%3Dlightbox%26settings%3DeyJpZCI6NDUyOCwidXJsIjoiaHR0cHM6XC9cL2pyYmVybGlvei5jb21cL2ZyXC93cC1jb250ZW50XC91cGxvYWRzXC8yMDIwXC8wOVwvU2Fucy10aXRyZS04LWMuanBnIiwic2xpZGVzaG93IjoiMzBlMmQwMyJ9\" href='https:\/\/jrberlioz.com\/fr\/wp-content\/uploads\/2020\/09\/Sans-titre-8-c.jpg'><img loading=\"lazy\" decoding=\"async\" width=\"300\" height=\"209\" src=\"https:\/\/jrberlioz.com\/fr\/wp-content\/uploads\/2020\/09\/Sans-titre-8-c-300x209.jpg\" class=\"attachment-medium size-medium\" alt=\"\" aria-describedby=\"gallery-1-4528\" srcset=\"https:\/\/jrberlioz.com\/fr\/wp-content\/uploads\/2020\/09\/Sans-titre-8-c-300x209.jpg 300w, https:\/\/jrberlioz.com\/fr\/wp-content\/uploads\/2020\/09\/Sans-titre-8-c-600x419.jpg 600w, https:\/\/jrberlioz.com\/fr\/wp-content\/uploads\/2020\/09\/Sans-titre-8-c-1024x714.jpg 1024w, https:\/\/jrberlioz.com\/fr\/wp-content\/uploads\/2020\/09\/Sans-titre-8-c-768x536.jpg 768w, https:\/\/jrberlioz.com\/fr\/wp-content\/uploads\/2020\/09\/Sans-titre-8-c-1536x1071.jpg 1536w, https:\/\/jrberlioz.com\/fr\/wp-content\/uploads\/2020\/09\/Sans-titre-8-c.jpg 1693w\" sizes=\"(max-width: 300px) 100vw, 300px\" \/><\/a>\n\t\t\t<\/div>\n\t\t\t\t<figcaption class='wp-caption-text gallery-caption' id='gallery-1-4528'>\n\t\t\t\tSans titre 8\n\t\t\t\t<\/figcaption><\/figure><figure class='gallery-item'>\n\t\t\t<div class='gallery-icon landscape'>\n\t\t\t\t<a data-elementor-open-lightbox=\"yes\" data-elementor-lightbox-slideshow=\"30e2d03\" data-elementor-lightbox-title=\"Sans titre 9\" data-e-action-hash=\"#elementor-action%3Aaction%3Dlightbox%26settings%3DeyJpZCI6NDUyOSwidXJsIjoiaHR0cHM6XC9cL2pyYmVybGlvei5jb21cL2ZyXC93cC1jb250ZW50XC91cGxvYWRzXC8yMDIwXC8wOVwvU2Fucy10aXRyZS05LWMuanBnIiwic2xpZGVzaG93IjoiMzBlMmQwMyJ9\" href='https:\/\/jrberlioz.com\/fr\/wp-content\/uploads\/2020\/09\/Sans-titre-9-c.jpg'><img loading=\"lazy\" decoding=\"async\" width=\"300\" height=\"210\" src=\"https:\/\/jrberlioz.com\/fr\/wp-content\/uploads\/2020\/09\/Sans-titre-9-c-300x210.jpg\" class=\"attachment-medium size-medium\" alt=\"\" aria-describedby=\"gallery-1-4529\" srcset=\"https:\/\/jrberlioz.com\/fr\/wp-content\/uploads\/2020\/09\/Sans-titre-9-c-300x210.jpg 300w, https:\/\/jrberlioz.com\/fr\/wp-content\/uploads\/2020\/09\/Sans-titre-9-c-600x420.jpg 600w, https:\/\/jrberlioz.com\/fr\/wp-content\/uploads\/2020\/09\/Sans-titre-9-c-1024x716.jpg 1024w, https:\/\/jrberlioz.com\/fr\/wp-content\/uploads\/2020\/09\/Sans-titre-9-c-768x537.jpg 768w, https:\/\/jrberlioz.com\/fr\/wp-content\/uploads\/2020\/09\/Sans-titre-9-c-1536x1074.jpg 1536w, https:\/\/jrberlioz.com\/fr\/wp-content\/uploads\/2020\/09\/Sans-titre-9-c.jpg 1689w\" sizes=\"(max-width: 300px) 100vw, 300px\" \/><\/a>\n\t\t\t<\/div>\n\t\t\t\t<figcaption class='wp-caption-text gallery-caption' id='gallery-1-4529'>\n\t\t\t\tSans titre 9\n\t\t\t\t<\/figcaption><\/figure><figure class='gallery-item'>\n\t\t\t<div class='gallery-icon landscape'>\n\t\t\t\t<a data-elementor-open-lightbox=\"yes\" data-elementor-lightbox-slideshow=\"30e2d03\" data-elementor-lightbox-title=\"Sans titre 10\" data-e-action-hash=\"#elementor-action%3Aaction%3Dlightbox%26settings%3DeyJpZCI6NDg4NywidXJsIjoiaHR0cHM6XC9cL2pyYmVybGlvei5jb21cL2ZyXC93cC1jb250ZW50XC91cGxvYWRzXC8yMDIxXC8wNVwvaW1nMDEwLmpwZyIsInNsaWRlc2hvdyI6IjMwZTJkMDMifQ%3D%3D\" href='https:\/\/jrberlioz.com\/fr\/wp-content\/uploads\/2021\/05\/img010.jpg'><img loading=\"lazy\" decoding=\"async\" width=\"300\" height=\"211\" src=\"https:\/\/jrberlioz.com\/fr\/wp-content\/uploads\/2021\/05\/img010-300x211.jpg\" class=\"attachment-medium size-medium\" alt=\"\" aria-describedby=\"gallery-1-4887\" srcset=\"https:\/\/jrberlioz.com\/fr\/wp-content\/uploads\/2021\/05\/img010-300x211.jpg 300w, https:\/\/jrberlioz.com\/fr\/wp-content\/uploads\/2021\/05\/img010-600x421.jpg 600w, https:\/\/jrberlioz.com\/fr\/wp-content\/uploads\/2021\/05\/img010-1024x719.jpg 1024w, https:\/\/jrberlioz.com\/fr\/wp-content\/uploads\/2021\/05\/img010-768x539.jpg 768w, https:\/\/jrberlioz.com\/fr\/wp-content\/uploads\/2021\/05\/img010-1536x1078.jpg 1536w, https:\/\/jrberlioz.com\/fr\/wp-content\/uploads\/2021\/05\/img010-2048x1437.jpg 2048w, https:\/\/jrberlioz.com\/fr\/wp-content\/uploads\/2021\/05\/img010-385x270.jpg 385w\" sizes=\"(max-width: 300px) 100vw, 300px\" \/><\/a>\n\t\t\t<\/div>\n\t\t\t\t<figcaption class='wp-caption-text gallery-caption' id='gallery-1-4887'>\n\t\t\t\tSans titre 10\n\t\t\t\t<\/figcaption><\/figure><figure class='gallery-item'>\n\t\t\t<div class='gallery-icon landscape'>\n\t\t\t\t<a data-elementor-open-lightbox=\"yes\" data-elementor-lightbox-slideshow=\"30e2d03\" data-elementor-lightbox-title=\"Sans titre 11\" data-e-action-hash=\"#elementor-action%3Aaction%3Dlightbox%26settings%3DeyJpZCI6NDg4OCwidXJsIjoiaHR0cHM6XC9cL2pyYmVybGlvei5jb21cL2ZyXC93cC1jb250ZW50XC91cGxvYWRzXC8yMDIxXC8wNVwvaW1nMDExLmpwZyIsInNsaWRlc2hvdyI6IjMwZTJkMDMifQ%3D%3D\" href='https:\/\/jrberlioz.com\/fr\/wp-content\/uploads\/2021\/05\/img011.jpg'><img loading=\"lazy\" decoding=\"async\" width=\"300\" height=\"211\" src=\"https:\/\/jrberlioz.com\/fr\/wp-content\/uploads\/2021\/05\/img011-300x211.jpg\" class=\"attachment-medium size-medium\" alt=\"\" aria-describedby=\"gallery-1-4888\" srcset=\"https:\/\/jrberlioz.com\/fr\/wp-content\/uploads\/2021\/05\/img011-300x211.jpg 300w, https:\/\/jrberlioz.com\/fr\/wp-content\/uploads\/2021\/05\/img011-600x421.jpg 600w, https:\/\/jrberlioz.com\/fr\/wp-content\/uploads\/2021\/05\/img011-1024x719.jpg 1024w, https:\/\/jrberlioz.com\/fr\/wp-content\/uploads\/2021\/05\/img011-768x539.jpg 768w, https:\/\/jrberlioz.com\/fr\/wp-content\/uploads\/2021\/05\/img011-1536x1079.jpg 1536w, https:\/\/jrberlioz.com\/fr\/wp-content\/uploads\/2021\/05\/img011-2048x1439.jpg 2048w, https:\/\/jrberlioz.com\/fr\/wp-content\/uploads\/2021\/05\/img011-384x270.jpg 384w\" sizes=\"(max-width: 300px) 100vw, 300px\" \/><\/a>\n\t\t\t<\/div>\n\t\t\t\t<figcaption class='wp-caption-text gallery-caption' id='gallery-1-4888'>\n\t\t\t\tSans titre 11\n\t\t\t\t<\/figcaption><\/figure>\n\t\t<\/div>\n\t\t<\/div>\n\t\t\t\t\t\t<\/div>\n\t\t\t\t<\/div>\n\t\t\t\t\t<\/div>\n\t\t<\/div>\n\t\t\t\t\t<\/div>\n\t\t<\/section>\n\t\t\t\t<section class=\"elementor-section elementor-top-section elementor-element elementor-element-37f99a4 elementor-section-boxed elementor-section-height-default elementor-section-height-default\" data-id=\"37f99a4\" data-element_type=\"section\" data-e-type=\"section\">\n\t\t\t\t\t\t<div class=\"elementor-container elementor-column-gap-default\">\n\t\t\t\t\t<div class=\"elementor-column elementor-col-100 elementor-top-column elementor-element elementor-element-8279262\" data-id=\"8279262\" data-element_type=\"column\" data-e-type=\"column\">\n\t\t\t<div class=\"elementor-widget-wrap elementor-element-populated\">\n\t\t\t\t\t\t<div class=\"elementor-element elementor-element-34977c2 elementor-widget elementor-widget-text-editor\" data-id=\"34977c2\" data-element_type=\"widget\" data-e-type=\"widget\" data-widget_type=\"text-editor.default\">\n\t\t\t\t<div class=\"elementor-widget-container\">\n\t\t\t\t\t\t\t\t\t<p>Dans un jeu de formes, de transparences, de d\u00e9chirements lumineux, se cr\u00e9\u00e9 une confusion des plans et des motifs aux dimensions troublantes.<\/p><p>Chair et mati\u00e8re se r\u00e9pondent, jouent entre elles.<\/p><p>Elles se confondent, fusionnent, vibrent, mais jamais ne se repoussent.<\/p><p>L\u2019objet se pare de vie et le corps devient texture.<\/p><p>De fait, il est vain de vouloir distinguer l&rsquo;origine du vivant de celle de la mati\u00e8re.<\/p><p>Et en admettant que l&rsquo;homme \u00e9volue dans un perp\u00e9tuel pr\u00e9sent, il ne peut se concevoir ni commencement, ni fin, ni ordre pr\u00e9-\u00e9tabli.<\/p><p>\u00a0<\/p>\t\t\t\t\t\t\t\t<\/div>\n\t\t\t\t<\/div>\n\t\t\t\t\t<\/div>\n\t\t<\/div>\n\t\t\t\t\t<\/div>\n\t\t<\/section>\n\t\t\t\t<\/div>\n\t\t","protected":false},"excerpt":{"rendered":"<p>Sans titre 1 Sans titre 2 Sans titre 3 Sans titre 4 Sans titre 5 Sans titre 6 Sans titre 7 Sans titre 8 Sans titre 9 Sans titre 10 Sans titre 11 Dans un jeu de formes, de transparences, de d\u00e9chirements lumineux, se cr\u00e9\u00e9 une confusion des plans et des motifs aux dimensions troublantes. Chair et mati\u00e8re se r\u00e9pondent, jouent entre elles. Elles se confondent, fusionnent, vibrent, mais jamais ne se repoussent. L\u2019objet se pare de vie et le&#8230;<\/p>\n<p class=\"read-more\"><a class=\"btn btn-default\" href=\"https:\/\/jrberlioz.com\/fr\/?page_id=497\">Lire la suite<span class=\"screen-reader-text\"> Lire la suite<\/span><\/a><\/p>\n","protected":false},"author":1,"featured_media":0,"parent":0,"menu_order":0,"comment_status":"closed","ping_status":"closed","template":"","meta":{"footnotes":""},"class_list":["post-497","page","type-page","status-publish","hentry"],"_links":{"self":[{"href":"https:\/\/jrberlioz.com\/fr\/index.php?rest_route=\/wp\/v2\/pages\/497","targetHints":{"allow":["GET"]}}],"collection":[{"href":"https:\/\/jrberlioz.com\/fr\/index.php?rest_route=\/wp\/v2\/pages"}],"about":[{"href":"https:\/\/jrberlioz.com\/fr\/index.php?rest_route=\/wp\/v2\/types\/page"}],"author":[{"embeddable":true,"href":"https:\/\/jrberlioz.com\/fr\/index.php?rest_route=\/wp\/v2\/users\/1"}],"replies":[{"embeddable":true,"href":"https:\/\/jrberlioz.com\/fr\/index.php?rest_route=%2Fwp%2Fv2%2Fcomments&post=497"}],"version-history":[{"count":32,"href":"https:\/\/jrberlioz.com\/fr\/index.php?rest_route=\/wp\/v2\/pages\/497\/revisions"}],"predecessor-version":[{"id":4994,"href":"https:\/\/jrberlioz.com\/fr\/index.php?rest_route=\/wp\/v2\/pages\/497\/revisions\/4994"}],"wp:attachment":[{"href":"https:\/\/jrberlioz.com\/fr\/index.php?rest_route=%2Fwp%2Fv2%2Fmedia&parent=497"}],"curies":[{"name":"wp","href":"https:\/\/api.w.org\/{rel}","templated":true}]}}