{"id":495,"date":"2017-01-20T18:15:56","date_gmt":"2017-01-20T17:15:56","guid":{"rendered":"http:\/\/jrberlioz.com\/fr\/?page_id=495"},"modified":"2023-03-07T12:06:23","modified_gmt":"2023-03-07T11:06:23","slug":"memoire-dune-ombre","status":"publish","type":"page","link":"https:\/\/jrberlioz.com\/fr\/?page_id=495","title":{"rendered":"MEMOIRE D&rsquo;UNE OMBRE"},"content":{"rendered":"\t\t<div data-elementor-type=\"wp-page\" data-elementor-id=\"495\" class=\"elementor elementor-495\">\n\t\t\t\t\t\t<section class=\"elementor-section elementor-top-section elementor-element elementor-element-1e621134 elementor-section-boxed elementor-section-height-default elementor-section-height-default\" data-id=\"1e621134\" data-element_type=\"section\" data-e-type=\"section\">\n\t\t\t\t\t\t<div class=\"elementor-container elementor-column-gap-default\">\n\t\t\t\t\t<div class=\"elementor-column elementor-col-100 elementor-top-column elementor-element elementor-element-60c8a2ba\" data-id=\"60c8a2ba\" data-element_type=\"column\" data-e-type=\"column\">\n\t\t\t<div class=\"elementor-widget-wrap\">\n\t\t\t\t\t\t\t<\/div>\n\t\t<\/div>\n\t\t\t\t\t<\/div>\n\t\t<\/section>\n\t\t\t\t<section class=\"elementor-section elementor-top-section elementor-element elementor-element-0648e7e elementor-section-boxed elementor-section-height-default elementor-section-height-default\" data-id=\"0648e7e\" data-element_type=\"section\" data-e-type=\"section\">\n\t\t\t\t\t\t<div class=\"elementor-container elementor-column-gap-default\">\n\t\t\t\t\t<div class=\"elementor-column elementor-col-100 elementor-top-column elementor-element elementor-element-a8e9c75\" data-id=\"a8e9c75\" data-element_type=\"column\" data-e-type=\"column\">\n\t\t\t<div class=\"elementor-widget-wrap elementor-element-populated\">\n\t\t\t\t\t\t<div class=\"elementor-element elementor-element-dbf618f elementor-widget elementor-widget-image-gallery\" data-id=\"dbf618f\" data-element_type=\"widget\" data-e-type=\"widget\" data-widget_type=\"image-gallery.default\">\n\t\t\t\t<div class=\"elementor-widget-container\">\n\t\t\t\t\t\t\t<div class=\"elementor-image-gallery\">\n\t\t\t<div id='gallery-1' class='gallery galleryid-495 gallery-columns-3 gallery-size-thumbnail'><figure class='gallery-item'>\n\t\t\t<div class='gallery-icon portrait'>\n\t\t\t\t<a data-elementor-open-lightbox=\"yes\" data-elementor-lightbox-slideshow=\"dbf618f\" data-elementor-lightbox-title=\"img001\" data-e-action-hash=\"#elementor-action%3Aaction%3Dlightbox%26settings%3DeyJpZCI6NDg3LCJ1cmwiOiJodHRwczpcL1wvanJiZXJsaW96LmNvbVwvZnJcL3dwLWNvbnRlbnRcL3VwbG9hZHNcLzIwMTdcLzAxXC9pbWcwMDEtMy1lMTQ4NDc2ODgzMTY4OS5qcGciLCJzbGlkZXNob3ciOiJkYmY2MThmIn0%3D\" href='https:\/\/jrberlioz.com\/fr\/wp-content\/uploads\/2017\/01\/img001-3-e1484768831689.jpg'><img decoding=\"async\" width=\"150\" height=\"150\" src=\"https:\/\/jrberlioz.com\/fr\/wp-content\/uploads\/2017\/01\/img001-3-150x150.jpg\" class=\"attachment-thumbnail size-thumbnail\" alt=\"\" aria-describedby=\"gallery-1-487\" srcset=\"https:\/\/jrberlioz.com\/fr\/wp-content\/uploads\/2017\/01\/img001-3-150x150.jpg 150w, https:\/\/jrberlioz.com\/fr\/wp-content\/uploads\/2017\/01\/img001-3-e1484768831689-300x300.jpg 300w, https:\/\/jrberlioz.com\/fr\/wp-content\/uploads\/2017\/01\/img001-3-e1484768831689-100x100.jpg 100w, https:\/\/jrberlioz.com\/fr\/wp-content\/uploads\/2017\/01\/img001-3-260x260.jpg 260w\" sizes=\"(max-width: 150px) 100vw, 150px\" \/><\/a>\n\t\t\t<\/div>\n\t\t\t\t<figcaption class='wp-caption-text gallery-caption' id='gallery-1-487'>\n\t\t\t\tSans titre 1\n\t\t\t\t<\/figcaption><\/figure><figure class='gallery-item'>\n\t\t\t<div class='gallery-icon landscape'>\n\t\t\t\t<a data-elementor-open-lightbox=\"yes\" data-elementor-lightbox-slideshow=\"dbf618f\" data-elementor-lightbox-title=\"img002_modifie\u0301-1\" data-e-action-hash=\"#elementor-action%3Aaction%3Dlightbox%26settings%3DeyJpZCI6OTA0LCJ1cmwiOiJodHRwczpcL1wvanJiZXJsaW96LmNvbVwvZnJcL3dwLWNvbnRlbnRcL3VwbG9hZHNcLzIwMThcLzA3XC9pbWcwMDJfbW9kaWZpZVx1MDMwMS0xLWUxNTMxODQ5MzQzMTE3LmpwZyIsInNsaWRlc2hvdyI6ImRiZjYxOGYifQ%3D%3D\" href='https:\/\/jrberlioz.com\/fr\/wp-content\/uploads\/2018\/07\/img002_modifie\u0301-1-e1531849343117.jpg'><img decoding=\"async\" width=\"150\" height=\"150\" src=\"https:\/\/jrberlioz.com\/fr\/wp-content\/uploads\/2018\/07\/img002_modifie\u0301-1-150x150.jpg\" class=\"attachment-thumbnail size-thumbnail\" alt=\"\" aria-describedby=\"gallery-1-904\" srcset=\"https:\/\/jrberlioz.com\/fr\/wp-content\/uploads\/2018\/07\/img002_modifie\u0301-1-150x150.jpg 150w, https:\/\/jrberlioz.com\/fr\/wp-content\/uploads\/2018\/07\/img002_modifie\u0301-1-e1531849343117-300x300.jpg 300w, https:\/\/jrberlioz.com\/fr\/wp-content\/uploads\/2018\/07\/img002_modifie\u0301-1-e1531849343117-100x100.jpg 100w, https:\/\/jrberlioz.com\/fr\/wp-content\/uploads\/2018\/07\/img002_modifie\u0301-1-260x260.jpg 260w\" sizes=\"(max-width: 150px) 100vw, 150px\" \/><\/a>\n\t\t\t<\/div>\n\t\t\t\t<figcaption class='wp-caption-text gallery-caption' id='gallery-1-904'>\n\t\t\t\tSans titre 2\n\t\t\t\t<\/figcaption><\/figure><figure class='gallery-item'>\n\t\t\t<div class='gallery-icon landscape'>\n\t\t\t\t<a data-elementor-open-lightbox=\"yes\" data-elementor-lightbox-slideshow=\"dbf618f\" data-elementor-lightbox-title=\"img003\" data-e-action-hash=\"#elementor-action%3Aaction%3Dlightbox%26settings%3DeyJpZCI6OTA1LCJ1cmwiOiJodHRwczpcL1wvanJiZXJsaW96LmNvbVwvZnJcL3dwLWNvbnRlbnRcL3VwbG9hZHNcLzIwMThcLzA3XC9pbWcwMDMtMS1lMTUzMTg0OTMyNjQ5MC5qcGciLCJzbGlkZXNob3ciOiJkYmY2MThmIn0%3D\" href='https:\/\/jrberlioz.com\/fr\/wp-content\/uploads\/2018\/07\/img003-1-e1531849326490.jpg'><img decoding=\"async\" width=\"150\" height=\"150\" src=\"https:\/\/jrberlioz.com\/fr\/wp-content\/uploads\/2018\/07\/img003-1-150x150.jpg\" class=\"attachment-thumbnail size-thumbnail\" alt=\"\" aria-describedby=\"gallery-1-905\" srcset=\"https:\/\/jrberlioz.com\/fr\/wp-content\/uploads\/2018\/07\/img003-1-150x150.jpg 150w, https:\/\/jrberlioz.com\/fr\/wp-content\/uploads\/2018\/07\/img003-1-e1531849326490-300x300.jpg 300w, https:\/\/jrberlioz.com\/fr\/wp-content\/uploads\/2018\/07\/img003-1-e1531849326490-100x100.jpg 100w, https:\/\/jrberlioz.com\/fr\/wp-content\/uploads\/2018\/07\/img003-1-260x260.jpg 260w\" sizes=\"(max-width: 150px) 100vw, 150px\" \/><\/a>\n\t\t\t<\/div>\n\t\t\t\t<figcaption class='wp-caption-text gallery-caption' id='gallery-1-905'>\n\t\t\t\tSans titre 3\n\t\t\t\t<\/figcaption><\/figure><figure class='gallery-item'>\n\t\t\t<div class='gallery-icon landscape'>\n\t\t\t\t<a data-elementor-open-lightbox=\"yes\" data-elementor-lightbox-slideshow=\"dbf618f\" data-elementor-lightbox-title=\"img004\" data-e-action-hash=\"#elementor-action%3Aaction%3Dlightbox%26settings%3DeyJpZCI6MzA3LCJ1cmwiOiJodHRwczpcL1wvanJiZXJsaW96LmNvbVwvZnJcL3dwLWNvbnRlbnRcL3VwbG9hZHNcLzIwMTZcLzEyXC9pbWcwMDQtZTE0ODI1MDcwODI0NjguanBnIiwic2xpZGVzaG93IjoiZGJmNjE4ZiJ9\" href='https:\/\/jrberlioz.com\/fr\/wp-content\/uploads\/2016\/12\/img004-e1482507082468.jpg'><img loading=\"lazy\" decoding=\"async\" width=\"150\" height=\"150\" src=\"https:\/\/jrberlioz.com\/fr\/wp-content\/uploads\/2016\/12\/img004-150x150.jpg\" class=\"attachment-thumbnail size-thumbnail\" alt=\"\" aria-describedby=\"gallery-1-307\" srcset=\"https:\/\/jrberlioz.com\/fr\/wp-content\/uploads\/2016\/12\/img004-150x150.jpg 150w, https:\/\/jrberlioz.com\/fr\/wp-content\/uploads\/2016\/12\/img004-e1482507082468-300x300.jpg 300w, https:\/\/jrberlioz.com\/fr\/wp-content\/uploads\/2016\/12\/img004-e1482507082468-100x100.jpg 100w, https:\/\/jrberlioz.com\/fr\/wp-content\/uploads\/2016\/12\/img004-260x260.jpg 260w\" sizes=\"(max-width: 150px) 100vw, 150px\" \/><\/a>\n\t\t\t<\/div>\n\t\t\t\t<figcaption class='wp-caption-text gallery-caption' id='gallery-1-307'>\n\t\t\t\tSans titre 4\n\t\t\t\t<\/figcaption><\/figure><figure class='gallery-item'>\n\t\t\t<div class='gallery-icon landscape'>\n\t\t\t\t<a data-elementor-open-lightbox=\"yes\" data-elementor-lightbox-slideshow=\"dbf618f\" data-elementor-lightbox-title=\"img005\" data-e-action-hash=\"#elementor-action%3Aaction%3Dlightbox%26settings%3DeyJpZCI6MzA4LCJ1cmwiOiJodHRwczpcL1wvanJiZXJsaW96LmNvbVwvZnJcL3dwLWNvbnRlbnRcL3VwbG9hZHNcLzIwMTZcLzEyXC9pbWcwMDUtMS1lMTQ4MjUwNzExMDEzMS5qcGciLCJzbGlkZXNob3ciOiJkYmY2MThmIn0%3D\" href='https:\/\/jrberlioz.com\/fr\/wp-content\/uploads\/2016\/12\/img005-1-e1482507110131.jpg'><img loading=\"lazy\" decoding=\"async\" width=\"150\" height=\"150\" src=\"https:\/\/jrberlioz.com\/fr\/wp-content\/uploads\/2016\/12\/img005-1-150x150.jpg\" class=\"attachment-thumbnail size-thumbnail\" alt=\"\" aria-describedby=\"gallery-1-308\" srcset=\"https:\/\/jrberlioz.com\/fr\/wp-content\/uploads\/2016\/12\/img005-1-150x150.jpg 150w, https:\/\/jrberlioz.com\/fr\/wp-content\/uploads\/2016\/12\/img005-1-e1482507110131-300x300.jpg 300w, https:\/\/jrberlioz.com\/fr\/wp-content\/uploads\/2016\/12\/img005-1-e1482507110131-100x100.jpg 100w, https:\/\/jrberlioz.com\/fr\/wp-content\/uploads\/2016\/12\/img005-1-260x260.jpg 260w\" sizes=\"(max-width: 150px) 100vw, 150px\" \/><\/a>\n\t\t\t<\/div>\n\t\t\t\t<figcaption class='wp-caption-text gallery-caption' id='gallery-1-308'>\n\t\t\t\tSans titre 5\n\t\t\t\t<\/figcaption><\/figure><figure class='gallery-item'>\n\t\t\t<div class='gallery-icon landscape'>\n\t\t\t\t<a data-elementor-open-lightbox=\"yes\" data-elementor-lightbox-slideshow=\"dbf618f\" data-elementor-lightbox-title=\"img006\" data-e-action-hash=\"#elementor-action%3Aaction%3Dlightbox%26settings%3DeyJpZCI6MzA5LCJ1cmwiOiJodHRwczpcL1wvanJiZXJsaW96LmNvbVwvZnJcL3dwLWNvbnRlbnRcL3VwbG9hZHNcLzIwMTZcLzEyXC9pbWcwMDYtMS1lMTQ4MjUwNzE0MjYzMy5qcGciLCJzbGlkZXNob3ciOiJkYmY2MThmIn0%3D\" href='https:\/\/jrberlioz.com\/fr\/wp-content\/uploads\/2016\/12\/img006-1-e1482507142633.jpg'><img loading=\"lazy\" decoding=\"async\" width=\"150\" height=\"150\" src=\"https:\/\/jrberlioz.com\/fr\/wp-content\/uploads\/2016\/12\/img006-1-150x150.jpg\" class=\"attachment-thumbnail size-thumbnail\" alt=\"\" aria-describedby=\"gallery-1-309\" srcset=\"https:\/\/jrberlioz.com\/fr\/wp-content\/uploads\/2016\/12\/img006-1-150x150.jpg 150w, https:\/\/jrberlioz.com\/fr\/wp-content\/uploads\/2016\/12\/img006-1-e1482507142633-300x300.jpg 300w, https:\/\/jrberlioz.com\/fr\/wp-content\/uploads\/2016\/12\/img006-1-e1482507142633-100x100.jpg 100w, https:\/\/jrberlioz.com\/fr\/wp-content\/uploads\/2016\/12\/img006-1-260x260.jpg 260w\" sizes=\"(max-width: 150px) 100vw, 150px\" \/><\/a>\n\t\t\t<\/div>\n\t\t\t\t<figcaption class='wp-caption-text gallery-caption' id='gallery-1-309'>\n\t\t\t\tSans titre 6\n\t\t\t\t<\/figcaption><\/figure><figure class='gallery-item'>\n\t\t\t<div class='gallery-icon landscape'>\n\t\t\t\t<a data-elementor-open-lightbox=\"yes\" data-elementor-lightbox-slideshow=\"dbf618f\" data-elementor-lightbox-title=\"img007\" data-e-action-hash=\"#elementor-action%3Aaction%3Dlightbox%26settings%3DeyJpZCI6MzEwLCJ1cmwiOiJodHRwczpcL1wvanJiZXJsaW96LmNvbVwvZnJcL3dwLWNvbnRlbnRcL3VwbG9hZHNcLzIwMTZcLzEyXC9pbWcwMDctMS1lMTQ4MjUwNzE3MzgwNS5qcGciLCJzbGlkZXNob3ciOiJkYmY2MThmIn0%3D\" href='https:\/\/jrberlioz.com\/fr\/wp-content\/uploads\/2016\/12\/img007-1-e1482507173805.jpg'><img loading=\"lazy\" decoding=\"async\" width=\"150\" height=\"150\" src=\"https:\/\/jrberlioz.com\/fr\/wp-content\/uploads\/2016\/12\/img007-1-150x150.jpg\" class=\"attachment-thumbnail size-thumbnail\" alt=\"\" aria-describedby=\"gallery-1-310\" srcset=\"https:\/\/jrberlioz.com\/fr\/wp-content\/uploads\/2016\/12\/img007-1-150x150.jpg 150w, https:\/\/jrberlioz.com\/fr\/wp-content\/uploads\/2016\/12\/img007-1-e1482507173805-300x300.jpg 300w, https:\/\/jrberlioz.com\/fr\/wp-content\/uploads\/2016\/12\/img007-1-e1482507173805-100x100.jpg 100w, https:\/\/jrberlioz.com\/fr\/wp-content\/uploads\/2016\/12\/img007-1-260x260.jpg 260w\" sizes=\"(max-width: 150px) 100vw, 150px\" \/><\/a>\n\t\t\t<\/div>\n\t\t\t\t<figcaption class='wp-caption-text gallery-caption' id='gallery-1-310'>\n\t\t\t\tSans titre 7\n\t\t\t\t<\/figcaption><\/figure><figure class='gallery-item'>\n\t\t\t<div class='gallery-icon landscape'>\n\t\t\t\t<a data-elementor-open-lightbox=\"yes\" data-elementor-lightbox-slideshow=\"dbf618f\" data-elementor-lightbox-title=\"img008\" data-e-action-hash=\"#elementor-action%3Aaction%3Dlightbox%26settings%3DeyJpZCI6MzExLCJ1cmwiOiJodHRwczpcL1wvanJiZXJsaW96LmNvbVwvZnJcL3dwLWNvbnRlbnRcL3VwbG9hZHNcLzIwMTZcLzEyXC9pbWcwMDgtMS1lMTQ4MjUwNzIwNzE0Mi5qcGciLCJzbGlkZXNob3ciOiJkYmY2MThmIn0%3D\" href='https:\/\/jrberlioz.com\/fr\/wp-content\/uploads\/2016\/12\/img008-1-e1482507207142.jpg'><img loading=\"lazy\" decoding=\"async\" width=\"150\" height=\"150\" src=\"https:\/\/jrberlioz.com\/fr\/wp-content\/uploads\/2016\/12\/img008-1-150x150.jpg\" class=\"attachment-thumbnail size-thumbnail\" alt=\"\" aria-describedby=\"gallery-1-311\" srcset=\"https:\/\/jrberlioz.com\/fr\/wp-content\/uploads\/2016\/12\/img008-1-150x150.jpg 150w, https:\/\/jrberlioz.com\/fr\/wp-content\/uploads\/2016\/12\/img008-1-e1482507207142-300x300.jpg 300w, https:\/\/jrberlioz.com\/fr\/wp-content\/uploads\/2016\/12\/img008-1-e1482507207142-100x100.jpg 100w, https:\/\/jrberlioz.com\/fr\/wp-content\/uploads\/2016\/12\/img008-1-260x260.jpg 260w\" sizes=\"(max-width: 150px) 100vw, 150px\" \/><\/a>\n\t\t\t<\/div>\n\t\t\t\t<figcaption class='wp-caption-text gallery-caption' id='gallery-1-311'>\n\t\t\t\tSans titre 8\n\t\t\t\t<\/figcaption><\/figure>\n\t\t<\/div>\n\t\t<\/div>\n\t\t\t\t\t\t<\/div>\n\t\t\t\t<\/div>\n\t\t\t\t\t<\/div>\n\t\t<\/div>\n\t\t\t\t\t<\/div>\n\t\t<\/section>\n\t\t\t\t<section class=\"elementor-section elementor-top-section elementor-element elementor-element-dc6c94e elementor-section-boxed elementor-section-height-default elementor-section-height-default\" data-id=\"dc6c94e\" data-element_type=\"section\" data-e-type=\"section\">\n\t\t\t\t\t\t<div class=\"elementor-container elementor-column-gap-default\">\n\t\t\t\t\t<div class=\"elementor-column elementor-col-100 elementor-top-column elementor-element elementor-element-e295f96\" data-id=\"e295f96\" data-element_type=\"column\" data-e-type=\"column\">\n\t\t\t<div class=\"elementor-widget-wrap elementor-element-populated\">\n\t\t\t\t\t\t<div class=\"elementor-element elementor-element-54d180b elementor-widget elementor-widget-text-editor\" data-id=\"54d180b\" data-element_type=\"widget\" data-e-type=\"widget\" data-widget_type=\"text-editor.default\">\n\t\t\t\t<div class=\"elementor-widget-container\">\n\t\t\t\t\t\t\t\t\t<p>\u00ab\u00a0M\u00e9moire d\u2019une ombre\u00a0\u00bb est une \u00e9vocation de la fonction premi\u00e8re de l\u2019acte photographique dans sa capacit\u00e9 \u00e0 sublimer le r\u00e9el et \u00e0 fixer la trace de la vie sur une surface graphique.<\/p><p>Simples empreintes graphiques fig\u00e9es dans le temps et l\u2019espace, les sujets repr\u00e9sent\u00e9s, bien qu\u2019identifiables, se voient vid\u00e9s de toute individualit\u00e9.<\/p><p>Ils ne sont plus que l\u2019ombre d\u2019eux-m\u00eames.<\/p><p>Dans un jeu de confrontations compl\u00e9mentaires, ils \u00e9voluent sous forme d\u2019aplats de noir et de blanc, dans un univers \u00e0 la g\u00e9om\u00e9trie restreinte.<\/p><p>Et pourtant, par le ph\u00e9nom\u00e8ne de photosensibilit\u00e9, toutes ces ombres, loin d\u2019\u00eatre d\u00e9nu\u00e9es de substance, sont entr\u00e9es dans une dimension mat\u00e9rielle, tangible.<\/p><p>Elles ont acquis une pr\u00e9sence, une r\u00e9alit\u00e9.<\/p><p>Elles deviennent traces.<\/p><p>Elles sont promesse de m\u00e9moire, la promesse sublime que nous ne tomberons pas dans l\u2019oubli.<\/p><p>\u00a0<\/p>\t\t\t\t\t\t\t\t<\/div>\n\t\t\t\t<\/div>\n\t\t\t\t\t<\/div>\n\t\t<\/div>\n\t\t\t\t\t<\/div>\n\t\t<\/section>\n\t\t\t\t<\/div>\n\t\t","protected":false},"excerpt":{"rendered":"<p>Sans titre 1 Sans titre 2 Sans titre 3 Sans titre 4 Sans titre 5 Sans titre 6 Sans titre 7 Sans titre 8 \u00ab\u00a0M\u00e9moire d\u2019une ombre\u00a0\u00bb est une \u00e9vocation de la fonction premi\u00e8re de l\u2019acte photographique dans sa capacit\u00e9 \u00e0 sublimer le r\u00e9el et \u00e0 fixer la trace de la vie sur une surface graphique. Simples empreintes graphiques fig\u00e9es dans le temps et l\u2019espace, les sujets repr\u00e9sent\u00e9s, bien qu\u2019identifiables, se voient vid\u00e9s de toute individualit\u00e9. Ils ne sont plus&#8230;<\/p>\n<p class=\"read-more\"><a class=\"btn btn-default\" href=\"https:\/\/jrberlioz.com\/fr\/?page_id=495\">Lire la suite<span class=\"screen-reader-text\"> Lire la suite<\/span><\/a><\/p>\n","protected":false},"author":1,"featured_media":0,"parent":0,"menu_order":0,"comment_status":"closed","ping_status":"closed","template":"","meta":{"footnotes":""},"class_list":["post-495","page","type-page","status-publish","hentry"],"_links":{"self":[{"href":"https:\/\/jrberlioz.com\/fr\/index.php?rest_route=\/wp\/v2\/pages\/495","targetHints":{"allow":["GET"]}}],"collection":[{"href":"https:\/\/jrberlioz.com\/fr\/index.php?rest_route=\/wp\/v2\/pages"}],"about":[{"href":"https:\/\/jrberlioz.com\/fr\/index.php?rest_route=\/wp\/v2\/types\/page"}],"author":[{"embeddable":true,"href":"https:\/\/jrberlioz.com\/fr\/index.php?rest_route=\/wp\/v2\/users\/1"}],"replies":[{"embeddable":true,"href":"https:\/\/jrberlioz.com\/fr\/index.php?rest_route=%2Fwp%2Fv2%2Fcomments&post=495"}],"version-history":[{"count":29,"href":"https:\/\/jrberlioz.com\/fr\/index.php?rest_route=\/wp\/v2\/pages\/495\/revisions"}],"predecessor-version":[{"id":5048,"href":"https:\/\/jrberlioz.com\/fr\/index.php?rest_route=\/wp\/v2\/pages\/495\/revisions\/5048"}],"wp:attachment":[{"href":"https:\/\/jrberlioz.com\/fr\/index.php?rest_route=%2Fwp%2Fv2%2Fmedia&parent=495"}],"curies":[{"name":"wp","href":"https:\/\/api.w.org\/{rel}","templated":true}]}}