{"id":493,"date":"2017-01-20T18:15:18","date_gmt":"2017-01-20T17:15:18","guid":{"rendered":"http:\/\/jrberlioz.com\/fr\/?page_id=493"},"modified":"2023-03-07T12:07:36","modified_gmt":"2023-03-07T11:07:36","slug":"trompe-loeil","status":"publish","type":"page","link":"https:\/\/jrberlioz.com\/fr\/?page_id=493","title":{"rendered":"TROMPE L&rsquo;OEIL"},"content":{"rendered":"\t\t<div data-elementor-type=\"wp-page\" data-elementor-id=\"493\" class=\"elementor elementor-493\">\n\t\t\t\t\t\t<section class=\"elementor-section elementor-top-section elementor-element elementor-element-75f737f5 elementor-section-boxed elementor-section-height-default elementor-section-height-default\" data-id=\"75f737f5\" data-element_type=\"section\" data-e-type=\"section\">\n\t\t\t\t\t\t<div class=\"elementor-container elementor-column-gap-default\">\n\t\t\t\t\t<div class=\"elementor-column elementor-col-100 elementor-top-column elementor-element elementor-element-38597a21\" data-id=\"38597a21\" data-element_type=\"column\" data-e-type=\"column\">\n\t\t\t<div class=\"elementor-widget-wrap\">\n\t\t\t\t\t\t\t<\/div>\n\t\t<\/div>\n\t\t\t\t\t<\/div>\n\t\t<\/section>\n\t\t\t\t<section class=\"elementor-section elementor-top-section elementor-element elementor-element-df24d66 elementor-section-boxed elementor-section-height-default elementor-section-height-default\" data-id=\"df24d66\" data-element_type=\"section\" data-e-type=\"section\">\n\t\t\t\t\t\t<div class=\"elementor-container elementor-column-gap-default\">\n\t\t\t\t\t<div class=\"elementor-column elementor-col-100 elementor-top-column elementor-element elementor-element-1d71b62\" data-id=\"1d71b62\" data-element_type=\"column\" data-e-type=\"column\">\n\t\t\t<div class=\"elementor-widget-wrap elementor-element-populated\">\n\t\t\t\t\t\t<div class=\"elementor-element elementor-element-5549187 elementor-widget elementor-widget-image-gallery\" data-id=\"5549187\" data-element_type=\"widget\" data-e-type=\"widget\" data-widget_type=\"image-gallery.default\">\n\t\t\t\t<div class=\"elementor-widget-container\">\n\t\t\t\t\t\t\t<div class=\"elementor-image-gallery\">\n\t\t\t<div id='gallery-1' class='gallery galleryid-493 gallery-columns-3 gallery-size-thumbnail'><figure class='gallery-item'>\n\t\t\t<div class='gallery-icon portrait'>\n\t\t\t\t<a data-elementor-open-lightbox=\"yes\" data-elementor-lightbox-slideshow=\"5549187\" data-elementor-lightbox-title=\"img002\" data-e-action-hash=\"#elementor-action%3Aaction%3Dlightbox%26settings%3DeyJpZCI6MzIzLCJ1cmwiOiJodHRwczpcL1wvanJiZXJsaW96LmNvbVwvZnJcL3dwLWNvbnRlbnRcL3VwbG9hZHNcLzIwMTdcLzAxXC9pbWcwMDItZTE0ODMzNzgyMTUzMDAuanBnIiwic2xpZGVzaG93IjoiNTU0OTE4NyJ9\" href='https:\/\/jrberlioz.com\/fr\/wp-content\/uploads\/2017\/01\/img002-e1483378215300.jpg'><img decoding=\"async\" width=\"150\" height=\"150\" src=\"https:\/\/jrberlioz.com\/fr\/wp-content\/uploads\/2017\/01\/img002-150x150.jpg\" class=\"attachment-thumbnail size-thumbnail\" alt=\"\" aria-describedby=\"gallery-1-323\" srcset=\"https:\/\/jrberlioz.com\/fr\/wp-content\/uploads\/2017\/01\/img002-150x150.jpg 150w, https:\/\/jrberlioz.com\/fr\/wp-content\/uploads\/2017\/01\/img002-e1483378215300-300x300.jpg 300w, https:\/\/jrberlioz.com\/fr\/wp-content\/uploads\/2017\/01\/img002-e1483378215300-100x100.jpg 100w, https:\/\/jrberlioz.com\/fr\/wp-content\/uploads\/2017\/01\/img002-260x260.jpg 260w\" sizes=\"(max-width: 150px) 100vw, 150px\" \/><\/a>\n\t\t\t<\/div>\n\t\t\t\t<figcaption class='wp-caption-text gallery-caption' id='gallery-1-323'>\n\t\t\t\tSans titre 1\n\t\t\t\t<\/figcaption><\/figure><figure class='gallery-item'>\n\t\t\t<div class='gallery-icon landscape'>\n\t\t\t\t<a data-elementor-open-lightbox=\"yes\" data-elementor-lightbox-slideshow=\"5549187\" data-elementor-lightbox-title=\"img003\" data-e-action-hash=\"#elementor-action%3Aaction%3Dlightbox%26settings%3DeyJpZCI6MzI0LCJ1cmwiOiJodHRwczpcL1wvanJiZXJsaW96LmNvbVwvZnJcL3dwLWNvbnRlbnRcL3VwbG9hZHNcLzIwMTdcLzAxXC9pbWcwMDMtZTE0ODMzNzgxODg5NDQuanBnIiwic2xpZGVzaG93IjoiNTU0OTE4NyJ9\" href='https:\/\/jrberlioz.com\/fr\/wp-content\/uploads\/2017\/01\/img003-e1483378188944.jpg'><img decoding=\"async\" width=\"150\" height=\"150\" src=\"https:\/\/jrberlioz.com\/fr\/wp-content\/uploads\/2017\/01\/img003-150x150.jpg\" class=\"attachment-thumbnail size-thumbnail\" alt=\"\" aria-describedby=\"gallery-1-324\" srcset=\"https:\/\/jrberlioz.com\/fr\/wp-content\/uploads\/2017\/01\/img003-150x150.jpg 150w, https:\/\/jrberlioz.com\/fr\/wp-content\/uploads\/2017\/01\/img003-e1483378188944-300x300.jpg 300w, https:\/\/jrberlioz.com\/fr\/wp-content\/uploads\/2017\/01\/img003-e1483378188944-100x100.jpg 100w, https:\/\/jrberlioz.com\/fr\/wp-content\/uploads\/2017\/01\/img003-260x260.jpg 260w\" sizes=\"(max-width: 150px) 100vw, 150px\" \/><\/a>\n\t\t\t<\/div>\n\t\t\t\t<figcaption class='wp-caption-text gallery-caption' id='gallery-1-324'>\n\t\t\t\tSans titre 2\n\t\t\t\t<\/figcaption><\/figure><figure class='gallery-item'>\n\t\t\t<div class='gallery-icon landscape'>\n\t\t\t\t<a data-elementor-open-lightbox=\"yes\" data-elementor-lightbox-slideshow=\"5549187\" data-elementor-lightbox-title=\"img001\" data-e-action-hash=\"#elementor-action%3Aaction%3Dlightbox%26settings%3DeyJpZCI6MzIyLCJ1cmwiOiJodHRwczpcL1wvanJiZXJsaW96LmNvbVwvZnJcL3dwLWNvbnRlbnRcL3VwbG9hZHNcLzIwMTdcLzAxXC9pbWcwMDEtZTE0ODMzNzgyNDc0NTIuanBnIiwic2xpZGVzaG93IjoiNTU0OTE4NyJ9\" href='https:\/\/jrberlioz.com\/fr\/wp-content\/uploads\/2017\/01\/img001-e1483378247452.jpg'><img decoding=\"async\" width=\"150\" height=\"150\" src=\"https:\/\/jrberlioz.com\/fr\/wp-content\/uploads\/2017\/01\/img001-150x150.jpg\" class=\"attachment-thumbnail size-thumbnail\" alt=\"\" aria-describedby=\"gallery-1-322\" srcset=\"https:\/\/jrberlioz.com\/fr\/wp-content\/uploads\/2017\/01\/img001-150x150.jpg 150w, https:\/\/jrberlioz.com\/fr\/wp-content\/uploads\/2017\/01\/img001-e1483378247452-300x300.jpg 300w, https:\/\/jrberlioz.com\/fr\/wp-content\/uploads\/2017\/01\/img001-e1483378247452-100x100.jpg 100w, https:\/\/jrberlioz.com\/fr\/wp-content\/uploads\/2017\/01\/img001-260x260.jpg 260w\" sizes=\"(max-width: 150px) 100vw, 150px\" \/><\/a>\n\t\t\t<\/div>\n\t\t\t\t<figcaption class='wp-caption-text gallery-caption' id='gallery-1-322'>\n\t\t\t\tSans titre 3\n\t\t\t\t<\/figcaption><\/figure><figure class='gallery-item'>\n\t\t\t<div class='gallery-icon portrait'>\n\t\t\t\t<a data-elementor-open-lightbox=\"yes\" data-elementor-lightbox-slideshow=\"5549187\" data-elementor-lightbox-title=\"img004\" data-e-action-hash=\"#elementor-action%3Aaction%3Dlightbox%26settings%3DeyJpZCI6MzI1LCJ1cmwiOiJodHRwczpcL1wvanJiZXJsaW96LmNvbVwvZnJcL3dwLWNvbnRlbnRcL3VwbG9hZHNcLzIwMTdcLzAxXC9pbWcwMDQtZTE0ODMzNzgxNjAyMzAuanBnIiwic2xpZGVzaG93IjoiNTU0OTE4NyJ9\" href='https:\/\/jrberlioz.com\/fr\/wp-content\/uploads\/2017\/01\/img004-e1483378160230.jpg'><img loading=\"lazy\" decoding=\"async\" width=\"150\" height=\"150\" src=\"https:\/\/jrberlioz.com\/fr\/wp-content\/uploads\/2017\/01\/img004-150x150.jpg\" class=\"attachment-thumbnail size-thumbnail\" alt=\"\" aria-describedby=\"gallery-1-325\" srcset=\"https:\/\/jrberlioz.com\/fr\/wp-content\/uploads\/2017\/01\/img004-150x150.jpg 150w, https:\/\/jrberlioz.com\/fr\/wp-content\/uploads\/2017\/01\/img004-e1483378160230-300x300.jpg 300w, https:\/\/jrberlioz.com\/fr\/wp-content\/uploads\/2017\/01\/img004-e1483378160230-100x100.jpg 100w, https:\/\/jrberlioz.com\/fr\/wp-content\/uploads\/2017\/01\/img004-260x260.jpg 260w\" sizes=\"(max-width: 150px) 100vw, 150px\" \/><\/a>\n\t\t\t<\/div>\n\t\t\t\t<figcaption class='wp-caption-text gallery-caption' id='gallery-1-325'>\n\t\t\t\tSans titre 4\n\t\t\t\t<\/figcaption><\/figure><figure class='gallery-item'>\n\t\t\t<div class='gallery-icon portrait'>\n\t\t\t\t<a data-elementor-open-lightbox=\"yes\" data-elementor-lightbox-slideshow=\"5549187\" data-elementor-lightbox-title=\"img005\" data-e-action-hash=\"#elementor-action%3Aaction%3Dlightbox%26settings%3DeyJpZCI6MzI2LCJ1cmwiOiJodHRwczpcL1wvanJiZXJsaW96LmNvbVwvZnJcL3dwLWNvbnRlbnRcL3VwbG9hZHNcLzIwMTdcLzAxXC9pbWcwMDUtZTE0ODMzNzgxMzI3MzEuanBnIiwic2xpZGVzaG93IjoiNTU0OTE4NyJ9\" href='https:\/\/jrberlioz.com\/fr\/wp-content\/uploads\/2017\/01\/img005-e1483378132731.jpg'><img loading=\"lazy\" decoding=\"async\" width=\"150\" height=\"150\" src=\"https:\/\/jrberlioz.com\/fr\/wp-content\/uploads\/2017\/01\/img005-150x150.jpg\" class=\"attachment-thumbnail size-thumbnail\" alt=\"\" aria-describedby=\"gallery-1-326\" srcset=\"https:\/\/jrberlioz.com\/fr\/wp-content\/uploads\/2017\/01\/img005-150x150.jpg 150w, https:\/\/jrberlioz.com\/fr\/wp-content\/uploads\/2017\/01\/img005-e1483378132731-300x300.jpg 300w, https:\/\/jrberlioz.com\/fr\/wp-content\/uploads\/2017\/01\/img005-e1483378132731-100x100.jpg 100w, https:\/\/jrberlioz.com\/fr\/wp-content\/uploads\/2017\/01\/img005-260x260.jpg 260w\" sizes=\"(max-width: 150px) 100vw, 150px\" \/><\/a>\n\t\t\t<\/div>\n\t\t\t\t<figcaption class='wp-caption-text gallery-caption' id='gallery-1-326'>\n\t\t\t\tSans titre 5\n\t\t\t\t<\/figcaption><\/figure><figure class='gallery-item'>\n\t\t\t<div class='gallery-icon portrait'>\n\t\t\t\t<a data-elementor-open-lightbox=\"yes\" data-elementor-lightbox-slideshow=\"5549187\" data-elementor-lightbox-title=\"img008\" data-e-action-hash=\"#elementor-action%3Aaction%3Dlightbox%26settings%3DeyJpZCI6MzI4LCJ1cmwiOiJodHRwczpcL1wvanJiZXJsaW96LmNvbVwvZnJcL3dwLWNvbnRlbnRcL3VwbG9hZHNcLzIwMTdcLzAxXC9pbWcwMDgtZTE0ODMzNzgwNDkxOTYuanBnIiwic2xpZGVzaG93IjoiNTU0OTE4NyJ9\" href='https:\/\/jrberlioz.com\/fr\/wp-content\/uploads\/2017\/01\/img008-e1483378049196.jpg'><img loading=\"lazy\" decoding=\"async\" width=\"150\" height=\"150\" src=\"https:\/\/jrberlioz.com\/fr\/wp-content\/uploads\/2017\/01\/img008-150x150.jpg\" class=\"attachment-thumbnail size-thumbnail\" alt=\"\" aria-describedby=\"gallery-1-328\" srcset=\"https:\/\/jrberlioz.com\/fr\/wp-content\/uploads\/2017\/01\/img008-150x150.jpg 150w, https:\/\/jrberlioz.com\/fr\/wp-content\/uploads\/2017\/01\/img008-e1483378049196-300x300.jpg 300w, https:\/\/jrberlioz.com\/fr\/wp-content\/uploads\/2017\/01\/img008-e1483378049196-100x100.jpg 100w, https:\/\/jrberlioz.com\/fr\/wp-content\/uploads\/2017\/01\/img008-260x260.jpg 260w\" sizes=\"(max-width: 150px) 100vw, 150px\" \/><\/a>\n\t\t\t<\/div>\n\t\t\t\t<figcaption class='wp-caption-text gallery-caption' id='gallery-1-328'>\n\t\t\t\tSans titre 6\n\t\t\t\t<\/figcaption><\/figure><figure class='gallery-item'>\n\t\t\t<div class='gallery-icon landscape'>\n\t\t\t\t<a data-elementor-open-lightbox=\"yes\" data-elementor-lightbox-slideshow=\"5549187\" data-elementor-lightbox-title=\"img010\" data-e-action-hash=\"#elementor-action%3Aaction%3Dlightbox%26settings%3DeyJpZCI6MzMwLCJ1cmwiOiJodHRwczpcL1wvanJiZXJsaW96LmNvbVwvZnJcL3dwLWNvbnRlbnRcL3VwbG9hZHNcLzIwMTdcLzAxXC9pbWcwMTAtZTE0ODMzNzc3OTUxMTYuanBnIiwic2xpZGVzaG93IjoiNTU0OTE4NyJ9\" href='https:\/\/jrberlioz.com\/fr\/wp-content\/uploads\/2017\/01\/img010-e1483377795116.jpg'><img loading=\"lazy\" decoding=\"async\" width=\"150\" height=\"150\" src=\"https:\/\/jrberlioz.com\/fr\/wp-content\/uploads\/2017\/01\/img010-150x150.jpg\" class=\"attachment-thumbnail size-thumbnail\" alt=\"\" aria-describedby=\"gallery-1-330\" srcset=\"https:\/\/jrberlioz.com\/fr\/wp-content\/uploads\/2017\/01\/img010-150x150.jpg 150w, https:\/\/jrberlioz.com\/fr\/wp-content\/uploads\/2017\/01\/img010-e1483377795116-300x300.jpg 300w, https:\/\/jrberlioz.com\/fr\/wp-content\/uploads\/2017\/01\/img010-e1483377795116-100x100.jpg 100w, https:\/\/jrberlioz.com\/fr\/wp-content\/uploads\/2017\/01\/img010-260x260.jpg 260w\" sizes=\"(max-width: 150px) 100vw, 150px\" \/><\/a>\n\t\t\t<\/div>\n\t\t\t\t<figcaption class='wp-caption-text gallery-caption' id='gallery-1-330'>\n\t\t\t\tSans titre 7\n\t\t\t\t<\/figcaption><\/figure><figure class='gallery-item'>\n\t\t\t<div class='gallery-icon landscape'>\n\t\t\t\t<a data-elementor-open-lightbox=\"yes\" data-elementor-lightbox-slideshow=\"5549187\" data-elementor-lightbox-title=\"img007\" data-e-action-hash=\"#elementor-action%3Aaction%3Dlightbox%26settings%3DeyJpZCI6MzI3LCJ1cmwiOiJodHRwczpcL1wvanJiZXJsaW96LmNvbVwvZnJcL3dwLWNvbnRlbnRcL3VwbG9hZHNcLzIwMTdcLzAxXC9pbWcwMDctZTE0ODMzNzgwOTU1NzguanBnIiwic2xpZGVzaG93IjoiNTU0OTE4NyJ9\" href='https:\/\/jrberlioz.com\/fr\/wp-content\/uploads\/2017\/01\/img007-e1483378095578.jpg'><img loading=\"lazy\" decoding=\"async\" width=\"150\" height=\"150\" src=\"https:\/\/jrberlioz.com\/fr\/wp-content\/uploads\/2017\/01\/img007-150x150.jpg\" class=\"attachment-thumbnail size-thumbnail\" alt=\"\" aria-describedby=\"gallery-1-327\" srcset=\"https:\/\/jrberlioz.com\/fr\/wp-content\/uploads\/2017\/01\/img007-150x150.jpg 150w, https:\/\/jrberlioz.com\/fr\/wp-content\/uploads\/2017\/01\/img007-e1483378095578-300x300.jpg 300w, https:\/\/jrberlioz.com\/fr\/wp-content\/uploads\/2017\/01\/img007-e1483378095578-100x100.jpg 100w, https:\/\/jrberlioz.com\/fr\/wp-content\/uploads\/2017\/01\/img007-260x260.jpg 260w\" sizes=\"(max-width: 150px) 100vw, 150px\" \/><\/a>\n\t\t\t<\/div>\n\t\t\t\t<figcaption class='wp-caption-text gallery-caption' id='gallery-1-327'>\n\t\t\t\tSans titre 8\n\t\t\t\t<\/figcaption><\/figure><figure class='gallery-item'>\n\t\t\t<div class='gallery-icon landscape'>\n\t\t\t\t<a data-elementor-open-lightbox=\"yes\" data-elementor-lightbox-slideshow=\"5549187\" data-elementor-lightbox-title=\"img009\" data-e-action-hash=\"#elementor-action%3Aaction%3Dlightbox%26settings%3DeyJpZCI6MzI5LCJ1cmwiOiJodHRwczpcL1wvanJiZXJsaW96LmNvbVwvZnJcL3dwLWNvbnRlbnRcL3VwbG9hZHNcLzIwMTdcLzAxXC9pbWcwMDktZTE0ODMzNzgwMTU3ODguanBnIiwic2xpZGVzaG93IjoiNTU0OTE4NyJ9\" href='https:\/\/jrberlioz.com\/fr\/wp-content\/uploads\/2017\/01\/img009-e1483378015788.jpg'><img loading=\"lazy\" decoding=\"async\" width=\"150\" height=\"150\" src=\"https:\/\/jrberlioz.com\/fr\/wp-content\/uploads\/2017\/01\/img009-150x150.jpg\" class=\"attachment-thumbnail size-thumbnail\" alt=\"\" aria-describedby=\"gallery-1-329\" srcset=\"https:\/\/jrberlioz.com\/fr\/wp-content\/uploads\/2017\/01\/img009-150x150.jpg 150w, https:\/\/jrberlioz.com\/fr\/wp-content\/uploads\/2017\/01\/img009-e1483378015788-300x300.jpg 300w, https:\/\/jrberlioz.com\/fr\/wp-content\/uploads\/2017\/01\/img009-e1483378015788-100x100.jpg 100w, https:\/\/jrberlioz.com\/fr\/wp-content\/uploads\/2017\/01\/img009-260x260.jpg 260w\" sizes=\"(max-width: 150px) 100vw, 150px\" \/><\/a>\n\t\t\t<\/div>\n\t\t\t\t<figcaption class='wp-caption-text gallery-caption' id='gallery-1-329'>\n\t\t\t\tSans titre 9\n\t\t\t\t<\/figcaption><\/figure>\n\t\t<\/div>\n\t\t<\/div>\n\t\t\t\t\t\t<\/div>\n\t\t\t\t<\/div>\n\t\t\t\t\t<\/div>\n\t\t<\/div>\n\t\t\t\t\t<\/div>\n\t\t<\/section>\n\t\t\t\t<section class=\"elementor-section elementor-top-section elementor-element elementor-element-4031a6e elementor-section-boxed elementor-section-height-default elementor-section-height-default\" data-id=\"4031a6e\" data-element_type=\"section\" data-e-type=\"section\">\n\t\t\t\t\t\t<div class=\"elementor-container elementor-column-gap-default\">\n\t\t\t\t\t<div class=\"elementor-column elementor-col-100 elementor-top-column elementor-element elementor-element-c085b53\" data-id=\"c085b53\" data-element_type=\"column\" data-e-type=\"column\">\n\t\t\t<div class=\"elementor-widget-wrap elementor-element-populated\">\n\t\t\t\t\t\t<div class=\"elementor-element elementor-element-073e481 elementor-widget elementor-widget-text-editor\" data-id=\"073e481\" data-element_type=\"widget\" data-e-type=\"widget\" data-widget_type=\"text-editor.default\">\n\t\t\t\t<div class=\"elementor-widget-container\">\n\t\t\t\t\t\t\t\t\t<p>\u00ab\u00a0Trompe l\u2019\u0153il\u00a0\u00bb, au sens litt\u00e9ral du terme, est un support qui donne \u00e0 distance l\u2019illusion de la r\u00e9alit\u00e9. Une \u00e9vocation de ce qui se cache derri\u00e8re les apparences.<\/p><p>En imaginant cette s\u00e9rie, j\u2019ai voulu mettre l\u2019accent sur la notion de perception.<\/p><p>Je ne cherche pas \u00e0 faire de la narration, ni \u00e0 d\u00e9noncer.<\/p><p>Les motifs pr\u00e9sents dans chaque image ont moins d\u2019importance que la mani\u00e8re dont l\u2019observateur aura de les percevoir.<\/p><p>Chaque photographie vise ici \u00e0 mettre en d\u00e9route la r\u00e9tine du regardeur. Une mani\u00e8re de relativiser la certitude des choses et d\u2019illustrer le propos selon lequel la r\u00e9alit\u00e9 n\u2019est rien d\u2019autre que ce qui nous para\u00eet r\u00e9el.<\/p><p>\u00a0<\/p>\t\t\t\t\t\t\t\t<\/div>\n\t\t\t\t<\/div>\n\t\t\t\t\t<\/div>\n\t\t<\/div>\n\t\t\t\t\t<\/div>\n\t\t<\/section>\n\t\t\t\t<\/div>\n\t\t","protected":false},"excerpt":{"rendered":"<p>Sans titre 1 Sans titre 2 Sans titre 3 Sans titre 4 Sans titre 5 Sans titre 6 Sans titre 7 Sans titre 8 Sans titre 9 \u00ab\u00a0Trompe l\u2019\u0153il\u00a0\u00bb, au sens litt\u00e9ral du terme, est un support qui donne \u00e0 distance l\u2019illusion de la r\u00e9alit\u00e9. Une \u00e9vocation de ce qui se cache derri\u00e8re les apparences. En imaginant cette s\u00e9rie, j\u2019ai voulu mettre l\u2019accent sur la notion de perception. Je ne cherche pas \u00e0 faire de la narration, ni \u00e0 d\u00e9noncer&#8230;.<\/p>\n<p class=\"read-more\"><a class=\"btn btn-default\" href=\"https:\/\/jrberlioz.com\/fr\/?page_id=493\">Lire la suite<span class=\"screen-reader-text\"> Lire la suite<\/span><\/a><\/p>\n","protected":false},"author":1,"featured_media":0,"parent":0,"menu_order":0,"comment_status":"closed","ping_status":"closed","template":"","meta":{"footnotes":""},"class_list":["post-493","page","type-page","status-publish","hentry"],"_links":{"self":[{"href":"https:\/\/jrberlioz.com\/fr\/index.php?rest_route=\/wp\/v2\/pages\/493","targetHints":{"allow":["GET"]}}],"collection":[{"href":"https:\/\/jrberlioz.com\/fr\/index.php?rest_route=\/wp\/v2\/pages"}],"about":[{"href":"https:\/\/jrberlioz.com\/fr\/index.php?rest_route=\/wp\/v2\/types\/page"}],"author":[{"embeddable":true,"href":"https:\/\/jrberlioz.com\/fr\/index.php?rest_route=\/wp\/v2\/users\/1"}],"replies":[{"embeddable":true,"href":"https:\/\/jrberlioz.com\/fr\/index.php?rest_route=%2Fwp%2Fv2%2Fcomments&post=493"}],"version-history":[{"count":11,"href":"https:\/\/jrberlioz.com\/fr\/index.php?rest_route=\/wp\/v2\/pages\/493\/revisions"}],"predecessor-version":[{"id":5051,"href":"https:\/\/jrberlioz.com\/fr\/index.php?rest_route=\/wp\/v2\/pages\/493\/revisions\/5051"}],"wp:attachment":[{"href":"https:\/\/jrberlioz.com\/fr\/index.php?rest_route=%2Fwp%2Fv2%2Fmedia&parent=493"}],"curies":[{"name":"wp","href":"https:\/\/api.w.org\/{rel}","templated":true}]}}