{"id":490,"date":"2017-01-20T18:13:47","date_gmt":"2017-01-20T17:13:47","guid":{"rendered":"http:\/\/jrberlioz.com\/fr\/?page_id=490"},"modified":"2020-12-01T19:55:08","modified_gmt":"2020-12-01T18:55:08","slug":"bureautitude","status":"publish","type":"page","link":"https:\/\/jrberlioz.com\/fr\/?page_id=490","title":{"rendered":"BUREAUTITUDE"},"content":{"rendered":"\t\t<div data-elementor-type=\"wp-page\" data-elementor-id=\"490\" class=\"elementor elementor-490\">\n\t\t\t\t\t\t<section class=\"elementor-section elementor-top-section elementor-element elementor-element-48d0a56b elementor-section-boxed elementor-section-height-default elementor-section-height-default\" data-id=\"48d0a56b\" data-element_type=\"section\" data-e-type=\"section\">\n\t\t\t\t\t\t<div class=\"elementor-container elementor-column-gap-default\">\n\t\t\t\t\t<div class=\"elementor-column elementor-col-100 elementor-top-column elementor-element elementor-element-2087c917\" data-id=\"2087c917\" data-element_type=\"column\" data-e-type=\"column\">\n\t\t\t<div class=\"elementor-widget-wrap elementor-element-populated\">\n\t\t\t\t\t\t<div class=\"elementor-element elementor-element-f360f01 elementor-widget elementor-widget-image-gallery\" data-id=\"f360f01\" data-element_type=\"widget\" data-e-type=\"widget\" data-widget_type=\"image-gallery.default\">\n\t\t\t\t<div class=\"elementor-widget-container\">\n\t\t\t\t\t\t\t<div class=\"elementor-image-gallery\">\n\t\t\t<div id='gallery-1' class='gallery galleryid-490 gallery-columns-4 gallery-size-thumbnail'><figure class='gallery-item'>\n\t\t\t<div class='gallery-icon landscape'>\n\t\t\t\t<a data-elementor-open-lightbox=\"yes\" data-elementor-lightbox-slideshow=\"f360f01\" data-e-action-hash=\"#elementor-action%3Aaction%3Dlightbox%26settings%3DeyJpZCI6MzY5LCJ1cmwiOiJodHRwczpcL1wvanJiZXJsaW96LmNvbVwvZnJcL3dwLWNvbnRlbnRcL3VwbG9hZHNcLzIwMTdcLzAxXC9CZXJsaW96X0plYW5fMDFfU2Fucy10aXRyZS1lMTQ4MzU1OTI1NjM3OS5qcGciLCJzbGlkZXNob3ciOiJmMzYwZjAxIn0%3D\" href='https:\/\/jrberlioz.com\/fr\/wp-content\/uploads\/2017\/01\/Berlioz_Jean_01_Sans-titre-e1483559256379.jpg'><img decoding=\"async\" width=\"150\" height=\"150\" src=\"https:\/\/jrberlioz.com\/fr\/wp-content\/uploads\/2017\/01\/Berlioz_Jean_01_Sans-titre-150x150.jpg\" class=\"attachment-thumbnail size-thumbnail\" alt=\"\" aria-describedby=\"gallery-1-369\" srcset=\"https:\/\/jrberlioz.com\/fr\/wp-content\/uploads\/2017\/01\/Berlioz_Jean_01_Sans-titre-150x150.jpg 150w, https:\/\/jrberlioz.com\/fr\/wp-content\/uploads\/2017\/01\/Berlioz_Jean_01_Sans-titre-e1483559256379-300x300.jpg 300w, https:\/\/jrberlioz.com\/fr\/wp-content\/uploads\/2017\/01\/Berlioz_Jean_01_Sans-titre-e1483559256379-100x100.jpg 100w, https:\/\/jrberlioz.com\/fr\/wp-content\/uploads\/2017\/01\/Berlioz_Jean_01_Sans-titre-260x260.jpg 260w\" sizes=\"(max-width: 150px) 100vw, 150px\" \/><\/a>\n\t\t\t<\/div>\n\t\t\t\t<figcaption class='wp-caption-text gallery-caption' id='gallery-1-369'>\n\t\t\t\tSans titre 1\n\t\t\t\t<\/figcaption><\/figure><figure class='gallery-item'>\n\t\t\t<div class='gallery-icon portrait'>\n\t\t\t\t<a data-elementor-open-lightbox=\"yes\" data-elementor-lightbox-slideshow=\"f360f01\" data-e-action-hash=\"#elementor-action%3Aaction%3Dlightbox%26settings%3DeyJpZCI6MzcwLCJ1cmwiOiJodHRwczpcL1wvanJiZXJsaW96LmNvbVwvZnJcL3dwLWNvbnRlbnRcL3VwbG9hZHNcLzIwMTdcLzAxXC9CZXJsaW96X0plYW5fMDJfU2Fucy10aXRyZS1lMTQ4MzU1OTQ5MTExMi5qcGciLCJzbGlkZXNob3ciOiJmMzYwZjAxIn0%3D\" data-elementor-lightbox-title=\"Berlioz_Jean_02_Sans titre\" href='https:\/\/jrberlioz.com\/fr\/wp-content\/uploads\/2017\/01\/Berlioz_Jean_02_Sans-titre-e1483559491112.jpg'><img decoding=\"async\" width=\"150\" height=\"150\" src=\"https:\/\/jrberlioz.com\/fr\/wp-content\/uploads\/2017\/01\/Berlioz_Jean_02_Sans-titre-150x150.jpg\" class=\"attachment-thumbnail size-thumbnail\" alt=\"\" aria-describedby=\"gallery-1-370\" srcset=\"https:\/\/jrberlioz.com\/fr\/wp-content\/uploads\/2017\/01\/Berlioz_Jean_02_Sans-titre-150x150.jpg 150w, https:\/\/jrberlioz.com\/fr\/wp-content\/uploads\/2017\/01\/Berlioz_Jean_02_Sans-titre-e1483559491112-300x300.jpg 300w, https:\/\/jrberlioz.com\/fr\/wp-content\/uploads\/2017\/01\/Berlioz_Jean_02_Sans-titre-e1483559491112-100x100.jpg 100w, https:\/\/jrberlioz.com\/fr\/wp-content\/uploads\/2017\/01\/Berlioz_Jean_02_Sans-titre-260x260.jpg 260w\" sizes=\"(max-width: 150px) 100vw, 150px\" \/><\/a>\n\t\t\t<\/div>\n\t\t\t\t<figcaption class='wp-caption-text gallery-caption' id='gallery-1-370'>\n\t\t\t\tSans titre 2\n\t\t\t\t<\/figcaption><\/figure><figure class='gallery-item'>\n\t\t\t<div class='gallery-icon landscape'>\n\t\t\t\t<a data-elementor-open-lightbox=\"yes\" data-elementor-lightbox-slideshow=\"f360f01\" data-e-action-hash=\"#elementor-action%3Aaction%3Dlightbox%26settings%3DeyJpZCI6MzcyLCJ1cmwiOiJodHRwczpcL1wvanJiZXJsaW96LmNvbVwvZnJcL3dwLWNvbnRlbnRcL3VwbG9hZHNcLzIwMTdcLzAxXC9CZXJsaW96X0plYW5fMDNfU2Fucy10aXRyZS1lMTQ4MzU1ODk0OTczNi5qcGciLCJzbGlkZXNob3ciOiJmMzYwZjAxIn0%3D\" data-elementor-lightbox-title=\"Berlioz_Jean_02_Sans titre\" href='https:\/\/jrberlioz.com\/fr\/wp-content\/uploads\/2017\/01\/Berlioz_Jean_03_Sans-titre-e1483558949736.jpg'><img decoding=\"async\" width=\"150\" height=\"150\" src=\"https:\/\/jrberlioz.com\/fr\/wp-content\/uploads\/2017\/01\/Berlioz_Jean_03_Sans-titre-150x150.jpg\" class=\"attachment-thumbnail size-thumbnail\" alt=\"\" aria-describedby=\"gallery-1-372\" srcset=\"https:\/\/jrberlioz.com\/fr\/wp-content\/uploads\/2017\/01\/Berlioz_Jean_03_Sans-titre-150x150.jpg 150w, https:\/\/jrberlioz.com\/fr\/wp-content\/uploads\/2017\/01\/Berlioz_Jean_03_Sans-titre-e1483558949736-300x300.jpg 300w, https:\/\/jrberlioz.com\/fr\/wp-content\/uploads\/2017\/01\/Berlioz_Jean_03_Sans-titre-e1483558949736-100x100.jpg 100w, https:\/\/jrberlioz.com\/fr\/wp-content\/uploads\/2017\/01\/Berlioz_Jean_03_Sans-titre-260x260.jpg 260w\" sizes=\"(max-width: 150px) 100vw, 150px\" \/><\/a>\n\t\t\t<\/div>\n\t\t\t\t<figcaption class='wp-caption-text gallery-caption' id='gallery-1-372'>\n\t\t\t\tSans titre 3\n\t\t\t\t<\/figcaption><\/figure><figure class='gallery-item'>\n\t\t\t<div class='gallery-icon landscape'>\n\t\t\t\t<a data-elementor-open-lightbox=\"yes\" data-elementor-lightbox-slideshow=\"f360f01\" data-e-action-hash=\"#elementor-action%3Aaction%3Dlightbox%26settings%3DeyJpZCI6MzczLCJ1cmwiOiJodHRwczpcL1wvanJiZXJsaW96LmNvbVwvZnJcL3dwLWNvbnRlbnRcL3VwbG9hZHNcLzIwMTdcLzAxXC9CZXJsaW96X0plYW5fMDRfU2Fucy10aXRyZS1lMTQ4MzU1ODkwNDM1Ni5qcGciLCJzbGlkZXNob3ciOiJmMzYwZjAxIn0%3D\" data-elementor-lightbox-title=\"Berlioz_Jean_04_Sans titre\" href='https:\/\/jrberlioz.com\/fr\/wp-content\/uploads\/2017\/01\/Berlioz_Jean_04_Sans-titre-e1483558904356.jpg'><img loading=\"lazy\" decoding=\"async\" width=\"150\" height=\"150\" src=\"https:\/\/jrberlioz.com\/fr\/wp-content\/uploads\/2017\/01\/Berlioz_Jean_04_Sans-titre-150x150.jpg\" class=\"attachment-thumbnail size-thumbnail\" alt=\"\" aria-describedby=\"gallery-1-373\" srcset=\"https:\/\/jrberlioz.com\/fr\/wp-content\/uploads\/2017\/01\/Berlioz_Jean_04_Sans-titre-150x150.jpg 150w, https:\/\/jrberlioz.com\/fr\/wp-content\/uploads\/2017\/01\/Berlioz_Jean_04_Sans-titre-e1483558904356-300x300.jpg 300w, https:\/\/jrberlioz.com\/fr\/wp-content\/uploads\/2017\/01\/Berlioz_Jean_04_Sans-titre-e1483558904356-100x100.jpg 100w, https:\/\/jrberlioz.com\/fr\/wp-content\/uploads\/2017\/01\/Berlioz_Jean_04_Sans-titre-260x260.jpg 260w\" sizes=\"(max-width: 150px) 100vw, 150px\" \/><\/a>\n\t\t\t<\/div>\n\t\t\t\t<figcaption class='wp-caption-text gallery-caption' id='gallery-1-373'>\n\t\t\t\tSans titre 4\n\t\t\t\t<\/figcaption><\/figure><figure class='gallery-item'>\n\t\t\t<div class='gallery-icon landscape'>\n\t\t\t\t<a data-elementor-open-lightbox=\"yes\" data-elementor-lightbox-slideshow=\"f360f01\" data-e-action-hash=\"#elementor-action%3Aaction%3Dlightbox%26settings%3DeyJpZCI6Mzc0LCJ1cmwiOiJodHRwczpcL1wvanJiZXJsaW96LmNvbVwvZnJcL3dwLWNvbnRlbnRcL3VwbG9hZHNcLzIwMTdcLzAxXC9CZXJsaW96X0plYW5fMDVfU2Fucy10aXRyZS1lMTQ4MzU1ODcxOTE4NC5qcGciLCJzbGlkZXNob3ciOiJmMzYwZjAxIn0%3D\" data-elementor-lightbox-title=\"Berlioz_Jean_05_Sans titre\" href='https:\/\/jrberlioz.com\/fr\/wp-content\/uploads\/2017\/01\/Berlioz_Jean_05_Sans-titre-e1483558719184.jpg'><img loading=\"lazy\" decoding=\"async\" width=\"150\" height=\"150\" src=\"https:\/\/jrberlioz.com\/fr\/wp-content\/uploads\/2017\/01\/Berlioz_Jean_05_Sans-titre-150x150.jpg\" class=\"attachment-thumbnail size-thumbnail\" alt=\"\" aria-describedby=\"gallery-1-374\" srcset=\"https:\/\/jrberlioz.com\/fr\/wp-content\/uploads\/2017\/01\/Berlioz_Jean_05_Sans-titre-150x150.jpg 150w, https:\/\/jrberlioz.com\/fr\/wp-content\/uploads\/2017\/01\/Berlioz_Jean_05_Sans-titre-e1483558719184-300x300.jpg 300w, https:\/\/jrberlioz.com\/fr\/wp-content\/uploads\/2017\/01\/Berlioz_Jean_05_Sans-titre-e1483558719184-100x100.jpg 100w, https:\/\/jrberlioz.com\/fr\/wp-content\/uploads\/2017\/01\/Berlioz_Jean_05_Sans-titre-260x260.jpg 260w\" sizes=\"(max-width: 150px) 100vw, 150px\" \/><\/a>\n\t\t\t<\/div>\n\t\t\t\t<figcaption class='wp-caption-text gallery-caption' id='gallery-1-374'>\n\t\t\t\tSans titre 5\n\t\t\t\t<\/figcaption><\/figure><figure class='gallery-item'>\n\t\t\t<div class='gallery-icon portrait'>\n\t\t\t\t<a data-elementor-open-lightbox=\"yes\" data-elementor-lightbox-slideshow=\"f360f01\" data-e-action-hash=\"#elementor-action%3Aaction%3Dlightbox%26settings%3DeyJpZCI6Mzc1LCJ1cmwiOiJodHRwczpcL1wvanJiZXJsaW96LmNvbVwvZnJcL3dwLWNvbnRlbnRcL3VwbG9hZHNcLzIwMTdcLzAxXC9CZXJsaW96X0plYW5fMDZfU2Fucy10aXRyZS1lMTQ4MzU1ODYzNzgzMi5qcGciLCJzbGlkZXNob3ciOiJmMzYwZjAxIn0%3D\" data-elementor-lightbox-title=\"Berlioz_Jean_06_Sans titre\" href='https:\/\/jrberlioz.com\/fr\/wp-content\/uploads\/2017\/01\/Berlioz_Jean_06_Sans-titre-e1483558637832.jpg'><img loading=\"lazy\" decoding=\"async\" width=\"150\" height=\"150\" src=\"https:\/\/jrberlioz.com\/fr\/wp-content\/uploads\/2017\/01\/Berlioz_Jean_06_Sans-titre-150x150.jpg\" class=\"attachment-thumbnail size-thumbnail\" alt=\"\" aria-describedby=\"gallery-1-375\" srcset=\"https:\/\/jrberlioz.com\/fr\/wp-content\/uploads\/2017\/01\/Berlioz_Jean_06_Sans-titre-150x150.jpg 150w, https:\/\/jrberlioz.com\/fr\/wp-content\/uploads\/2017\/01\/Berlioz_Jean_06_Sans-titre-e1483558637832-300x300.jpg 300w, https:\/\/jrberlioz.com\/fr\/wp-content\/uploads\/2017\/01\/Berlioz_Jean_06_Sans-titre-e1483558637832-100x100.jpg 100w, https:\/\/jrberlioz.com\/fr\/wp-content\/uploads\/2017\/01\/Berlioz_Jean_06_Sans-titre-260x260.jpg 260w\" sizes=\"(max-width: 150px) 100vw, 150px\" \/><\/a>\n\t\t\t<\/div>\n\t\t\t\t<figcaption class='wp-caption-text gallery-caption' id='gallery-1-375'>\n\t\t\t\tSans titre 6\n\t\t\t\t<\/figcaption><\/figure><figure class='gallery-item'>\n\t\t\t<div class='gallery-icon portrait'>\n\t\t\t\t<a data-elementor-open-lightbox=\"yes\" data-elementor-lightbox-slideshow=\"f360f01\" data-e-action-hash=\"#elementor-action%3Aaction%3Dlightbox%26settings%3DeyJpZCI6Mzc2LCJ1cmwiOiJodHRwczpcL1wvanJiZXJsaW96LmNvbVwvZnJcL3dwLWNvbnRlbnRcL3VwbG9hZHNcLzIwMTdcLzAxXC9CZXJsaW96X0plYW5fMDdfU2Fucy10aXRyZS1lMTQ4MzU1ODU3NzY5OS5qcGciLCJzbGlkZXNob3ciOiJmMzYwZjAxIn0%3D\" data-elementor-lightbox-title=\"Berlioz_Jean_07_Sans titre\" href='https:\/\/jrberlioz.com\/fr\/wp-content\/uploads\/2017\/01\/Berlioz_Jean_07_Sans-titre-e1483558577699.jpg'><img loading=\"lazy\" decoding=\"async\" width=\"150\" height=\"150\" src=\"https:\/\/jrberlioz.com\/fr\/wp-content\/uploads\/2017\/01\/Berlioz_Jean_07_Sans-titre-150x150.jpg\" class=\"attachment-thumbnail size-thumbnail\" alt=\"\" aria-describedby=\"gallery-1-376\" srcset=\"https:\/\/jrberlioz.com\/fr\/wp-content\/uploads\/2017\/01\/Berlioz_Jean_07_Sans-titre-150x150.jpg 150w, https:\/\/jrberlioz.com\/fr\/wp-content\/uploads\/2017\/01\/Berlioz_Jean_07_Sans-titre-e1483558577699-300x300.jpg 300w, https:\/\/jrberlioz.com\/fr\/wp-content\/uploads\/2017\/01\/Berlioz_Jean_07_Sans-titre-e1483558577699-100x100.jpg 100w, https:\/\/jrberlioz.com\/fr\/wp-content\/uploads\/2017\/01\/Berlioz_Jean_07_Sans-titre-260x260.jpg 260w\" sizes=\"(max-width: 150px) 100vw, 150px\" \/><\/a>\n\t\t\t<\/div>\n\t\t\t\t<figcaption class='wp-caption-text gallery-caption' id='gallery-1-376'>\n\t\t\t\tSans titre 7\n\t\t\t\t<\/figcaption><\/figure><figure class='gallery-item'>\n\t\t\t<div class='gallery-icon landscape'>\n\t\t\t\t<a data-elementor-open-lightbox=\"yes\" data-elementor-lightbox-slideshow=\"f360f01\" data-e-action-hash=\"#elementor-action%3Aaction%3Dlightbox%26settings%3DeyJpZCI6Mzc3LCJ1cmwiOiJodHRwczpcL1wvanJiZXJsaW96LmNvbVwvZnJcL3dwLWNvbnRlbnRcL3VwbG9hZHNcLzIwMTdcLzAxXC9CZXJsaW96X0plYW5fMDhfU2Fucy10aXRyZS1lMTQ4MzU1ODUzNzg5Ni5qcGciLCJzbGlkZXNob3ciOiJmMzYwZjAxIn0%3D\" data-elementor-lightbox-title=\"Berlioz_Jean_07_Sans titre\" href='https:\/\/jrberlioz.com\/fr\/wp-content\/uploads\/2017\/01\/Berlioz_Jean_08_Sans-titre-e1483558537896.jpg'><img loading=\"lazy\" decoding=\"async\" width=\"150\" height=\"150\" src=\"https:\/\/jrberlioz.com\/fr\/wp-content\/uploads\/2017\/01\/Berlioz_Jean_08_Sans-titre-150x150.jpg\" class=\"attachment-thumbnail size-thumbnail\" alt=\"\" aria-describedby=\"gallery-1-377\" srcset=\"https:\/\/jrberlioz.com\/fr\/wp-content\/uploads\/2017\/01\/Berlioz_Jean_08_Sans-titre-150x150.jpg 150w, https:\/\/jrberlioz.com\/fr\/wp-content\/uploads\/2017\/01\/Berlioz_Jean_08_Sans-titre-e1483558537896-300x300.jpg 300w, https:\/\/jrberlioz.com\/fr\/wp-content\/uploads\/2017\/01\/Berlioz_Jean_08_Sans-titre-e1483558537896-100x100.jpg 100w, https:\/\/jrberlioz.com\/fr\/wp-content\/uploads\/2017\/01\/Berlioz_Jean_08_Sans-titre-260x260.jpg 260w\" sizes=\"(max-width: 150px) 100vw, 150px\" \/><\/a>\n\t\t\t<\/div>\n\t\t\t\t<figcaption class='wp-caption-text gallery-caption' id='gallery-1-377'>\n\t\t\t\tSans titre 8\n\t\t\t\t<\/figcaption><\/figure><figure class='gallery-item'>\n\t\t\t<div class='gallery-icon landscape'>\n\t\t\t\t<a data-elementor-open-lightbox=\"yes\" data-elementor-lightbox-slideshow=\"f360f01\" data-e-action-hash=\"#elementor-action%3Aaction%3Dlightbox%26settings%3DeyJpZCI6Mzc4LCJ1cmwiOiJodHRwczpcL1wvanJiZXJsaW96LmNvbVwvZnJcL3dwLWNvbnRlbnRcL3VwbG9hZHNcLzIwMTdcLzAxXC9CZXJsaW96X0plYW5fMDlfU2Fucy10aXRyZS1lMTQ4MzU1ODQ3MzE4OC5qcGciLCJzbGlkZXNob3ciOiJmMzYwZjAxIn0%3D\" data-elementor-lightbox-title=\"Berlioz_Jean_09_Sans titre\" href='https:\/\/jrberlioz.com\/fr\/wp-content\/uploads\/2017\/01\/Berlioz_Jean_09_Sans-titre-e1483558473188.jpg'><img loading=\"lazy\" decoding=\"async\" width=\"150\" height=\"150\" src=\"https:\/\/jrberlioz.com\/fr\/wp-content\/uploads\/2017\/01\/Berlioz_Jean_09_Sans-titre-150x150.jpg\" class=\"attachment-thumbnail size-thumbnail\" alt=\"\" aria-describedby=\"gallery-1-378\" srcset=\"https:\/\/jrberlioz.com\/fr\/wp-content\/uploads\/2017\/01\/Berlioz_Jean_09_Sans-titre-150x150.jpg 150w, https:\/\/jrberlioz.com\/fr\/wp-content\/uploads\/2017\/01\/Berlioz_Jean_09_Sans-titre-e1483558473188-300x300.jpg 300w, https:\/\/jrberlioz.com\/fr\/wp-content\/uploads\/2017\/01\/Berlioz_Jean_09_Sans-titre-e1483558473188-100x100.jpg 100w, https:\/\/jrberlioz.com\/fr\/wp-content\/uploads\/2017\/01\/Berlioz_Jean_09_Sans-titre-260x260.jpg 260w\" sizes=\"(max-width: 150px) 100vw, 150px\" \/><\/a>\n\t\t\t<\/div>\n\t\t\t\t<figcaption class='wp-caption-text gallery-caption' id='gallery-1-378'>\n\t\t\t\tSans titre 9\n\t\t\t\t<\/figcaption><\/figure><figure class='gallery-item'>\n\t\t\t<div class='gallery-icon portrait'>\n\t\t\t\t<a data-elementor-open-lightbox=\"yes\" data-elementor-lightbox-slideshow=\"f360f01\" data-e-action-hash=\"#elementor-action%3Aaction%3Dlightbox%26settings%3DeyJpZCI6Mzc5LCJ1cmwiOiJodHRwczpcL1wvanJiZXJsaW96LmNvbVwvZnJcL3dwLWNvbnRlbnRcL3VwbG9hZHNcLzIwMTdcLzAxXC9CZXJsaW96X0plYW5fMTBfU2Fucy10aXRyZS1lMTQ4MzU1ODQyNzE0NC5qcGciLCJzbGlkZXNob3ciOiJmMzYwZjAxIn0%3D\" data-elementor-lightbox-title=\"Berlioz_Jean_10_Sans titre\" href='https:\/\/jrberlioz.com\/fr\/wp-content\/uploads\/2017\/01\/Berlioz_Jean_10_Sans-titre-e1483558427144.jpg'><img loading=\"lazy\" decoding=\"async\" width=\"150\" height=\"150\" src=\"https:\/\/jrberlioz.com\/fr\/wp-content\/uploads\/2017\/01\/Berlioz_Jean_10_Sans-titre-150x150.jpg\" class=\"attachment-thumbnail size-thumbnail\" alt=\"\" aria-describedby=\"gallery-1-379\" srcset=\"https:\/\/jrberlioz.com\/fr\/wp-content\/uploads\/2017\/01\/Berlioz_Jean_10_Sans-titre-150x150.jpg 150w, https:\/\/jrberlioz.com\/fr\/wp-content\/uploads\/2017\/01\/Berlioz_Jean_10_Sans-titre-e1483558427144-300x300.jpg 300w, https:\/\/jrberlioz.com\/fr\/wp-content\/uploads\/2017\/01\/Berlioz_Jean_10_Sans-titre-e1483558427144-100x100.jpg 100w, https:\/\/jrberlioz.com\/fr\/wp-content\/uploads\/2017\/01\/Berlioz_Jean_10_Sans-titre-260x260.jpg 260w\" sizes=\"(max-width: 150px) 100vw, 150px\" \/><\/a>\n\t\t\t<\/div>\n\t\t\t\t<figcaption class='wp-caption-text gallery-caption' id='gallery-1-379'>\n\t\t\t\tSans titre 10\n\t\t\t\t<\/figcaption><\/figure>\n\t\t<\/div>\n\t\t<\/div>\n\t\t\t\t\t\t<\/div>\n\t\t\t\t<\/div>\n\t\t\t\t\t<\/div>\n\t\t<\/div>\n\t\t\t\t\t<\/div>\n\t\t<\/section>\n\t\t\t\t<section class=\"elementor-section elementor-top-section elementor-element elementor-element-e341cba elementor-section-boxed elementor-section-height-default elementor-section-height-default\" data-id=\"e341cba\" data-element_type=\"section\" data-e-type=\"section\">\n\t\t\t\t\t\t<div class=\"elementor-container elementor-column-gap-default\">\n\t\t\t\t\t<div class=\"elementor-column elementor-col-100 elementor-top-column elementor-element elementor-element-a32f4d2\" data-id=\"a32f4d2\" data-element_type=\"column\" data-e-type=\"column\">\n\t\t\t<div class=\"elementor-widget-wrap elementor-element-populated\">\n\t\t\t\t\t\t<div class=\"elementor-element elementor-element-74c5d5a elementor-widget elementor-widget-text-editor\" data-id=\"74c5d5a\" data-element_type=\"widget\" data-e-type=\"widget\" data-widget_type=\"text-editor.default\">\n\t\t\t\t<div class=\"elementor-widget-container\">\n\t\t\t\t\t\t\t\t\t<p align=\"justify\">La bureautitude est une r\u00e9flexion illustr\u00e9e en images sur le comportement humain et le conditionnement \u00e0 l\u2019environnement dans le cadre de l\u2019univers professionnel administratif.<\/p><p>L\u2019ensemble de la s\u00e9rie, dans laquelle l\u2019auteur se met en sc\u00e8ne, ob\u00e9it \u00e0 un rythme qui se veut volontairement emprunt de th\u00e9\u00e2tralit\u00e9 allant crescendo, que ce soit par une posture, un rictus ou une mise en situation.<\/p><p>Ce protocole d\u00e9cal\u00e9 n\u2019a pas la pr\u00e9tention de coller \u00e0 la r\u00e9alit\u00e9 mais simplement de mettre en lumi\u00e8re les charges \u00e9motionnelles souvent contenues se rapportant \u00e0 ces lieux tout en d\u00e9dramatisant ce tissu de rapports humains.<\/p>\t\t\t\t\t\t\t\t<\/div>\n\t\t\t\t<\/div>\n\t\t\t\t\t<\/div>\n\t\t<\/div>\n\t\t\t\t\t<\/div>\n\t\t<\/section>\n\t\t\t\t<\/div>\n\t\t","protected":false},"excerpt":{"rendered":"<p>Sans titre 1 Sans titre 2 Sans titre 3 Sans titre 4 Sans titre 5 Sans titre 6 Sans titre 7 Sans titre 8 Sans titre 9 Sans titre 10 La bureautitude est une r\u00e9flexion illustr\u00e9e en images sur le comportement humain et le conditionnement \u00e0 l\u2019environnement dans le cadre de l\u2019univers professionnel administratif. L\u2019ensemble de la s\u00e9rie, dans laquelle l\u2019auteur se met en sc\u00e8ne, ob\u00e9it \u00e0 un rythme qui se veut volontairement emprunt de th\u00e9\u00e2tralit\u00e9 allant crescendo, que ce&#8230;<\/p>\n<p class=\"read-more\"><a class=\"btn btn-default\" href=\"https:\/\/jrberlioz.com\/fr\/?page_id=490\">Lire la suite<span class=\"screen-reader-text\"> Lire la suite<\/span><\/a><\/p>\n","protected":false},"author":1,"featured_media":0,"parent":0,"menu_order":0,"comment_status":"closed","ping_status":"closed","template":"","meta":{"footnotes":""},"class_list":["post-490","page","type-page","status-publish","hentry"],"_links":{"self":[{"href":"https:\/\/jrberlioz.com\/fr\/index.php?rest_route=\/wp\/v2\/pages\/490","targetHints":{"allow":["GET"]}}],"collection":[{"href":"https:\/\/jrberlioz.com\/fr\/index.php?rest_route=\/wp\/v2\/pages"}],"about":[{"href":"https:\/\/jrberlioz.com\/fr\/index.php?rest_route=\/wp\/v2\/types\/page"}],"author":[{"embeddable":true,"href":"https:\/\/jrberlioz.com\/fr\/index.php?rest_route=\/wp\/v2\/users\/1"}],"replies":[{"embeddable":true,"href":"https:\/\/jrberlioz.com\/fr\/index.php?rest_route=%2Fwp%2Fv2%2Fcomments&post=490"}],"version-history":[{"count":16,"href":"https:\/\/jrberlioz.com\/fr\/index.php?rest_route=\/wp\/v2\/pages\/490\/revisions"}],"predecessor-version":[{"id":4747,"href":"https:\/\/jrberlioz.com\/fr\/index.php?rest_route=\/wp\/v2\/pages\/490\/revisions\/4747"}],"wp:attachment":[{"href":"https:\/\/jrberlioz.com\/fr\/index.php?rest_route=%2Fwp%2Fv2%2Fmedia&parent=490"}],"curies":[{"name":"wp","href":"https:\/\/api.w.org\/{rel}","templated":true}]}}