{"id":364,"date":"2017-01-04T19:57:04","date_gmt":"2017-01-04T18:57:04","guid":{"rendered":"http:\/\/jrberlioz.com\/fr\/?page_id=364"},"modified":"2017-01-16T20:24:45","modified_gmt":"2017-01-16T19:24:45","slug":"couleur","status":"publish","type":"page","link":"https:\/\/jrberlioz.com\/fr\/?page_id=364","title":{"rendered":"COULEUR"},"content":{"rendered":"<p>La globalit\u00e9 des photographies pr\u00e9sent\u00e9es sont des tirages num\u00e9riques.<\/p>\n","protected":false},"excerpt":{"rendered":"<p>La globalit\u00e9 des photographies pr\u00e9sent\u00e9es sont des tirages num\u00e9riques.<\/p>\n","protected":false},"author":1,"featured_media":0,"parent":0,"menu_order":0,"comment_status":"closed","ping_status":"closed","template":"","meta":{"footnotes":""},"class_list":["post-364","page","type-page","status-publish","hentry"],"_links":{"self":[{"href":"https:\/\/jrberlioz.com\/fr\/index.php?rest_route=\/wp\/v2\/pages\/364","targetHints":{"allow":["GET"]}}],"collection":[{"href":"https:\/\/jrberlioz.com\/fr\/index.php?rest_route=\/wp\/v2\/pages"}],"about":[{"href":"https:\/\/jrberlioz.com\/fr\/index.php?rest_route=\/wp\/v2\/types\/page"}],"author":[{"embeddable":true,"href":"https:\/\/jrberlioz.com\/fr\/index.php?rest_route=\/wp\/v2\/users\/1"}],"replies":[{"embeddable":true,"href":"https:\/\/jrberlioz.com\/fr\/index.php?rest_route=%2Fwp%2Fv2%2Fcomments&post=364"}],"version-history":[{"count":2,"href":"https:\/\/jrberlioz.com\/fr\/index.php?rest_route=\/wp\/v2\/pages\/364\/revisions"}],"predecessor-version":[{"id":464,"href":"https:\/\/jrberlioz.com\/fr\/index.php?rest_route=\/wp\/v2\/pages\/364\/revisions\/464"}],"wp:attachment":[{"href":"https:\/\/jrberlioz.com\/fr\/index.php?rest_route=%2Fwp%2Fv2%2Fmedia&parent=364"}],"curies":[{"name":"wp","href":"https:\/\/api.w.org\/{rel}","templated":true}]}}