{"id":202,"date":"2016-05-29T16:38:27","date_gmt":"2016-05-29T14:38:27","guid":{"rendered":"http:\/\/jrberlioz.com\/fr\/?page_id=202"},"modified":"2017-01-18T19:17:09","modified_gmt":"2017-01-18T18:17:09","slug":"galerie","status":"publish","type":"page","link":"https:\/\/jrberlioz.com\/fr\/?page_id=202","title":{"rendered":"NOIR ET BLANC"},"content":{"rendered":"<p>La globalit\u00e9 des photographies pr\u00e9sent\u00e9es sont des tirages argentiques num\u00e9ris\u00e9s pour les besoins du site.<\/p>\n<p>Sur la base du n\u00e9gatif, chaque \u00e9preuve est invariablement tir\u00e9e sur support baryt\u00e9.<\/p>\n","protected":false},"excerpt":{"rendered":"<p>La globalit\u00e9 des photographies pr\u00e9sent\u00e9es sont des tirages argentiques num\u00e9ris\u00e9s pour les besoins du site. Sur la base du n\u00e9gatif, chaque \u00e9preuve est invariablement tir\u00e9e sur support baryt\u00e9.<\/p>\n","protected":false},"author":1,"featured_media":0,"parent":0,"menu_order":3,"comment_status":"closed","ping_status":"closed","template":"page-templates\/full-width.php","meta":{"footnotes":""},"class_list":["post-202","page","type-page","status-publish","hentry"],"_links":{"self":[{"href":"https:\/\/jrberlioz.com\/fr\/index.php?rest_route=\/wp\/v2\/pages\/202","targetHints":{"allow":["GET"]}}],"collection":[{"href":"https:\/\/jrberlioz.com\/fr\/index.php?rest_route=\/wp\/v2\/pages"}],"about":[{"href":"https:\/\/jrberlioz.com\/fr\/index.php?rest_route=\/wp\/v2\/types\/page"}],"author":[{"embeddable":true,"href":"https:\/\/jrberlioz.com\/fr\/index.php?rest_route=\/wp\/v2\/users\/1"}],"replies":[{"embeddable":true,"href":"https:\/\/jrberlioz.com\/fr\/index.php?rest_route=%2Fwp%2Fv2%2Fcomments&post=202"}],"version-history":[{"count":5,"href":"https:\/\/jrberlioz.com\/fr\/index.php?rest_route=\/wp\/v2\/pages\/202\/revisions"}],"predecessor-version":[{"id":463,"href":"https:\/\/jrberlioz.com\/fr\/index.php?rest_route=\/wp\/v2\/pages\/202\/revisions\/463"}],"wp:attachment":[{"href":"https:\/\/jrberlioz.com\/fr\/index.php?rest_route=%2Fwp%2Fv2%2Fmedia&parent=202"}],"curies":[{"name":"wp","href":"https:\/\/api.w.org\/{rel}","templated":true}]}}